{"id":3685,"date":"2024-07-29T12:19:27","date_gmt":"2024-07-29T16:19:27","guid":{"rendered":"https:\/\/buyhouseez.com\/es\/?page_id=3685"},"modified":"2024-07-29T17:02:24","modified_gmt":"2024-07-29T21:02:24","slug":"politica-de-privacidad","status":"publish","type":"page","link":"https:\/\/buyhouseez.com\/es\/politica-de-privacidad\/","title":{"rendered":"Pol\u00edtica de Privacidad"},"content":{"rendered":"\t\t<div data-elementor-type=\"wp-page\" data-elementor-id=\"3685\" class=\"elementor elementor-3685\" data-elementor-post-type=\"page\">\n\t\t\t\t<div class=\"elementor-element elementor-element-bd97926 e-flex e-con-boxed e-con e-parent\" data-id=\"bd97926\" data-element_type=\"container\">\n\t\t\t\t\t<div class=\"e-con-inner\">\n\t\t\t\t<div class=\"elementor-element elementor-element-2e7d56d elementor-widget elementor-widget-text-editor\" data-id=\"2e7d56d\" data-element_type=\"widget\" data-widget_type=\"text-editor.default\">\n\t\t\t\t<div class=\"elementor-widget-container\">\n\t\t\t\t\t\t\t<p>Pol\u00edtica de Privacidad<br>Bienvenido al sitio www.buyhouseez.com (el \u201cSitio\u201d) propiedad y operado por OwnEZ, Inc. (en adelante denominado \u201cOwnEZ\u201d, \u201cnosotros\u201d y\/o \u201cnuestro\u201d). Toda la informaci\u00f3n, comunicaciones, software, guiones, fotos, textos, videos, gr\u00e1ficos, im\u00e1genes y otros materiales y servicios que se encuentran en el Sitio y en sitios web vinculados a este Sitio (colectivamente, el \u201cContenido\u201d) es para el uso de los clientes, empleados y miembros del p\u00fablico en general de OwnEZ.<\/p>\n<p><strong>ACEPTACI\u00d3N DE LOS T\u00c9RMINOS DEL CONTRATO<\/strong><\/p>\n<p>El objetivo del Sitio es proporcionar un mercado para que clientes, compradores y vendedores se conecten e interact\u00faen con proveedores de servicios de bienes ra\u00edces residenciales, incluidos, entre otros, agentes inmobiliarios (REALTORS), corredores de bienes ra\u00edces, corredores hipotecarios y prestamistas, empresas de inspecci\u00f3n de propiedades y empresas de t\u00edtulos. Para promover un entorno seguro y no ofensivo para todos los visitantes del Sitio, hemos establecido estos t\u00e9rminos de uso (\u201cT\u00e9rminos de Uso\u201d).<\/p>\n<p>A cambio de usar el Sitio, usted acepta estar sujeto exclusivamente a estos t\u00e9rminos de uso y cumplir con todas las leyes y regulaciones aplicables. Usted declara que tiene la autoridad legal para aceptar estos T\u00e9rminos de Uso del Sitio en nombre de usted mismo o de cualquier parte que represente. Si alguna disposici\u00f3n de estos T\u00e9rminos de Uso del Sitio es considerada inv\u00e1lida por cualquier ley, regla, orden o regulaci\u00f3n de cualquier gobierno o por la determinaci\u00f3n final de cualquier tribunal estatal o federal, dicha invalidez no afectar\u00e1 la aplicabilidad de cualquier otra disposici\u00f3n de los T\u00e9rminos de Uso del Sitio.<\/p>\n<p>Si no est\u00e1 de acuerdo con estos t\u00e9rminos, por favor no utilice el Sitio.<\/p>\n<p>El Sitio es controlado y operado en su totalidad o en parte por OwnEZ, Inc. AL ACCEDER AL SITIO USTED ACEPTA QUE LAS LEYES DE LOS ESTADOS UNIDOS Y DEL ESTADO DE INDIANA, EE.UU., SIN CONSIDERAR PRINCIPIOS DE CONFLICTOS DE LEYES, SE APLICAR\u00c1N A TODOS LOS ASUNTOS RELACIONADOS CON EL USO DEL SITIO, Y ACEPTA QUE CUALQUIER LITIGIO RELACIONADO CON EL USO DEL SITIO ESTAR\u00c1 SUJETO A LA JURISDICCI\u00d3N EXCLUSIVA DE LOS TRIBUNALES ESTATALES O FEDERALES EN INDIANA, EE.UU. Aquellos que accedan al Sitio desde otras ubicaciones lo hacen bajo su propio riesgo y son responsables de cumplir con las leyes locales aplicables. No hacemos ninguna declaraci\u00f3n de que el Contenido en el Sitio sea apropiado o est\u00e9 disponible para su uso en otras ubicaciones o que el acceso a \u00e9l desde fuera de EE.UU. sea legal.<\/p>\n<p>Como condici\u00f3n de su uso del Sitio, usted garantiza a OwnEZ que no utilizar\u00e1 el Sitio para ning\u00fan prop\u00f3sito que sea ilegal o est\u00e9 prohibido por los t\u00e9rminos, condiciones y avisos contenidos en este documento o que da\u00f1e a OwnEZ, sus accionistas, directores, empleados, representantes, agentes, proveedores de servicios asociados, proveedores u otros usuarios.<\/p>\n<p>Usted acepta no usar el Sitio de ninguna manera que viole cualquier otra pol\u00edtica en l\u00ednea o aviso publicado en este Sitio. Usted acepta no distribuir ni publicar spam, cartas en cadena, esquemas piramidales o comunicaciones similares a trav\u00e9s del Sitio o cualquiera de sus conexiones de terceros. Usted acepta no hacerse pasar por otra persona ni falsear su afiliaci\u00f3n con otra persona o entidad. Usted acepta no proporcionar, publicar o autorizar un enlace al Sitio, incluyendo pero no limit\u00e1ndose a su p\u00e1gina, desde un sitio web de terceros que no sea un sitio web relacionado con bienes ra\u00edces propiedad o operado por un profesional o instituci\u00f3n de bienes ra\u00edces o pr\u00e9stamos.<\/p>\n<p>No deber\u00e1, en ning\u00fan momento, (a) realizar ingenier\u00eda inversa, descompilar o desensamblar cualquier parte del Sitio o alterar de alguna manera el funcionamiento del Sitio, o (b) insertar o hacer uso de cualquier tipo de dispositivo de desactivaci\u00f3n, incluidos, pero no limitados a, virus, gusanos, caballos de Troya, bombas de tiempo, cancelbots o cualquier dispositivo similar que pueda da\u00f1ar, interferir o alterar el correcto funcionamiento del Sitio. Usted reconoce que nos reservamos el derecho, a nuestra \u00fanica discreci\u00f3n, de rechazar o terminar el acceso al Sitio en cualquier momento.<\/p>\n<p><strong>RESTRICCIONES DE USO<\/strong><\/p>\n<p>El Sitio solo puede ser utilizado para transacciones de bienes ra\u00edces residenciales y no puede ser utilizado para transacciones de bienes ra\u00edces comerciales, que incluyen, sin limitaci\u00f3n, propiedades comerciales, tiempos compartidos y alquileres vacacionales. El uso comercial de los profesionales de bienes ra\u00edces y pr\u00e9stamos se limita a proporcionar informaci\u00f3n y servicios a los consumidores a trav\u00e9s del Sitio o, cuando est\u00e9 autorizado, a tomar acciones en nombre de un cliente consumidor.<\/p>\n<p><strong>REVISI\u00d3NES<\/strong><\/p>\n<p>La fecha de entrada en vigor de los siguientes T\u00e9rminos de Uso es el 9 de diciembre de 2016. Cada vez que use el Sitio, se aplicar\u00e1 la versi\u00f3n actual de la pol\u00edtica. En consecuencia, cuando use el Sitio, debe verificar la fecha de esta pol\u00edtica y revisar cualquier cambio desde la \u00faltima versi\u00f3n. OwnEZ se reserva el derecho de cambiar estos T\u00e9rminos de Uso en cualquier momento a su exclusivo criterio. Cualquier cambio ser\u00e1 efectivo inmediatamente despu\u00e9s de publicar la versi\u00f3n revisada de estos T\u00e9rminos de Uso en el Sitio. Su uso continuado del Sitio despu\u00e9s de la efectividad de dichos cambios constituir\u00e1 su aceptaci\u00f3n de y acuerdo con dichos cambios. Usted renuncia adem\u00e1s a cualquier derecho que pueda tener de recibir un aviso espec\u00edfico de tales cambios a estos T\u00e9rminos de Uso. Usted es responsable de revisar regularmente estos T\u00e9rminos de Uso. Podemos modificar, suspender o descontinuar el Sitio en cualquier momento para usted y\/o para otros, sin previo aviso.<\/p>\n<p><strong>ENV\u00cdOS DE INFORMACI\u00d3N<\/strong><\/p>\n<p>Al completar un formulario de contacto o solicitud en nuestro sitio web, no vendemos ni compartimos datos con terceros. Es importante mencionar que durante las etapas posteriores del proceso de pr\u00e9stamo, podemos compartir informaci\u00f3n limitada con nuestros afiliados de confianza estrictamente para fines relacionados con el negocio.<\/p>\n<p>Aseg\u00farese de que OwnEZ no vende ninguna informaci\u00f3n proporcionada a trav\u00e9s del Sitio a terceros.&nbsp;<span dir=\"ltr\">Estos afiliados pueden incluir, pero no se limitan a, compa\u00f1\u00edas de seguros y otros proveedores de servicios financieros. La informaci\u00f3n compartida ser\u00e1 \u00fanicamente la necesaria para facilitar el proceso de pr\u00e9stamo y garantizar el cumplimiento de las normativas relevantes.<\/span>&nbsp;Cualquier dato compartido con los afiliados se realiza de acuerdo con nuestra Pol\u00edtica de Privacidad y es \u00fanicamente con el prop\u00f3sito de llevar a cabo actividades comerciales relacionadas con los servicios proporcionados por OwnEZ. Su privacidad y seguridad son de suma importancia para nosotros, y tomamos todas las medidas para garantizar que su informaci\u00f3n se maneje de manera responsable y cumpla con las leyes y regulaciones aplicables.<\/p>\n<p>Usted acepta asumir el riesgo de seguridad por cualquier informaci\u00f3n que proporcione usando el Sitio.<\/p>\n<p>Si elige participar en el programa OwnEZ a y\/o a trav\u00e9s del uso de este Sitio, usted autoriza a OwnEZ a recopilar cierta informaci\u00f3n personal identificativa, incluyendo, pero no limitada a, la finalizaci\u00f3n de una solicitud de pr\u00e9stamo residencial, para proporcionar a un oficial de pr\u00e9stamos licenciado afiliado para an\u00e1lisis y determinaci\u00f3n de pre-calificaci\u00f3n. Usted entiende y reconoce que cualquier pre-calificaci\u00f3n y t\u00e9rminos de financiamiento presentados por OwnEZ no son vinculantes y pueden basarse en ciertas suposiciones. Usted entiende y reconoce que los est\u00e1ndares de aprobaci\u00f3n son establecidos y mantenidos por nuestros prestamistas afiliados y que OwnEZ no tiene control ni participaci\u00f3n en los est\u00e1ndares de aprobaci\u00f3n de financiamiento de cualquier prestamista. OwnEZ no ha hecho promesas ni garant\u00edas sobre su aprobaci\u00f3n o capacidad para obtener un pr\u00e9stamo a trav\u00e9s de cualquier prestamista afiliado asociado con este Sitio. Nada contenido en o a trav\u00e9s del Sitio es una oferta de pr\u00e9stamo o un compromiso de pr\u00e9stamo.<\/p>\n<p>Los prestamistas afiliados que participan en el Sitio son los \u00fanicos responsables de sus servicios a los consumidores. OwnEZ no ser\u00e1 responsable por ning\u00fan da\u00f1o o costo de ning\u00fan tipo que surja de o est\u00e9 relacionado de alguna manera con el uso del Sitio por parte de cualquier consumidor o los servicios ofrecidos por los prestamistas afiliados. OwnEZ no es responsable por errores o demoras causadas por consumidores o cualquier prestamista en el proceso de pr\u00e9stamo. OwnEZ se reserva el derecho, en cualquier momento y a su exclusivo criterio, de descontinuar, suspender o terminar la participaci\u00f3n de cualquier prestamista afiliado u otro usuario del uso o participaci\u00f3n, enlace o acceso de otro modo al Sitio ofrecido por OwnEZ.<\/p>\n<p><b>Intercambio de informaci\u00f3n<\/b><br><\/p>\n<p><span class=\"ui-provider gt qa ma qb qc qd qe qf qg qh qi qj qk ql qm qn qo qp qq qr qs qt qu qv qw qx qy qz ra rb rc rd re rf rg\" dir=\"ltr\">No se compartir\u00e1 informaci\u00f3n m\u00f3vil con terceros\/afiliados para fines de marketing\/promoci\u00f3n. Todas las categor\u00edas mencionadas anteriormente excluyen los datos de consentimiento y la informaci\u00f3n de opt-in de mensajer\u00eda de texto; esta informaci\u00f3n no ser\u00e1 compartida con ning\u00fan tercero.&nbsp;<\/span><br><\/p>\n<p><strong>REFERENCIAS DE TERCEROS \/ ENLACES A OTROS SITIOS WEB<\/strong><\/p>\n<p>No somos responsables por las pr\u00e1cticas empleadas por sitios web vinculados a o desde nuestro Sitio ni por ning\u00fan servicio, incluyendo la informaci\u00f3n o contenido all\u00ed contenido (colectivamente, \u201cSitios de Terceros\u201d). Por favor, recuerde que cuando usa un enlace para ir de nuestro Sitio a un Sitio de Terceros, nuestros T\u00e9rminos de Uso ya no est\u00e1n en efecto. Su navegaci\u00f3n e interacci\u00f3n en cualquier Sitio de Terceros, incluyendo aquellos que tienen un enlace en nuestro Sitio, est\u00e1 sujeta a las reglas y pol\u00edticas de ese Sitio de Terceros. Por favor, lea esas reglas y pol\u00edticas antes de proceder, ya que estos sitios web pueden contener informaci\u00f3n o material que algunas personas pueden encontrar inapropiado u ofensivo. Estos otros sitios web no est\u00e1n bajo el control de OwnEZ, y usted reconoce que OwnEZ no hace garant\u00edas ni representaciones en cuanto a, y no tendr\u00e1 ninguna responsabilidad por, ning\u00fan contenido electr\u00f3nico<\/p>\n<p><br><\/p>\n<p><\/p>\t\t\t\t\t\t<\/div>\n\t\t\t\t<\/div>\n\t\t\t\t\t<\/div>\n\t\t\t\t<\/div>\n\t\t\t\t<\/div>\n\t\t","protected":false},"excerpt":{"rendered":"<p>Pol\u00edtica de PrivacidadBienvenido al sitio www.buyhouseez.com (el \u201cSitio\u201d) propiedad y operado por OwnEZ, Inc. (en adelante denominado \u201cOwnEZ\u201d, \u201cnosotros\u201d y\/o \u201cnuestro\u201d). Toda la informaci\u00f3n, comunicaciones, software, guiones, fotos, textos, videos, gr\u00e1ficos, im\u00e1genes y otros materiales y servicios que se encuentran en el Sitio y en sitios web vinculados a este Sitio (colectivamente, el \u201cContenido\u201d) es [&hellip;]<\/p>\n","protected":false},"author":19,"featured_media":0,"parent":0,"menu_order":0,"comment_status":"closed","ping_status":"closed","template":"","meta":{"footnotes":""},"class_list":["post-3685","page","type-page","status-publish","hentry"],"_links":{"self":[{"href":"https:\/\/buyhouseez.com\/es\/wp-json\/wp\/v2\/pages\/3685","targetHints":{"allow":["GET"]}}],"collection":[{"href":"https:\/\/buyhouseez.com\/es\/wp-json\/wp\/v2\/pages"}],"about":[{"href":"https:\/\/buyhouseez.com\/es\/wp-json\/wp\/v2\/types\/page"}],"author":[{"embeddable":true,"href":"https:\/\/buyhouseez.com\/es\/wp-json\/wp\/v2\/users\/19"}],"replies":[{"embeddable":true,"href":"https:\/\/buyhouseez.com\/es\/wp-json\/wp\/v2\/comments?post=3685"}],"version-history":[{"count":10,"href":"https:\/\/buyhouseez.com\/es\/wp-json\/wp\/v2\/pages\/3685\/revisions"}],"predecessor-version":[{"id":3697,"href":"https:\/\/buyhouseez.com\/es\/wp-json\/wp\/v2\/pages\/3685\/revisions\/3697"}],"wp:attachment":[{"href":"https:\/\/buyhouseez.com\/es\/wp-json\/wp\/v2\/media?parent=3685"}],"curies":[{"name":"wp","href":"https:\/\/api.w.org\/{rel}","templated":true}]}}