{"id":2791,"date":"2024-02-08T10:16:50","date_gmt":"2024-02-08T14:16:50","guid":{"rendered":"https:\/\/buyhouseez.com\/es\/?page_id=2791"},"modified":"2025-07-18T18:01:51","modified_gmt":"2025-07-18T22:01:51","slug":"new-mexico","status":"publish","type":"page","link":"https:\/\/buyhouseez.com\/es\/new-mexico\/","title":{"rendered":"New Mexico"},"content":{"rendered":"\t\t<div data-elementor-type=\"wp-page\" data-elementor-id=\"2791\" class=\"elementor elementor-2791\" data-elementor-post-type=\"page\">\n\t\t\t\t<div class=\"elementor-element elementor-element-8cd1e1b e-flex e-con-boxed e-con e-parent\" data-id=\"8cd1e1b\" data-element_type=\"container\">\n\t\t\t\t\t<div class=\"e-con-inner\">\n\t\t\t\t<div class=\"elementor-element elementor-element-04a8cb2 elementor-widget__width-initial elementor-widget elementor-widget-heading\" data-id=\"04a8cb2\" data-element_type=\"widget\" data-widget_type=\"heading.default\">\n\t\t\t\t<div class=\"elementor-widget-container\">\n\t\t\t<h2 class=\"elementor-heading-title elementor-size-default\">Financiamiento de casas sin verificaci\u00f3n de cr\u00e9dito para individuos con ITIN en New Mexico<\/h2>\t\t<\/div>\n\t\t\t\t<\/div>\n\t\t\t\t\t<\/div>\n\t\t\t\t<\/div>\n\t\t<div class=\"elementor-element elementor-element-78a3030 e-con-full e-flex e-con e-parent\" data-id=\"78a3030\" data-element_type=\"container\" data-settings=\"{&quot;background_background&quot;:&quot;classic&quot;}\">\n\t\t\t\t<div class=\"elementor-element elementor-element-efe0ba2 elementor-widget__width-initial elementor-widget elementor-widget-text-editor\" data-id=\"efe0ba2\" data-element_type=\"widget\" data-widget_type=\"text-editor.default\">\n\t\t\t\t<div class=\"elementor-widget-container\">\n\t\t\t\t\t\t\t<p>En BuyHouseEZ, capacitamos a personas trabajadoras para lograr la comprar su casa, sin verificar el puntaje crediticio. Personalizamos la experiencia para que se ajuste a tu estilo de vida \u00fanico, todo dentro del contexto de la vibrante diversidad cultural de New Mexico.<\/p>\t\t\t\t\t\t<\/div>\n\t\t\t\t<\/div>\n\t\t\t\t<div class=\"elementor-element elementor-element-1aa6b51 elementor-align-center elementor-widget__width-initial elementor-widget elementor-widget-button\" data-id=\"1aa6b51\" data-element_type=\"widget\" data-widget_type=\"button.default\">\n\t\t\t\t<div class=\"elementor-widget-container\">\n\t\t\t\t\t<div class=\"elementor-button-wrapper\">\n\t\t\t<a class=\"elementor-button elementor-button-link elementor-size-sm\" href=\"#elementor-action%3Aaction%3Dpopup%3Aopen%26settings%3DeyJpZCI6IjI2ODAiLCJ0b2dnbGUiOmZhbHNlfQ%3D%3D\">\n\t\t\t\t\t\t<span class=\"elementor-button-content-wrapper\">\n\t\t\t\t\t\t\t\t\t<span class=\"elementor-button-text\">\u00a1Aprueba ahora!<\/span>\n\t\t\t\t\t<\/span>\n\t\t\t\t\t<\/a>\n\t\t<\/div>\n\t\t\t\t<\/div>\n\t\t\t\t<\/div>\n\t\t\t\t<\/div>\n\t\t<div class=\"elementor-element elementor-element-782b74c e-flex e-con-boxed e-con e-parent\" data-id=\"782b74c\" data-element_type=\"container\" data-settings=\"{&quot;background_background&quot;:&quot;classic&quot;}\">\n\t\t\t\t\t<div class=\"e-con-inner\">\n\t\t\t\t<div class=\"elementor-element elementor-element-eae1adc elementor-widget elementor-widget-spacer\" data-id=\"eae1adc\" data-element_type=\"widget\" data-widget_type=\"spacer.default\">\n\t\t\t\t<div class=\"elementor-widget-container\">\n\t\t\t\t\t<div class=\"elementor-spacer\">\n\t\t\t<div class=\"elementor-spacer-inner\"><\/div>\n\t\t<\/div>\n\t\t\t\t<\/div>\n\t\t\t\t<\/div>\n\t\t\t\t<div class=\"elementor-element elementor-element-23ee1f0 elementor-widget elementor-widget-heading\" data-id=\"23ee1f0\" data-element_type=\"widget\" data-widget_type=\"heading.default\">\n\t\t\t\t<div class=\"elementor-widget-container\">\n\t\t\t<h2 class=\"elementor-heading-title elementor-size-default\">Descubre los Mejores Vecindarios en New Mexico<\/h2>\t\t<\/div>\n\t\t\t\t<\/div>\n\t\t\t\t<div class=\"elementor-element elementor-element-d729aac elementor-widget elementor-widget-spacer\" data-id=\"d729aac\" data-element_type=\"widget\" data-widget_type=\"spacer.default\">\n\t\t\t\t<div class=\"elementor-widget-container\">\n\t\t\t\t\t<div class=\"elementor-spacer\">\n\t\t\t<div class=\"elementor-spacer-inner\"><\/div>\n\t\t<\/div>\n\t\t\t\t<\/div>\n\t\t\t\t<\/div>\n\t\t\t\t<div class=\"elementor-element elementor-element-8a7643c elementor-widget elementor-widget-heading\" data-id=\"8a7643c\" data-element_type=\"widget\" data-widget_type=\"heading.default\">\n\t\t\t\t<div class=\"elementor-widget-container\">\n\t\t\t<h2 class=\"elementor-heading-title elementor-size-default\">Albuquerque, NM<\/h2>\t\t<\/div>\n\t\t\t\t<\/div>\n\t\t\t\t<div class=\"elementor-element elementor-element-d940e86 elementor-widget elementor-widget-image\" data-id=\"d940e86\" data-element_type=\"widget\" data-widget_type=\"image.default\">\n\t\t\t\t<div class=\"elementor-widget-container\">\n\t\t\t\t\t\t\t\t\t\t\t\t\t<img fetchpriority=\"high\" decoding=\"async\" width=\"768\" height=\"512\" src=\"https:\/\/buyhouseez.com\/es\/wp-content\/uploads\/sites\/2\/2024\/02\/R-2-768x512.jpg\" class=\"attachment-medium_large size-medium_large wp-image-3120\" alt=\"Albuquerque, NM\" srcset=\"https:\/\/buyhouseez.com\/es\/wp-content\/uploads\/sites\/2\/2024\/02\/R-2-768x512.jpg 768w, https:\/\/buyhouseez.com\/es\/wp-content\/uploads\/sites\/2\/2024\/02\/R-2-300x200.jpg 300w, https:\/\/buyhouseez.com\/es\/wp-content\/uploads\/sites\/2\/2024\/02\/R-2-1030x687.jpg 1030w, https:\/\/buyhouseez.com\/es\/wp-content\/uploads\/sites\/2\/2024\/02\/R-2-1536x1024.jpg 1536w, https:\/\/buyhouseez.com\/es\/wp-content\/uploads\/sites\/2\/2024\/02\/R-2-2048x1365.jpg 2048w, https:\/\/buyhouseez.com\/es\/wp-content\/uploads\/sites\/2\/2024\/02\/R-2-150x100.jpg 150w\" sizes=\"(max-width: 768px) 100vw, 768px\" \/>\t\t\t\t\t\t\t\t\t\t\t\t\t<\/div>\n\t\t\t\t<\/div>\n\t\t\t\t<div class=\"elementor-element elementor-element-01ed1db elementor-widget elementor-widget-text-editor\" data-id=\"01ed1db\" data-element_type=\"widget\" data-widget_type=\"text-editor.default\">\n\t\t\t\t<div class=\"elementor-widget-container\">\n\t\t\t\t\t\t\t<p>Las tasas de apreciaci\u00f3n de las viviendas en Albuquerque se han mantenido por encima del promedio durante los \u00faltimos diez a\u00f1os, seg\u00fan datos de NeighborhoodScout. La tasa de apreciaci\u00f3n acumulada a lo largo de los diez a\u00f1os ha sido del 85,93%, lo que la sit\u00faa entre el 50% superior a nivel nacional. Esto equivale a una tasa de apreciaci\u00f3n de la vivienda promedio anual en Albuquerque del 6,40%.<\/p>\t\t\t\t\t\t<\/div>\n\t\t\t\t<\/div>\n\t\t\t\t\t<\/div>\n\t\t\t\t<\/div>\n\t\t<div class=\"elementor-element elementor-element-945d6e2 e-flex e-con-boxed e-con e-parent\" data-id=\"945d6e2\" data-element_type=\"container\">\n\t\t\t\t\t<div class=\"e-con-inner\">\n\t\t\t\t<div class=\"elementor-element elementor-element-1acad3c elementor-widget elementor-widget-spacer\" data-id=\"1acad3c\" data-element_type=\"widget\" data-widget_type=\"spacer.default\">\n\t\t\t\t<div class=\"elementor-widget-container\">\n\t\t\t\t\t<div class=\"elementor-spacer\">\n\t\t\t<div class=\"elementor-spacer-inner\"><\/div>\n\t\t<\/div>\n\t\t\t\t<\/div>\n\t\t\t\t<\/div>\n\t\t\t\t<div class=\"elementor-element elementor-element-dbcdabd elementor-widget elementor-widget-heading\" data-id=\"dbcdabd\" data-element_type=\"widget\" data-widget_type=\"heading.default\">\n\t\t\t\t<div class=\"elementor-widget-container\">\n\t\t\t<h2 class=\"elementor-heading-title elementor-size-default\">\u00bfDificultades para obtener una hipoteca de los bancos?<\/h2>\t\t<\/div>\n\t\t\t\t<\/div>\n\t\t\t\t\t<\/div>\n\t\t\t\t<\/div>\n\t\t<div class=\"elementor-element elementor-element-0b7bd7b e-grid e-con-boxed e-con e-parent\" data-id=\"0b7bd7b\" data-element_type=\"container\">\n\t\t\t\t\t<div class=\"e-con-inner\">\n\t\t\t\t<div class=\"elementor-element elementor-element-ded5313 elementor-position-top elementor-widget elementor-widget-image-box\" data-id=\"ded5313\" data-element_type=\"widget\" data-widget_type=\"image-box.default\">\n\t\t\t\t<div class=\"elementor-widget-container\">\n\t\t\t<div class=\"elementor-image-box-wrapper\"><figure class=\"elementor-image-box-img\"><img decoding=\"async\" width=\"916\" height=\"846\" src=\"https:\/\/buyhouseez.com\/es\/wp-content\/uploads\/sites\/2\/2023\/11\/TAX-RETURNS.png\" class=\"attachment-full size-full wp-image-2117\" alt=\"Limited Credit History\" srcset=\"https:\/\/buyhouseez.com\/es\/wp-content\/uploads\/sites\/2\/2023\/11\/TAX-RETURNS.png 916w, https:\/\/buyhouseez.com\/es\/wp-content\/uploads\/sites\/2\/2023\/11\/TAX-RETURNS-300x277.png 300w, https:\/\/buyhouseez.com\/es\/wp-content\/uploads\/sites\/2\/2023\/11\/TAX-RETURNS-768x709.png 768w, https:\/\/buyhouseez.com\/es\/wp-content\/uploads\/sites\/2\/2023\/11\/TAX-RETURNS-150x139.png 150w\" sizes=\"(max-width: 916px) 100vw, 916px\" \/><\/figure><div class=\"elementor-image-box-content\"><h3 class=\"elementor-image-box-title\">Historial crediticio limitado<\/h3><p class=\"elementor-image-box-description\">Los prestamistas tradicionales \nsuelen requerir un historial \ncrediticio bueno para la \naprobaci\u00f3n del pr\u00e9stamo.<\/p><\/div><\/div>\t\t<\/div>\n\t\t\t\t<\/div>\n\t\t\t\t<div class=\"elementor-element elementor-element-0581cfa elementor-position-top elementor-widget elementor-widget-image-box\" data-id=\"0581cfa\" data-element_type=\"widget\" data-widget_type=\"image-box.default\">\n\t\t\t\t<div class=\"elementor-widget-container\">\n\t\t\t<div class=\"elementor-image-box-wrapper\"><figure class=\"elementor-image-box-img\"><img decoding=\"async\" width=\"836\" height=\"896\" src=\"https:\/\/buyhouseez.com\/es\/wp-content\/uploads\/sites\/2\/2023\/11\/ID-ISSUED-BY-THE-GOVERNMENT.png\" class=\"attachment-full size-full wp-image-2116\" alt=\"ITIN Holders\" srcset=\"https:\/\/buyhouseez.com\/es\/wp-content\/uploads\/sites\/2\/2023\/11\/ID-ISSUED-BY-THE-GOVERNMENT.png 836w, https:\/\/buyhouseez.com\/es\/wp-content\/uploads\/sites\/2\/2023\/11\/ID-ISSUED-BY-THE-GOVERNMENT-280x300.png 280w, https:\/\/buyhouseez.com\/es\/wp-content\/uploads\/sites\/2\/2023\/11\/ID-ISSUED-BY-THE-GOVERNMENT-768x823.png 768w, https:\/\/buyhouseez.com\/es\/wp-content\/uploads\/sites\/2\/2023\/11\/ID-ISSUED-BY-THE-GOVERNMENT-150x161.png 150w\" sizes=\"(max-width: 836px) 100vw, 836px\" \/><\/figure><div class=\"elementor-image-box-content\"><h3 class=\"elementor-image-box-title\">Personas con N\u00fameros ITIN<\/h3><p class=\"elementor-image-box-description\">Trabajadores con ITIN enfrentan desaf\u00edos al \nacceder a financiamiento para vivienda \ndebido a la ausencia de un N\u00famero de \nSeguro Social.<\/p><\/div><\/div>\t\t<\/div>\n\t\t\t\t<\/div>\n\t\t\t\t<div class=\"elementor-element elementor-element-d141a01 elementor-position-top elementor-widget elementor-widget-image-box\" data-id=\"d141a01\" data-element_type=\"widget\" data-widget_type=\"image-box.default\">\n\t\t\t\t<div class=\"elementor-widget-container\">\n\t\t\t<div class=\"elementor-image-box-wrapper\"><figure class=\"elementor-image-box-img\"><img loading=\"lazy\" decoding=\"async\" width=\"872\" height=\"870\" src=\"https:\/\/buyhouseez.com\/es\/wp-content\/uploads\/sites\/2\/2023\/11\/INCREASE-YOUR-CLOSINGS.png\" class=\"attachment-full size-full wp-image-2101\" alt=\"Chronic Renters\" srcset=\"https:\/\/buyhouseez.com\/es\/wp-content\/uploads\/sites\/2\/2023\/11\/INCREASE-YOUR-CLOSINGS.png 872w, https:\/\/buyhouseez.com\/es\/wp-content\/uploads\/sites\/2\/2023\/11\/INCREASE-YOUR-CLOSINGS-300x300.png 300w, https:\/\/buyhouseez.com\/es\/wp-content\/uploads\/sites\/2\/2023\/11\/INCREASE-YOUR-CLOSINGS-80x80.png 80w, https:\/\/buyhouseez.com\/es\/wp-content\/uploads\/sites\/2\/2023\/11\/INCREASE-YOUR-CLOSINGS-768x766.png 768w, https:\/\/buyhouseez.com\/es\/wp-content\/uploads\/sites\/2\/2023\/11\/INCREASE-YOUR-CLOSINGS-96x96.png 96w, https:\/\/buyhouseez.com\/es\/wp-content\/uploads\/sites\/2\/2023\/11\/INCREASE-YOUR-CLOSINGS-150x150.png 150w\" sizes=\"(max-width: 872px) 100vw, 872px\" \/><\/figure><div class=\"elementor-image-box-content\"><h3 class=\"elementor-image-box-title\">Inquilinos cr\u00f3nicos<\/h3><p class=\"elementor-image-box-description\">Personas quedan atrapadas \nen un ciclo de alquiler debido a \ndificultades para calificar para \npr\u00e9stamos convencionales.<\/p><\/div><\/div>\t\t<\/div>\n\t\t\t\t<\/div>\n\t\t\t\t\t<\/div>\n\t\t\t\t<\/div>\n\t\t\t\t<section class=\"elementor-section elementor-top-section elementor-element elementor-element-7d91d7b elementor-section-boxed elementor-section-height-default elementor-section-height-default\" data-id=\"7d91d7b\" data-element_type=\"section\" data-settings=\"{&quot;background_background&quot;:&quot;classic&quot;,&quot;background_motion_fx_motion_fx_scrolling&quot;:&quot;yes&quot;,&quot;background_motion_fx_motion_fx_mouse&quot;:&quot;yes&quot;,&quot;background_motion_fx_devices&quot;:[&quot;desktop&quot;,&quot;tablet&quot;,&quot;mobile&quot;]}\">\n\t\t\t\t\t\t<div class=\"elementor-container elementor-column-gap-default\">\n\t\t\t\t\t<div class=\"elementor-column elementor-col-100 elementor-top-column elementor-element elementor-element-c86ff71\" data-id=\"c86ff71\" data-element_type=\"column\">\n\t\t\t<div class=\"elementor-widget-wrap elementor-element-populated\">\n\t\t\t\t\t\t<div class=\"elementor-element elementor-element-f30c188 elementor-widget elementor-widget-heading\" data-id=\"f30c188\" data-element_type=\"widget\" data-widget_type=\"heading.default\">\n\t\t\t\t<div class=\"elementor-widget-container\">\n\t\t\t<h2 class=\"elementor-heading-title elementor-size-default\">Su historia como propietario comienza aqu\u00ed<\/h2>\t\t<\/div>\n\t\t\t\t<\/div>\n\t\t\t\t\t<\/div>\n\t\t<\/div>\n\t\t\t\t\t<\/div>\n\t\t<\/section>\n\t\t\t\t<section class=\"elementor-section elementor-top-section elementor-element elementor-element-aa2a44b elementor-section-boxed elementor-section-height-default elementor-section-height-default\" data-id=\"aa2a44b\" data-element_type=\"section\" data-settings=\"{&quot;background_background&quot;:&quot;classic&quot;,&quot;background_motion_fx_motion_fx_scrolling&quot;:&quot;yes&quot;,&quot;background_motion_fx_translateY_effect&quot;:&quot;yes&quot;,&quot;background_motion_fx_motion_fx_mouse&quot;:&quot;yes&quot;,&quot;background_motion_fx_translateY_speed&quot;:{&quot;unit&quot;:&quot;px&quot;,&quot;size&quot;:4,&quot;sizes&quot;:[]},&quot;background_motion_fx_translateY_affectedRange&quot;:{&quot;unit&quot;:&quot;%&quot;,&quot;size&quot;:&quot;&quot;,&quot;sizes&quot;:{&quot;start&quot;:0,&quot;end&quot;:100}},&quot;background_motion_fx_devices&quot;:[&quot;desktop&quot;,&quot;tablet&quot;,&quot;mobile&quot;]}\">\n\t\t\t\t\t\t<div class=\"elementor-container elementor-column-gap-default\">\n\t\t\t\t\t<div class=\"elementor-column elementor-col-33 elementor-top-column elementor-element elementor-element-797ab6a\" data-id=\"797ab6a\" data-element_type=\"column\">\n\t\t\t<div class=\"elementor-widget-wrap elementor-element-populated\">\n\t\t\t\t\t\t<div class=\"elementor-element elementor-element-b714e8c elementor-position-top elementor-widget elementor-widget-image-box\" data-id=\"b714e8c\" data-element_type=\"widget\" data-widget_type=\"image-box.default\">\n\t\t\t\t<div class=\"elementor-widget-container\">\n\t\t\t<div class=\"elementor-image-box-wrapper\"><figure class=\"elementor-image-box-img\"><img loading=\"lazy\" decoding=\"async\" width=\"934\" height=\"918\" src=\"https:\/\/buyhouseez.com\/es\/wp-content\/uploads\/sites\/2\/2023\/11\/GET-APPROVED-1.png\" class=\"attachment-full size-full wp-image-2131\" alt=\"\" srcset=\"https:\/\/buyhouseez.com\/es\/wp-content\/uploads\/sites\/2\/2023\/11\/GET-APPROVED-1.png 934w, https:\/\/buyhouseez.com\/es\/wp-content\/uploads\/sites\/2\/2023\/11\/GET-APPROVED-1-300x295.png 300w, https:\/\/buyhouseez.com\/es\/wp-content\/uploads\/sites\/2\/2023\/11\/GET-APPROVED-1-80x80.png 80w, https:\/\/buyhouseez.com\/es\/wp-content\/uploads\/sites\/2\/2023\/11\/GET-APPROVED-1-768x755.png 768w, https:\/\/buyhouseez.com\/es\/wp-content\/uploads\/sites\/2\/2023\/11\/GET-APPROVED-1-150x147.png 150w\" sizes=\"(max-width: 934px) 100vw, 934px\" \/><\/figure><div class=\"elementor-image-box-content\"><h3 class=\"elementor-image-box-title\">Aprueba<\/h3><p class=\"elementor-image-box-description\">No lidieamos en 'quiz\u00e1s'; una vez que calificas, es hora de comenzar tu viaje de compra de vivienda con tu presupuesto aprobado.<\/p><\/div><\/div>\t\t<\/div>\n\t\t\t\t<\/div>\n\t\t\t\t\t<\/div>\n\t\t<\/div>\n\t\t\t\t<div class=\"elementor-column elementor-col-33 elementor-top-column elementor-element elementor-element-eba7524\" data-id=\"eba7524\" data-element_type=\"column\">\n\t\t\t<div class=\"elementor-widget-wrap elementor-element-populated\">\n\t\t\t\t\t\t<div class=\"elementor-element elementor-element-206ddef elementor-position-top elementor-widget elementor-widget-image-box\" data-id=\"206ddef\" data-element_type=\"widget\" data-widget_type=\"image-box.default\">\n\t\t\t\t<div class=\"elementor-widget-container\">\n\t\t\t<div class=\"elementor-image-box-wrapper\"><figure class=\"elementor-image-box-img\"><img loading=\"lazy\" decoding=\"async\" width=\"973\" height=\"800\" src=\"https:\/\/buyhouseez.com\/es\/wp-content\/uploads\/sites\/2\/2023\/11\/FIND-YOUR-HOME-1.png\" class=\"attachment-full size-full wp-image-2132\" alt=\"\" srcset=\"https:\/\/buyhouseez.com\/es\/wp-content\/uploads\/sites\/2\/2023\/11\/FIND-YOUR-HOME-1.png 973w, https:\/\/buyhouseez.com\/es\/wp-content\/uploads\/sites\/2\/2023\/11\/FIND-YOUR-HOME-1-300x247.png 300w, https:\/\/buyhouseez.com\/es\/wp-content\/uploads\/sites\/2\/2023\/11\/FIND-YOUR-HOME-1-768x631.png 768w, https:\/\/buyhouseez.com\/es\/wp-content\/uploads\/sites\/2\/2023\/11\/FIND-YOUR-HOME-1-150x123.png 150w\" sizes=\"(max-width: 973px) 100vw, 973px\" \/><\/figure><div class=\"elementor-image-box-content\"><h3 class=\"elementor-image-box-title\">Encuentra tu hogar<\/h3><p class=\"elementor-image-box-description\">Comiensa a buscar una casa con el presupuesto aprobado. BuyHouseEZ compra la propiedad \npor ti, en una transacci\u00f3n completa en \nefectivo y tu obtiene las llaves de \ntu nuevo hogar.<\/p><\/div><\/div>\t\t<\/div>\n\t\t\t\t<\/div>\n\t\t\t\t\t<\/div>\n\t\t<\/div>\n\t\t\t\t<div class=\"elementor-column elementor-col-33 elementor-top-column elementor-element elementor-element-f342a47\" data-id=\"f342a47\" data-element_type=\"column\">\n\t\t\t<div class=\"elementor-widget-wrap elementor-element-populated\">\n\t\t\t\t\t\t<div class=\"elementor-element elementor-element-e088486 elementor-position-top elementor-widget elementor-widget-image-box\" data-id=\"e088486\" data-element_type=\"widget\" data-widget_type=\"image-box.default\">\n\t\t\t\t<div class=\"elementor-widget-container\">\n\t\t\t<div class=\"elementor-image-box-wrapper\"><figure class=\"elementor-image-box-img\"><img loading=\"lazy\" decoding=\"async\" width=\"951\" height=\"842\" src=\"https:\/\/buyhouseez.com\/es\/wp-content\/uploads\/sites\/2\/2023\/11\/MOVE-IN-AND-START-OWNING-YOUR-HOME-1.png\" class=\"attachment-full size-full wp-image-2133\" alt=\"\" srcset=\"https:\/\/buyhouseez.com\/es\/wp-content\/uploads\/sites\/2\/2023\/11\/MOVE-IN-AND-START-OWNING-YOUR-HOME-1.png 951w, https:\/\/buyhouseez.com\/es\/wp-content\/uploads\/sites\/2\/2023\/11\/MOVE-IN-AND-START-OWNING-YOUR-HOME-1-300x266.png 300w, https:\/\/buyhouseez.com\/es\/wp-content\/uploads\/sites\/2\/2023\/11\/MOVE-IN-AND-START-OWNING-YOUR-HOME-1-768x680.png 768w, https:\/\/buyhouseez.com\/es\/wp-content\/uploads\/sites\/2\/2023\/11\/MOVE-IN-AND-START-OWNING-YOUR-HOME-1-150x133.png 150w\" sizes=\"(max-width: 951px) 100vw, 951px\" \/><\/figure><div class=\"elementor-image-box-content\"><h3 class=\"elementor-image-box-title\">M\u00fadate y comienza a ser due\u00f1o de tu casa<\/h3><p class=\"elementor-image-box-description\">BuyHouseEZ te establece en un pr\u00e9stamo y \ncomienzas a construir estabilidad. No se trata de alquilar, se trata de ser propietario.<\/p><\/div><\/div>\t\t<\/div>\n\t\t\t\t<\/div>\n\t\t\t\t\t<\/div>\n\t\t<\/div>\n\t\t\t\t\t<\/div>\n\t\t<\/section>\n\t\t<div class=\"elementor-element elementor-element-0923a6e e-flex e-con-boxed e-con e-parent\" data-id=\"0923a6e\" data-element_type=\"container\" data-settings=\"{&quot;background_background&quot;:&quot;classic&quot;}\">\n\t\t\t\t\t<div class=\"e-con-inner\">\n\t\t\t\t<div class=\"elementor-element elementor-element-df2cae9 elementor-align-center elementor-widget elementor-widget-button\" data-id=\"df2cae9\" data-element_type=\"widget\" data-widget_type=\"button.default\">\n\t\t\t\t<div class=\"elementor-widget-container\">\n\t\t\t\t\t<div class=\"elementor-button-wrapper\">\n\t\t\t<a class=\"elementor-button elementor-button-link elementor-size-sm\" href=\"https:\/\/buyhouseez.com\/es\/how-it-works\/\">\n\t\t\t\t\t\t<span class=\"elementor-button-content-wrapper\">\n\t\t\t\t\t\t\t\t\t<span class=\"elementor-button-text\">C\u00f3mo funciona<\/span>\n\t\t\t\t\t<\/span>\n\t\t\t\t\t<\/a>\n\t\t<\/div>\n\t\t\t\t<\/div>\n\t\t\t\t<\/div>\n\t\t\t\t\t<\/div>\n\t\t\t\t<\/div>\n\t\t\t\t<\/div>\n\t\t","protected":false},"excerpt":{"rendered":"<p>Financiamiento de casas sin verificaci\u00f3n de cr\u00e9dito para individuos con ITIN en New Mexico En BuyHouseEZ, capacitamos a personas trabajadoras para lograr la comprar su casa, sin verificar el puntaje crediticio. Personalizamos la experiencia para que se ajuste a tu estilo de vida \u00fanico, todo dentro del contexto de la vibrante diversidad cultural de New [&hellip;]<\/p>\n","protected":false},"author":15,"featured_media":0,"parent":0,"menu_order":0,"comment_status":"closed","ping_status":"closed","template":"","meta":{"footnotes":""},"class_list":["post-2791","page","type-page","status-publish","hentry"],"_links":{"self":[{"href":"https:\/\/buyhouseez.com\/es\/wp-json\/wp\/v2\/pages\/2791","targetHints":{"allow":["GET"]}}],"collection":[{"href":"https:\/\/buyhouseez.com\/es\/wp-json\/wp\/v2\/pages"}],"about":[{"href":"https:\/\/buyhouseez.com\/es\/wp-json\/wp\/v2\/types\/page"}],"author":[{"embeddable":true,"href":"https:\/\/buyhouseez.com\/es\/wp-json\/wp\/v2\/users\/15"}],"replies":[{"embeddable":true,"href":"https:\/\/buyhouseez.com\/es\/wp-json\/wp\/v2\/comments?post=2791"}],"version-history":[{"count":44,"href":"https:\/\/buyhouseez.com\/es\/wp-json\/wp\/v2\/pages\/2791\/revisions"}],"predecessor-version":[{"id":4570,"href":"https:\/\/buyhouseez.com\/es\/wp-json\/wp\/v2\/pages\/2791\/revisions\/4570"}],"wp:attachment":[{"href":"https:\/\/buyhouseez.com\/es\/wp-json\/wp\/v2\/media?parent=2791"}],"curies":[{"name":"wp","href":"https:\/\/api.w.org\/{rel}","templated":true}]}}