{"id":2790,"date":"2024-02-08T10:16:40","date_gmt":"2024-02-08T14:16:40","guid":{"rendered":"https:\/\/buyhouseez.com\/es\/?page_id=2790"},"modified":"2025-07-18T18:00:50","modified_gmt":"2025-07-18T22:00:50","slug":"georgia","status":"publish","type":"page","link":"https:\/\/buyhouseez.com\/es\/georgia\/","title":{"rendered":"Georgia"},"content":{"rendered":"\t\t<div data-elementor-type=\"wp-page\" data-elementor-id=\"2790\" class=\"elementor elementor-2790\" data-elementor-post-type=\"page\">\n\t\t\t\t<div class=\"elementor-element elementor-element-1fe68aa e-flex e-con-boxed e-con e-parent\" data-id=\"1fe68aa\" data-element_type=\"container\">\n\t\t\t\t\t<div class=\"e-con-inner\">\n\t\t\t\t<div class=\"elementor-element elementor-element-803073f elementor-widget__width-initial elementor-widget elementor-widget-heading\" data-id=\"803073f\" data-element_type=\"widget\" data-widget_type=\"heading.default\">\n\t\t\t\t<div class=\"elementor-widget-container\">\n\t\t\t<h2 class=\"elementor-heading-title elementor-size-default\">Financiamiento de casas sin verificaci\u00f3n de cr\u00e9dito para individuos con ITIN en Georgia<\/h2>\t\t<\/div>\n\t\t\t\t<\/div>\n\t\t\t\t\t<\/div>\n\t\t\t\t<\/div>\n\t\t<div class=\"elementor-element elementor-element-e5490bb e-con-full e-flex e-con e-parent\" data-id=\"e5490bb\" data-element_type=\"container\" data-settings=\"{&quot;background_background&quot;:&quot;classic&quot;}\">\n\t\t\t\t<div class=\"elementor-element elementor-element-d630601 elementor-widget__width-initial elementor-widget elementor-widget-text-editor\" data-id=\"d630601\" data-element_type=\"widget\" data-widget_type=\"text-editor.default\">\n\t\t\t\t<div class=\"elementor-widget-container\">\n\t\t\t\t\t\t\t<p>En BuyHouseEZ, capacitamos a personas trabajadoras para lograr la compra de su casa, sin verificar el puntaje crediticio. Personalizamos la experiencia para que se ajuste a tu estilo de vida \u00fanico, todo dentro del contexto de la vibrante diversidad cultural de Georgia.<\/p>\t\t\t\t\t\t<\/div>\n\t\t\t\t<\/div>\n\t\t\t\t<div class=\"elementor-element elementor-element-c431c5e elementor-align-center elementor-widget__width-initial elementor-widget elementor-widget-button\" data-id=\"c431c5e\" data-element_type=\"widget\" data-widget_type=\"button.default\">\n\t\t\t\t<div class=\"elementor-widget-container\">\n\t\t\t\t\t<div class=\"elementor-button-wrapper\">\n\t\t\t<a class=\"elementor-button elementor-button-link elementor-size-sm\" href=\"#elementor-action%3Aaction%3Dpopup%3Aopen%26settings%3DeyJpZCI6IjI2ODAiLCJ0b2dnbGUiOmZhbHNlfQ%3D%3D\">\n\t\t\t\t\t\t<span class=\"elementor-button-content-wrapper\">\n\t\t\t\t\t\t\t\t\t<span class=\"elementor-button-text\">\u00a1Aprueba ahora!<\/span>\n\t\t\t\t\t<\/span>\n\t\t\t\t\t<\/a>\n\t\t<\/div>\n\t\t\t\t<\/div>\n\t\t\t\t<\/div>\n\t\t\t\t<\/div>\n\t\t<div class=\"elementor-element elementor-element-7e2c271 e-flex e-con-boxed e-con e-parent\" data-id=\"7e2c271\" data-element_type=\"container\" data-settings=\"{&quot;background_background&quot;:&quot;classic&quot;}\">\n\t\t\t\t\t<div class=\"e-con-inner\">\n\t\t\t\t<div class=\"elementor-element elementor-element-09e20cb elementor-widget elementor-widget-spacer\" data-id=\"09e20cb\" data-element_type=\"widget\" data-widget_type=\"spacer.default\">\n\t\t\t\t<div class=\"elementor-widget-container\">\n\t\t\t\t\t<div class=\"elementor-spacer\">\n\t\t\t<div class=\"elementor-spacer-inner\"><\/div>\n\t\t<\/div>\n\t\t\t\t<\/div>\n\t\t\t\t<\/div>\n\t\t\t\t<div class=\"elementor-element elementor-element-c1d279f elementor-widget elementor-widget-heading\" data-id=\"c1d279f\" data-element_type=\"widget\" data-widget_type=\"heading.default\">\n\t\t\t\t<div class=\"elementor-widget-container\">\n\t\t\t<h2 class=\"elementor-heading-title elementor-size-default\">Descubre los Mejores Vecindarios en Georgia<\/h2>\t\t<\/div>\n\t\t\t\t<\/div>\n\t\t\t\t<div class=\"elementor-element elementor-element-2f4d0f4 elementor-widget elementor-widget-spacer\" data-id=\"2f4d0f4\" data-element_type=\"widget\" data-widget_type=\"spacer.default\">\n\t\t\t\t<div class=\"elementor-widget-container\">\n\t\t\t\t\t<div class=\"elementor-spacer\">\n\t\t\t<div class=\"elementor-spacer-inner\"><\/div>\n\t\t<\/div>\n\t\t\t\t<\/div>\n\t\t\t\t<\/div>\n\t\t\t\t<div class=\"elementor-element elementor-element-876a913 elementor-widget elementor-widget-heading\" data-id=\"876a913\" data-element_type=\"widget\" data-widget_type=\"heading.default\">\n\t\t\t\t<div class=\"elementor-widget-container\">\n\t\t\t<h2 class=\"elementor-heading-title elementor-size-default\">Macon, GA<\/h2>\t\t<\/div>\n\t\t\t\t<\/div>\n\t\t\t\t<div class=\"elementor-element elementor-element-be28d3f elementor-widget elementor-widget-image\" data-id=\"be28d3f\" data-element_type=\"widget\" data-widget_type=\"image.default\">\n\t\t\t\t<div class=\"elementor-widget-container\">\n\t\t\t\t\t\t\t\t\t\t\t\t\t<img fetchpriority=\"high\" decoding=\"async\" width=\"768\" height=\"377\" src=\"https:\/\/buyhouseez.com\/es\/wp-content\/uploads\/sites\/2\/2024\/02\/R-1-768x377.jpg\" class=\"attachment-medium_large size-medium_large wp-image-3066\" alt=\"Macon\" srcset=\"https:\/\/buyhouseez.com\/es\/wp-content\/uploads\/sites\/2\/2024\/02\/R-1-768x377.jpg 768w, https:\/\/buyhouseez.com\/es\/wp-content\/uploads\/sites\/2\/2024\/02\/R-1-300x147.jpg 300w, https:\/\/buyhouseez.com\/es\/wp-content\/uploads\/sites\/2\/2024\/02\/R-1-1030x506.jpg 1030w, https:\/\/buyhouseez.com\/es\/wp-content\/uploads\/sites\/2\/2024\/02\/R-1-150x74.jpg 150w, https:\/\/buyhouseez.com\/es\/wp-content\/uploads\/sites\/2\/2024\/02\/R-1.jpg 1100w\" sizes=\"(max-width: 768px) 100vw, 768px\" \/>\t\t\t\t\t\t\t\t\t\t\t\t\t<\/div>\n\t\t\t\t<\/div>\n\t\t\t\t<div class=\"elementor-element elementor-element-0dd5464 elementor-widget elementor-widget-text-editor\" data-id=\"0dd5464\" data-element_type=\"widget\" data-widget_type=\"text-editor.default\">\n\t\t\t\t<div class=\"elementor-widget-container\">\n\t\t\t\t\t\t\t<p>Las zonas m\u00e1s solicitadas generalmente se ubican en el noroeste de la ciudad, mientras que las opciones m\u00e1s asequibles se encuentran en las regiones del sureste.<\/p><p>Con un precio promedio de $139,689, las viviendas en Macon, GA, resultan considerablemente m\u00e1s econ\u00f3micas que la media nacional de $318,879. Adem\u00e1s, al comparar con ciudades de tama\u00f1o similar, observamos que los costos de las viviendas en Macon son significativamente m\u00e1s bajos.<\/p>\t\t\t\t\t\t<\/div>\n\t\t\t\t<\/div>\n\t\t\t\t<div class=\"elementor-element elementor-element-f3556f7 elementor-widget elementor-widget-spacer\" data-id=\"f3556f7\" data-element_type=\"widget\" data-widget_type=\"spacer.default\">\n\t\t\t\t<div class=\"elementor-widget-container\">\n\t\t\t\t\t<div class=\"elementor-spacer\">\n\t\t\t<div class=\"elementor-spacer-inner\"><\/div>\n\t\t<\/div>\n\t\t\t\t<\/div>\n\t\t\t\t<\/div>\n\t\t\t\t\t<\/div>\n\t\t\t\t<\/div>\n\t\t<div class=\"elementor-element elementor-element-974b963 e-flex e-con-boxed e-con e-parent\" data-id=\"974b963\" data-element_type=\"container\">\n\t\t\t\t\t<div class=\"e-con-inner\">\n\t\t\t\t<div class=\"elementor-element elementor-element-8456cee elementor-widget elementor-widget-spacer\" data-id=\"8456cee\" data-element_type=\"widget\" data-widget_type=\"spacer.default\">\n\t\t\t\t<div class=\"elementor-widget-container\">\n\t\t\t\t\t<div class=\"elementor-spacer\">\n\t\t\t<div class=\"elementor-spacer-inner\"><\/div>\n\t\t<\/div>\n\t\t\t\t<\/div>\n\t\t\t\t<\/div>\n\t\t\t\t<div class=\"elementor-element elementor-element-54a0162 elementor-widget elementor-widget-heading\" data-id=\"54a0162\" data-element_type=\"widget\" data-widget_type=\"heading.default\">\n\t\t\t\t<div class=\"elementor-widget-container\">\n\t\t\t<h2 class=\"elementor-heading-title elementor-size-default\">\u00bfDificultades para obtener una hipoteca de los bancos?<\/h2>\t\t<\/div>\n\t\t\t\t<\/div>\n\t\t\t\t\t<\/div>\n\t\t\t\t<\/div>\n\t\t<div class=\"elementor-element elementor-element-5706bb3 e-grid e-con-boxed e-con e-parent\" data-id=\"5706bb3\" data-element_type=\"container\">\n\t\t\t\t\t<div class=\"e-con-inner\">\n\t\t\t\t<div class=\"elementor-element elementor-element-8e0fe4e elementor-position-top elementor-widget elementor-widget-image-box\" data-id=\"8e0fe4e\" data-element_type=\"widget\" data-widget_type=\"image-box.default\">\n\t\t\t\t<div class=\"elementor-widget-container\">\n\t\t\t<div class=\"elementor-image-box-wrapper\"><figure class=\"elementor-image-box-img\"><img decoding=\"async\" width=\"916\" height=\"846\" src=\"https:\/\/buyhouseez.com\/es\/wp-content\/uploads\/sites\/2\/2023\/11\/TAX-RETURNS.png\" class=\"attachment-full size-full wp-image-2117\" alt=\"Limited Credit History\" srcset=\"https:\/\/buyhouseez.com\/es\/wp-content\/uploads\/sites\/2\/2023\/11\/TAX-RETURNS.png 916w, https:\/\/buyhouseez.com\/es\/wp-content\/uploads\/sites\/2\/2023\/11\/TAX-RETURNS-300x277.png 300w, https:\/\/buyhouseez.com\/es\/wp-content\/uploads\/sites\/2\/2023\/11\/TAX-RETURNS-768x709.png 768w, https:\/\/buyhouseez.com\/es\/wp-content\/uploads\/sites\/2\/2023\/11\/TAX-RETURNS-150x139.png 150w\" sizes=\"(max-width: 916px) 100vw, 916px\" \/><\/figure><div class=\"elementor-image-box-content\"><h3 class=\"elementor-image-box-title\">Historial crediticio limitado<\/h3><p class=\"elementor-image-box-description\">Los prestamistas tradicionales \nsuelen requerir un historial \ncrediticio bueno para la \naprobaci\u00f3n del pr\u00e9stamo.<\/p><\/div><\/div>\t\t<\/div>\n\t\t\t\t<\/div>\n\t\t\t\t<div class=\"elementor-element elementor-element-8c3e20a elementor-position-top elementor-widget elementor-widget-image-box\" data-id=\"8c3e20a\" data-element_type=\"widget\" data-widget_type=\"image-box.default\">\n\t\t\t\t<div class=\"elementor-widget-container\">\n\t\t\t<div class=\"elementor-image-box-wrapper\"><figure class=\"elementor-image-box-img\"><img decoding=\"async\" width=\"836\" height=\"896\" src=\"https:\/\/buyhouseez.com\/es\/wp-content\/uploads\/sites\/2\/2023\/11\/ID-ISSUED-BY-THE-GOVERNMENT.png\" class=\"attachment-full size-full wp-image-2116\" alt=\"ITIN Holders\" srcset=\"https:\/\/buyhouseez.com\/es\/wp-content\/uploads\/sites\/2\/2023\/11\/ID-ISSUED-BY-THE-GOVERNMENT.png 836w, https:\/\/buyhouseez.com\/es\/wp-content\/uploads\/sites\/2\/2023\/11\/ID-ISSUED-BY-THE-GOVERNMENT-280x300.png 280w, https:\/\/buyhouseez.com\/es\/wp-content\/uploads\/sites\/2\/2023\/11\/ID-ISSUED-BY-THE-GOVERNMENT-768x823.png 768w, https:\/\/buyhouseez.com\/es\/wp-content\/uploads\/sites\/2\/2023\/11\/ID-ISSUED-BY-THE-GOVERNMENT-150x161.png 150w\" sizes=\"(max-width: 836px) 100vw, 836px\" \/><\/figure><div class=\"elementor-image-box-content\"><h3 class=\"elementor-image-box-title\">Personas con N\u00fameros ITIN<\/h3><p class=\"elementor-image-box-description\">Trabajadores con ITIN enfrentan desaf\u00edos al \nacceder a financiamiento para vivienda \ndebido a la ausencia de un N\u00famero de \nSeguro Social.<\/p><\/div><\/div>\t\t<\/div>\n\t\t\t\t<\/div>\n\t\t\t\t<div class=\"elementor-element elementor-element-2aa7923 elementor-position-top elementor-widget elementor-widget-image-box\" data-id=\"2aa7923\" data-element_type=\"widget\" data-widget_type=\"image-box.default\">\n\t\t\t\t<div class=\"elementor-widget-container\">\n\t\t\t<div class=\"elementor-image-box-wrapper\"><figure class=\"elementor-image-box-img\"><img loading=\"lazy\" decoding=\"async\" width=\"872\" height=\"870\" src=\"https:\/\/buyhouseez.com\/es\/wp-content\/uploads\/sites\/2\/2023\/11\/INCREASE-YOUR-CLOSINGS.png\" class=\"attachment-full size-full wp-image-2101\" alt=\"Chronic Renters\" srcset=\"https:\/\/buyhouseez.com\/es\/wp-content\/uploads\/sites\/2\/2023\/11\/INCREASE-YOUR-CLOSINGS.png 872w, https:\/\/buyhouseez.com\/es\/wp-content\/uploads\/sites\/2\/2023\/11\/INCREASE-YOUR-CLOSINGS-300x300.png 300w, https:\/\/buyhouseez.com\/es\/wp-content\/uploads\/sites\/2\/2023\/11\/INCREASE-YOUR-CLOSINGS-80x80.png 80w, https:\/\/buyhouseez.com\/es\/wp-content\/uploads\/sites\/2\/2023\/11\/INCREASE-YOUR-CLOSINGS-768x766.png 768w, https:\/\/buyhouseez.com\/es\/wp-content\/uploads\/sites\/2\/2023\/11\/INCREASE-YOUR-CLOSINGS-96x96.png 96w, https:\/\/buyhouseez.com\/es\/wp-content\/uploads\/sites\/2\/2023\/11\/INCREASE-YOUR-CLOSINGS-150x150.png 150w\" sizes=\"(max-width: 872px) 100vw, 872px\" \/><\/figure><div class=\"elementor-image-box-content\"><h3 class=\"elementor-image-box-title\">Inquilinos cr\u00f3nicos<\/h3><p class=\"elementor-image-box-description\">Personas quedan atrapadas \nen un ciclo de alquiler debido a \ndificultades para calificar para \npr\u00e9stamos convencionales.<\/p><\/div><\/div>\t\t<\/div>\n\t\t\t\t<\/div>\n\t\t\t\t\t<\/div>\n\t\t\t\t<\/div>\n\t\t\t\t<section class=\"elementor-section elementor-top-section elementor-element elementor-element-4cea3a2 elementor-section-boxed elementor-section-height-default elementor-section-height-default\" data-id=\"4cea3a2\" data-element_type=\"section\" data-settings=\"{&quot;background_background&quot;:&quot;classic&quot;,&quot;background_motion_fx_motion_fx_scrolling&quot;:&quot;yes&quot;,&quot;background_motion_fx_motion_fx_mouse&quot;:&quot;yes&quot;,&quot;background_motion_fx_devices&quot;:[&quot;desktop&quot;,&quot;tablet&quot;,&quot;mobile&quot;]}\">\n\t\t\t\t\t\t<div class=\"elementor-container elementor-column-gap-default\">\n\t\t\t\t\t<div class=\"elementor-column elementor-col-100 elementor-top-column elementor-element elementor-element-413a645\" data-id=\"413a645\" data-element_type=\"column\">\n\t\t\t<div class=\"elementor-widget-wrap elementor-element-populated\">\n\t\t\t\t\t\t<div class=\"elementor-element elementor-element-728f8af elementor-widget elementor-widget-heading\" data-id=\"728f8af\" data-element_type=\"widget\" data-widget_type=\"heading.default\">\n\t\t\t\t<div class=\"elementor-widget-container\">\n\t\t\t<h2 class=\"elementor-heading-title elementor-size-default\">Su historia como propietario comienza aqu\u00ed<\/h2>\t\t<\/div>\n\t\t\t\t<\/div>\n\t\t\t\t\t<\/div>\n\t\t<\/div>\n\t\t\t\t\t<\/div>\n\t\t<\/section>\n\t\t\t\t<section class=\"elementor-section elementor-top-section elementor-element elementor-element-8a79567 elementor-section-boxed elementor-section-height-default elementor-section-height-default\" data-id=\"8a79567\" data-element_type=\"section\" data-settings=\"{&quot;background_background&quot;:&quot;classic&quot;,&quot;background_motion_fx_motion_fx_scrolling&quot;:&quot;yes&quot;,&quot;background_motion_fx_translateY_effect&quot;:&quot;yes&quot;,&quot;background_motion_fx_motion_fx_mouse&quot;:&quot;yes&quot;,&quot;background_motion_fx_translateY_speed&quot;:{&quot;unit&quot;:&quot;px&quot;,&quot;size&quot;:4,&quot;sizes&quot;:[]},&quot;background_motion_fx_translateY_affectedRange&quot;:{&quot;unit&quot;:&quot;%&quot;,&quot;size&quot;:&quot;&quot;,&quot;sizes&quot;:{&quot;start&quot;:0,&quot;end&quot;:100}},&quot;background_motion_fx_devices&quot;:[&quot;desktop&quot;,&quot;tablet&quot;,&quot;mobile&quot;]}\">\n\t\t\t\t\t\t<div class=\"elementor-container elementor-column-gap-default\">\n\t\t\t\t\t<div class=\"elementor-column elementor-col-33 elementor-top-column elementor-element elementor-element-40aff45\" data-id=\"40aff45\" data-element_type=\"column\">\n\t\t\t<div class=\"elementor-widget-wrap elementor-element-populated\">\n\t\t\t\t\t\t<div class=\"elementor-element elementor-element-2c6689c elementor-position-top elementor-widget elementor-widget-image-box\" data-id=\"2c6689c\" data-element_type=\"widget\" data-widget_type=\"image-box.default\">\n\t\t\t\t<div class=\"elementor-widget-container\">\n\t\t\t<div class=\"elementor-image-box-wrapper\"><figure class=\"elementor-image-box-img\"><img loading=\"lazy\" decoding=\"async\" width=\"934\" height=\"918\" src=\"https:\/\/buyhouseez.com\/es\/wp-content\/uploads\/sites\/2\/2023\/11\/GET-APPROVED-1.png\" class=\"attachment-full size-full wp-image-2131\" alt=\"\" srcset=\"https:\/\/buyhouseez.com\/es\/wp-content\/uploads\/sites\/2\/2023\/11\/GET-APPROVED-1.png 934w, https:\/\/buyhouseez.com\/es\/wp-content\/uploads\/sites\/2\/2023\/11\/GET-APPROVED-1-300x295.png 300w, https:\/\/buyhouseez.com\/es\/wp-content\/uploads\/sites\/2\/2023\/11\/GET-APPROVED-1-80x80.png 80w, https:\/\/buyhouseez.com\/es\/wp-content\/uploads\/sites\/2\/2023\/11\/GET-APPROVED-1-768x755.png 768w, https:\/\/buyhouseez.com\/es\/wp-content\/uploads\/sites\/2\/2023\/11\/GET-APPROVED-1-150x147.png 150w\" sizes=\"(max-width: 934px) 100vw, 934px\" \/><\/figure><div class=\"elementor-image-box-content\"><h3 class=\"elementor-image-box-title\">Aprueba<\/h3><p class=\"elementor-image-box-description\">No lidieamos en 'quiz\u00e1s'; una vez que calificas, es hora de comenzar tu viaje de compra de vivienda con tu presupuesto aprobado.<\/p><\/div><\/div>\t\t<\/div>\n\t\t\t\t<\/div>\n\t\t\t\t\t<\/div>\n\t\t<\/div>\n\t\t\t\t<div class=\"elementor-column elementor-col-33 elementor-top-column elementor-element elementor-element-f6a5ff3\" data-id=\"f6a5ff3\" data-element_type=\"column\">\n\t\t\t<div class=\"elementor-widget-wrap elementor-element-populated\">\n\t\t\t\t\t\t<div class=\"elementor-element elementor-element-6054f77 elementor-position-top elementor-widget elementor-widget-image-box\" data-id=\"6054f77\" data-element_type=\"widget\" data-widget_type=\"image-box.default\">\n\t\t\t\t<div class=\"elementor-widget-container\">\n\t\t\t<div class=\"elementor-image-box-wrapper\"><figure class=\"elementor-image-box-img\"><img loading=\"lazy\" decoding=\"async\" width=\"973\" height=\"800\" src=\"https:\/\/buyhouseez.com\/es\/wp-content\/uploads\/sites\/2\/2023\/11\/FIND-YOUR-HOME-1.png\" class=\"attachment-full size-full wp-image-2132\" alt=\"\" srcset=\"https:\/\/buyhouseez.com\/es\/wp-content\/uploads\/sites\/2\/2023\/11\/FIND-YOUR-HOME-1.png 973w, https:\/\/buyhouseez.com\/es\/wp-content\/uploads\/sites\/2\/2023\/11\/FIND-YOUR-HOME-1-300x247.png 300w, https:\/\/buyhouseez.com\/es\/wp-content\/uploads\/sites\/2\/2023\/11\/FIND-YOUR-HOME-1-768x631.png 768w, https:\/\/buyhouseez.com\/es\/wp-content\/uploads\/sites\/2\/2023\/11\/FIND-YOUR-HOME-1-150x123.png 150w\" sizes=\"(max-width: 973px) 100vw, 973px\" \/><\/figure><div class=\"elementor-image-box-content\"><h3 class=\"elementor-image-box-title\">Encuentra tu hogar<\/h3><p class=\"elementor-image-box-description\">Comiensa a buscar una casa con el presupuesto aprobado. BuyHouseEZ compra la propiedad \npor ti, en una transacci\u00f3n completa en \nefectivo y tu obtiene las llaves de \ntu nuevo hogar.<\/p><\/div><\/div>\t\t<\/div>\n\t\t\t\t<\/div>\n\t\t\t\t\t<\/div>\n\t\t<\/div>\n\t\t\t\t<div class=\"elementor-column elementor-col-33 elementor-top-column elementor-element elementor-element-511ecd8\" data-id=\"511ecd8\" data-element_type=\"column\">\n\t\t\t<div class=\"elementor-widget-wrap elementor-element-populated\">\n\t\t\t\t\t\t<div class=\"elementor-element elementor-element-87b94b6 elementor-position-top elementor-widget elementor-widget-image-box\" data-id=\"87b94b6\" data-element_type=\"widget\" data-widget_type=\"image-box.default\">\n\t\t\t\t<div class=\"elementor-widget-container\">\n\t\t\t<div class=\"elementor-image-box-wrapper\"><figure class=\"elementor-image-box-img\"><img loading=\"lazy\" decoding=\"async\" width=\"951\" height=\"842\" src=\"https:\/\/buyhouseez.com\/es\/wp-content\/uploads\/sites\/2\/2023\/11\/MOVE-IN-AND-START-OWNING-YOUR-HOME-1.png\" class=\"attachment-full size-full wp-image-2133\" alt=\"\" srcset=\"https:\/\/buyhouseez.com\/es\/wp-content\/uploads\/sites\/2\/2023\/11\/MOVE-IN-AND-START-OWNING-YOUR-HOME-1.png 951w, https:\/\/buyhouseez.com\/es\/wp-content\/uploads\/sites\/2\/2023\/11\/MOVE-IN-AND-START-OWNING-YOUR-HOME-1-300x266.png 300w, https:\/\/buyhouseez.com\/es\/wp-content\/uploads\/sites\/2\/2023\/11\/MOVE-IN-AND-START-OWNING-YOUR-HOME-1-768x680.png 768w, https:\/\/buyhouseez.com\/es\/wp-content\/uploads\/sites\/2\/2023\/11\/MOVE-IN-AND-START-OWNING-YOUR-HOME-1-150x133.png 150w\" sizes=\"(max-width: 951px) 100vw, 951px\" \/><\/figure><div class=\"elementor-image-box-content\"><h3 class=\"elementor-image-box-title\">M\u00fadate y comienza a ser due\u00f1o de tu casa<\/h3><p class=\"elementor-image-box-description\">BuyHouseEZ te establece en un pr\u00e9stamo y \ncomienzas a construir estabilidad. No se trata de alquilar, se trata de ser propietario.<\/p><\/div><\/div>\t\t<\/div>\n\t\t\t\t<\/div>\n\t\t\t\t\t<\/div>\n\t\t<\/div>\n\t\t\t\t\t<\/div>\n\t\t<\/section>\n\t\t<div class=\"elementor-element elementor-element-eaedd3d e-flex e-con-boxed e-con e-parent\" data-id=\"eaedd3d\" data-element_type=\"container\" data-settings=\"{&quot;background_background&quot;:&quot;classic&quot;}\">\n\t\t\t\t\t<div class=\"e-con-inner\">\n\t\t\t\t<div class=\"elementor-element elementor-element-d603324 elementor-align-center elementor-widget elementor-widget-button\" data-id=\"d603324\" data-element_type=\"widget\" data-widget_type=\"button.default\">\n\t\t\t\t<div class=\"elementor-widget-container\">\n\t\t\t\t\t<div class=\"elementor-button-wrapper\">\n\t\t\t<a class=\"elementor-button elementor-button-link elementor-size-sm\" href=\"https:\/\/buyhouseez.com\/es\/how-it-works\/\" target=\"_blank\">\n\t\t\t\t\t\t<span class=\"elementor-button-content-wrapper\">\n\t\t\t\t\t\t\t\t\t<span class=\"elementor-button-text\">C\u00f3mo funciona<\/span>\n\t\t\t\t\t<\/span>\n\t\t\t\t\t<\/a>\n\t\t<\/div>\n\t\t\t\t<\/div>\n\t\t\t\t<\/div>\n\t\t\t\t\t<\/div>\n\t\t\t\t<\/div>\n\t\t\t\t<\/div>\n\t\t","protected":false},"excerpt":{"rendered":"<p>Financiamiento de casas sin verificaci\u00f3n de cr\u00e9dito para individuos con ITIN en Georgia En BuyHouseEZ, capacitamos a personas trabajadoras para lograr la compra de su casa, sin verificar el puntaje crediticio. Personalizamos la experiencia para que se ajuste a tu estilo de vida \u00fanico, todo dentro del contexto de la vibrante diversidad cultural de Georgia. [&hellip;]<\/p>\n","protected":false},"author":15,"featured_media":0,"parent":0,"menu_order":0,"comment_status":"closed","ping_status":"closed","template":"","meta":{"footnotes":""},"class_list":["post-2790","page","type-page","status-publish","hentry"],"_links":{"self":[{"href":"https:\/\/buyhouseez.com\/es\/wp-json\/wp\/v2\/pages\/2790","targetHints":{"allow":["GET"]}}],"collection":[{"href":"https:\/\/buyhouseez.com\/es\/wp-json\/wp\/v2\/pages"}],"about":[{"href":"https:\/\/buyhouseez.com\/es\/wp-json\/wp\/v2\/types\/page"}],"author":[{"embeddable":true,"href":"https:\/\/buyhouseez.com\/es\/wp-json\/wp\/v2\/users\/15"}],"replies":[{"embeddable":true,"href":"https:\/\/buyhouseez.com\/es\/wp-json\/wp\/v2\/comments?post=2790"}],"version-history":[{"count":74,"href":"https:\/\/buyhouseez.com\/es\/wp-json\/wp\/v2\/pages\/2790\/revisions"}],"predecessor-version":[{"id":4564,"href":"https:\/\/buyhouseez.com\/es\/wp-json\/wp\/v2\/pages\/2790\/revisions\/4564"}],"wp:attachment":[{"href":"https:\/\/buyhouseez.com\/es\/wp-json\/wp\/v2\/media?parent=2790"}],"curies":[{"name":"wp","href":"https:\/\/api.w.org\/{rel}","templated":true}]}}