{"id":2788,"date":"2024-02-08T10:16:22","date_gmt":"2024-02-08T14:16:22","guid":{"rendered":"https:\/\/buyhouseez.com\/es\/?page_id=2788"},"modified":"2025-07-18T17:58:25","modified_gmt":"2025-07-18T21:58:25","slug":"indiana","status":"publish","type":"page","link":"https:\/\/buyhouseez.com\/es\/indiana\/","title":{"rendered":"Indiana"},"content":{"rendered":"\t\t<div data-elementor-type=\"wp-page\" data-elementor-id=\"2788\" class=\"elementor elementor-2788\" data-elementor-post-type=\"page\">\n\t\t\t\t<div class=\"elementor-element elementor-element-15b25c8 e-flex e-con-boxed e-con e-parent\" data-id=\"15b25c8\" data-element_type=\"container\">\n\t\t\t\t\t<div class=\"e-con-inner\">\n\t\t\t\t<div class=\"elementor-element elementor-element-0cee39f elementor-widget__width-initial elementor-widget elementor-widget-heading\" data-id=\"0cee39f\" data-element_type=\"widget\" data-widget_type=\"heading.default\">\n\t\t\t\t<div class=\"elementor-widget-container\">\n\t\t\t<h2 class=\"elementor-heading-title elementor-size-default\">Financiamiento de casas sin verificaci\u00f3n de cr\u00e9dito para individuos con ITIN en Indiana<\/h2>\t\t<\/div>\n\t\t\t\t<\/div>\n\t\t\t\t\t<\/div>\n\t\t\t\t<\/div>\n\t\t<div class=\"elementor-element elementor-element-e1525fd e-con-full e-flex e-con e-parent\" data-id=\"e1525fd\" data-element_type=\"container\" data-settings=\"{&quot;background_background&quot;:&quot;classic&quot;}\">\n\t\t\t\t<div class=\"elementor-element elementor-element-bae9393 elementor-widget__width-initial elementor-widget elementor-widget-text-editor\" data-id=\"bae9393\" data-element_type=\"widget\" data-widget_type=\"text-editor.default\">\n\t\t\t\t<div class=\"elementor-widget-container\">\n\t\t\t\t\t\t\t<p>En BuyHouseEZ, capacitamos a personas trabajadoras para lograr la comprar su casa, sin verificar el puntaje crediticio. Personalizamos la experiencia para que se ajuste a tu estilo de vida \u00fanico, todo dentro del contexto de la vibrante diversidad cultural de Indiana.<\/p>\t\t\t\t\t\t<\/div>\n\t\t\t\t<\/div>\n\t\t\t\t<div class=\"elementor-element elementor-element-754b265 elementor-align-center elementor-widget__width-initial elementor-widget elementor-widget-button\" data-id=\"754b265\" data-element_type=\"widget\" data-widget_type=\"button.default\">\n\t\t\t\t<div class=\"elementor-widget-container\">\n\t\t\t\t\t<div class=\"elementor-button-wrapper\">\n\t\t\t<a class=\"elementor-button elementor-button-link elementor-size-sm\" href=\"#elementor-action%3Aaction%3Dpopup%3Aopen%26settings%3DeyJpZCI6IjI2ODAiLCJ0b2dnbGUiOmZhbHNlfQ%3D%3D\">\n\t\t\t\t\t\t<span class=\"elementor-button-content-wrapper\">\n\t\t\t\t\t\t\t\t\t<span class=\"elementor-button-text\">\u00a1Aprueba ahora!<\/span>\n\t\t\t\t\t<\/span>\n\t\t\t\t\t<\/a>\n\t\t<\/div>\n\t\t\t\t<\/div>\n\t\t\t\t<\/div>\n\t\t\t\t<\/div>\n\t\t<div class=\"elementor-element elementor-element-70ab939 e-flex e-con-boxed e-con e-parent\" data-id=\"70ab939\" data-element_type=\"container\" data-settings=\"{&quot;background_background&quot;:&quot;classic&quot;}\">\n\t\t\t\t\t<div class=\"e-con-inner\">\n\t\t\t\t<div class=\"elementor-element elementor-element-16a7ec1 elementor-widget elementor-widget-spacer\" data-id=\"16a7ec1\" data-element_type=\"widget\" data-widget_type=\"spacer.default\">\n\t\t\t\t<div class=\"elementor-widget-container\">\n\t\t\t\t\t<div class=\"elementor-spacer\">\n\t\t\t<div class=\"elementor-spacer-inner\"><\/div>\n\t\t<\/div>\n\t\t\t\t<\/div>\n\t\t\t\t<\/div>\n\t\t\t\t<div class=\"elementor-element elementor-element-592863d elementor-widget elementor-widget-heading\" data-id=\"592863d\" data-element_type=\"widget\" data-widget_type=\"heading.default\">\n\t\t\t\t<div class=\"elementor-widget-container\">\n\t\t\t<h2 class=\"elementor-heading-title elementor-size-default\">Descubre los Mejores Vecindarios en Indiana<\/h2>\t\t<\/div>\n\t\t\t\t<\/div>\n\t\t\t\t<div class=\"elementor-element elementor-element-38f918f elementor-widget elementor-widget-spacer\" data-id=\"38f918f\" data-element_type=\"widget\" data-widget_type=\"spacer.default\">\n\t\t\t\t<div class=\"elementor-widget-container\">\n\t\t\t\t\t<div class=\"elementor-spacer\">\n\t\t\t<div class=\"elementor-spacer-inner\"><\/div>\n\t\t<\/div>\n\t\t\t\t<\/div>\n\t\t\t\t<\/div>\n\t\t\t\t<div class=\"elementor-element elementor-element-aa4d085 elementor-widget elementor-widget-heading\" data-id=\"aa4d085\" data-element_type=\"widget\" data-widget_type=\"heading.default\">\n\t\t\t\t<div class=\"elementor-widget-container\">\n\t\t\t<h2 class=\"elementor-heading-title elementor-size-default\">Indianapolis, IN<\/h2>\t\t<\/div>\n\t\t\t\t<\/div>\n\t\t\t\t<div class=\"elementor-element elementor-element-7e75c0b elementor-widget elementor-widget-image\" data-id=\"7e75c0b\" data-element_type=\"widget\" data-widget_type=\"image.default\">\n\t\t\t\t<div class=\"elementor-widget-container\">\n\t\t\t\t\t\t\t\t\t\t\t\t\t<img fetchpriority=\"high\" decoding=\"async\" width=\"768\" height=\"432\" src=\"https:\/\/buyhouseez.com\/es\/wp-content\/uploads\/sites\/2\/2024\/02\/Indy-1-1536x864-1-768x432.jpg\" class=\"attachment-medium_large size-medium_large wp-image-3093\" alt=\"\" srcset=\"https:\/\/buyhouseez.com\/es\/wp-content\/uploads\/sites\/2\/2024\/02\/Indy-1-1536x864-1-768x432.jpg 768w, https:\/\/buyhouseez.com\/es\/wp-content\/uploads\/sites\/2\/2024\/02\/Indy-1-1536x864-1-300x169.jpg 300w, https:\/\/buyhouseez.com\/es\/wp-content\/uploads\/sites\/2\/2024\/02\/Indy-1-1536x864-1-1030x579.jpg 1030w, https:\/\/buyhouseez.com\/es\/wp-content\/uploads\/sites\/2\/2024\/02\/Indy-1-1536x864-1-150x84.jpg 150w, https:\/\/buyhouseez.com\/es\/wp-content\/uploads\/sites\/2\/2024\/02\/Indy-1-1536x864-1.jpg 1536w\" sizes=\"(max-width: 768px) 100vw, 768px\" \/>\t\t\t\t\t\t\t\t\t\t\t\t\t<\/div>\n\t\t\t\t<\/div>\n\t\t\t\t<div class=\"elementor-element elementor-element-798e25d elementor-widget elementor-widget-text-editor\" data-id=\"798e25d\" data-element_type=\"widget\" data-widget_type=\"text-editor.default\">\n\t\t\t\t<div class=\"elementor-widget-container\">\n\t\t\t\t\t\t\t<p>En Indian\u00e1polis, la area norte destaca como la zona m\u00e1s costosa con un precio promedio de $420,000.<\/p><p>Mientras que la zona oeste puede ser para aquellos que buscan opciones m\u00e1s accesibles, donde el precio promedio de una vivienda es de $117,500.<\/p>\t\t\t\t\t\t<\/div>\n\t\t\t\t<\/div>\n\t\t\t\t<div class=\"elementor-element elementor-element-17ead41 elementor-widget elementor-widget-spacer\" data-id=\"17ead41\" data-element_type=\"widget\" data-widget_type=\"spacer.default\">\n\t\t\t\t<div class=\"elementor-widget-container\">\n\t\t\t\t\t<div class=\"elementor-spacer\">\n\t\t\t<div class=\"elementor-spacer-inner\"><\/div>\n\t\t<\/div>\n\t\t\t\t<\/div>\n\t\t\t\t<\/div>\n\t\t\t\t<div class=\"elementor-element elementor-element-08630a6 elementor-widget elementor-widget-heading\" data-id=\"08630a6\" data-element_type=\"widget\" data-widget_type=\"heading.default\">\n\t\t\t\t<div class=\"elementor-widget-container\">\n\t\t\t<h2 class=\"elementor-heading-title elementor-size-default\">Seymour, IN<\/h2>\t\t<\/div>\n\t\t\t\t<\/div>\n\t\t\t\t<div class=\"elementor-element elementor-element-c252fd0 elementor-widget elementor-widget-image\" data-id=\"c252fd0\" data-element_type=\"widget\" data-widget_type=\"image.default\">\n\t\t\t\t<div class=\"elementor-widget-container\">\n\t\t\t\t\t\t\t\t\t\t\t\t\t<img decoding=\"async\" width=\"768\" height=\"535\" src=\"https:\/\/buyhouseez.com\/es\/wp-content\/uploads\/sites\/2\/2024\/02\/Seymour-768x535.jpg\" class=\"attachment-medium_large size-medium_large wp-image-3098\" alt=\"Seymour\" srcset=\"https:\/\/buyhouseez.com\/es\/wp-content\/uploads\/sites\/2\/2024\/02\/Seymour-768x535.jpg 768w, https:\/\/buyhouseez.com\/es\/wp-content\/uploads\/sites\/2\/2024\/02\/Seymour-300x209.jpg 300w, https:\/\/buyhouseez.com\/es\/wp-content\/uploads\/sites\/2\/2024\/02\/Seymour-1030x717.jpg 1030w, https:\/\/buyhouseez.com\/es\/wp-content\/uploads\/sites\/2\/2024\/02\/Seymour-1536x1070.jpg 1536w, https:\/\/buyhouseez.com\/es\/wp-content\/uploads\/sites\/2\/2024\/02\/Seymour-2048x1426.jpg 2048w, https:\/\/buyhouseez.com\/es\/wp-content\/uploads\/sites\/2\/2024\/02\/Seymour-150x104.jpg 150w\" sizes=\"(max-width: 768px) 100vw, 768px\" \/>\t\t\t\t\t\t\t\t\t\t\t\t\t<\/div>\n\t\t\t\t<\/div>\n\t\t\t\t<div class=\"elementor-element elementor-element-529656e elementor-widget elementor-widget-text-editor\" data-id=\"529656e\" data-element_type=\"widget\" data-widget_type=\"text-editor.default\">\n\t\t\t\t<div class=\"elementor-widget-container\">\n\t\t\t\t\t\t\t<p>Con 21.618 personas, 7.968 casas o apartamentos y un costo promedio de las viviendas de $162.346 d\u00f3lares, los precios de las viviendas en Seymour est\u00e1n s\u00f3lidamente por debajo del promedio nacional.<\/p><p>Seymour es una de las comunidades con mayor apreciaci\u00f3n del pa\u00eds durante el \u00faltimo trimestre y puede indicar la fortaleza de la inversi\u00f3n inmobiliaria en el futuro cercano de la ciudad.<\/p>\t\t\t\t\t\t<\/div>\n\t\t\t\t<\/div>\n\t\t\t\t<div class=\"elementor-element elementor-element-b406e78 elementor-widget elementor-widget-spacer\" data-id=\"b406e78\" data-element_type=\"widget\" data-widget_type=\"spacer.default\">\n\t\t\t\t<div class=\"elementor-widget-container\">\n\t\t\t\t\t<div class=\"elementor-spacer\">\n\t\t\t<div class=\"elementor-spacer-inner\"><\/div>\n\t\t<\/div>\n\t\t\t\t<\/div>\n\t\t\t\t<\/div>\n\t\t\t\t\t<\/div>\n\t\t\t\t<\/div>\n\t\t<div class=\"elementor-element elementor-element-b452b75 e-flex e-con-boxed e-con e-parent\" data-id=\"b452b75\" data-element_type=\"container\">\n\t\t\t\t\t<div class=\"e-con-inner\">\n\t\t\t\t<div class=\"elementor-element elementor-element-3aca15a elementor-widget elementor-widget-spacer\" data-id=\"3aca15a\" data-element_type=\"widget\" data-widget_type=\"spacer.default\">\n\t\t\t\t<div class=\"elementor-widget-container\">\n\t\t\t\t\t<div class=\"elementor-spacer\">\n\t\t\t<div class=\"elementor-spacer-inner\"><\/div>\n\t\t<\/div>\n\t\t\t\t<\/div>\n\t\t\t\t<\/div>\n\t\t\t\t<div class=\"elementor-element elementor-element-d3460cb elementor-widget elementor-widget-heading\" data-id=\"d3460cb\" data-element_type=\"widget\" data-widget_type=\"heading.default\">\n\t\t\t\t<div class=\"elementor-widget-container\">\n\t\t\t<h2 class=\"elementor-heading-title elementor-size-default\">\u00bfDificultades para obtener una hipoteca de los bancos?<\/h2>\t\t<\/div>\n\t\t\t\t<\/div>\n\t\t\t\t\t<\/div>\n\t\t\t\t<\/div>\n\t\t<div class=\"elementor-element elementor-element-c1c4077 e-grid e-con-boxed e-con e-parent\" data-id=\"c1c4077\" data-element_type=\"container\">\n\t\t\t\t\t<div class=\"e-con-inner\">\n\t\t\t\t<div class=\"elementor-element elementor-element-d8343ff elementor-position-top elementor-widget elementor-widget-image-box\" data-id=\"d8343ff\" data-element_type=\"widget\" data-widget_type=\"image-box.default\">\n\t\t\t\t<div class=\"elementor-widget-container\">\n\t\t\t<div class=\"elementor-image-box-wrapper\"><figure class=\"elementor-image-box-img\"><img decoding=\"async\" width=\"916\" height=\"846\" src=\"https:\/\/buyhouseez.com\/es\/wp-content\/uploads\/sites\/2\/2023\/11\/TAX-RETURNS.png\" class=\"attachment-full size-full wp-image-2117\" alt=\"Limited Credit History\" srcset=\"https:\/\/buyhouseez.com\/es\/wp-content\/uploads\/sites\/2\/2023\/11\/TAX-RETURNS.png 916w, https:\/\/buyhouseez.com\/es\/wp-content\/uploads\/sites\/2\/2023\/11\/TAX-RETURNS-300x277.png 300w, https:\/\/buyhouseez.com\/es\/wp-content\/uploads\/sites\/2\/2023\/11\/TAX-RETURNS-768x709.png 768w, https:\/\/buyhouseez.com\/es\/wp-content\/uploads\/sites\/2\/2023\/11\/TAX-RETURNS-150x139.png 150w\" sizes=\"(max-width: 916px) 100vw, 916px\" \/><\/figure><div class=\"elementor-image-box-content\"><h3 class=\"elementor-image-box-title\">Historial crediticio limitado<\/h3><p class=\"elementor-image-box-description\">Los prestamistas tradicionales \nsuelen requerir un historial \ncrediticio bueno para la \naprobaci\u00f3n del pr\u00e9stamo.<\/p><\/div><\/div>\t\t<\/div>\n\t\t\t\t<\/div>\n\t\t\t\t<div class=\"elementor-element elementor-element-6a474ae elementor-position-top elementor-widget elementor-widget-image-box\" data-id=\"6a474ae\" data-element_type=\"widget\" data-widget_type=\"image-box.default\">\n\t\t\t\t<div class=\"elementor-widget-container\">\n\t\t\t<div class=\"elementor-image-box-wrapper\"><figure class=\"elementor-image-box-img\"><img loading=\"lazy\" decoding=\"async\" width=\"836\" height=\"896\" src=\"https:\/\/buyhouseez.com\/es\/wp-content\/uploads\/sites\/2\/2023\/11\/ID-ISSUED-BY-THE-GOVERNMENT.png\" class=\"attachment-full size-full wp-image-2116\" alt=\"ITIN Holders\" srcset=\"https:\/\/buyhouseez.com\/es\/wp-content\/uploads\/sites\/2\/2023\/11\/ID-ISSUED-BY-THE-GOVERNMENT.png 836w, https:\/\/buyhouseez.com\/es\/wp-content\/uploads\/sites\/2\/2023\/11\/ID-ISSUED-BY-THE-GOVERNMENT-280x300.png 280w, https:\/\/buyhouseez.com\/es\/wp-content\/uploads\/sites\/2\/2023\/11\/ID-ISSUED-BY-THE-GOVERNMENT-768x823.png 768w, https:\/\/buyhouseez.com\/es\/wp-content\/uploads\/sites\/2\/2023\/11\/ID-ISSUED-BY-THE-GOVERNMENT-150x161.png 150w\" sizes=\"(max-width: 836px) 100vw, 836px\" \/><\/figure><div class=\"elementor-image-box-content\"><h3 class=\"elementor-image-box-title\">Personas con N\u00fameros ITIN<\/h3><p class=\"elementor-image-box-description\">Trabajadores con ITIN enfrentan desaf\u00edos al \nacceder a financiamiento para vivienda \ndebido a la ausencia de un N\u00famero de \nSeguro Social.<\/p><\/div><\/div>\t\t<\/div>\n\t\t\t\t<\/div>\n\t\t\t\t<div class=\"elementor-element elementor-element-31531d0 elementor-position-top elementor-widget elementor-widget-image-box\" data-id=\"31531d0\" data-element_type=\"widget\" data-widget_type=\"image-box.default\">\n\t\t\t\t<div class=\"elementor-widget-container\">\n\t\t\t<div class=\"elementor-image-box-wrapper\"><figure class=\"elementor-image-box-img\"><img loading=\"lazy\" decoding=\"async\" width=\"872\" height=\"870\" src=\"https:\/\/buyhouseez.com\/es\/wp-content\/uploads\/sites\/2\/2023\/11\/INCREASE-YOUR-CLOSINGS.png\" class=\"attachment-full size-full wp-image-2101\" alt=\"Chronic Renters\" srcset=\"https:\/\/buyhouseez.com\/es\/wp-content\/uploads\/sites\/2\/2023\/11\/INCREASE-YOUR-CLOSINGS.png 872w, https:\/\/buyhouseez.com\/es\/wp-content\/uploads\/sites\/2\/2023\/11\/INCREASE-YOUR-CLOSINGS-300x300.png 300w, https:\/\/buyhouseez.com\/es\/wp-content\/uploads\/sites\/2\/2023\/11\/INCREASE-YOUR-CLOSINGS-80x80.png 80w, https:\/\/buyhouseez.com\/es\/wp-content\/uploads\/sites\/2\/2023\/11\/INCREASE-YOUR-CLOSINGS-768x766.png 768w, https:\/\/buyhouseez.com\/es\/wp-content\/uploads\/sites\/2\/2023\/11\/INCREASE-YOUR-CLOSINGS-96x96.png 96w, https:\/\/buyhouseez.com\/es\/wp-content\/uploads\/sites\/2\/2023\/11\/INCREASE-YOUR-CLOSINGS-150x150.png 150w\" sizes=\"(max-width: 872px) 100vw, 872px\" \/><\/figure><div class=\"elementor-image-box-content\"><h3 class=\"elementor-image-box-title\">Inquilinos cr\u00f3nicos<\/h3><p class=\"elementor-image-box-description\">Personas quedan atrapadas \nen un ciclo de alquiler debido a \ndificultades para calificar para \npr\u00e9stamos convencionales.<\/p><\/div><\/div>\t\t<\/div>\n\t\t\t\t<\/div>\n\t\t\t\t\t<\/div>\n\t\t\t\t<\/div>\n\t\t\t\t<section class=\"elementor-section elementor-top-section elementor-element elementor-element-3aff16a elementor-section-boxed elementor-section-height-default elementor-section-height-default\" data-id=\"3aff16a\" data-element_type=\"section\" data-settings=\"{&quot;background_background&quot;:&quot;classic&quot;,&quot;background_motion_fx_motion_fx_scrolling&quot;:&quot;yes&quot;,&quot;background_motion_fx_motion_fx_mouse&quot;:&quot;yes&quot;,&quot;background_motion_fx_devices&quot;:[&quot;desktop&quot;,&quot;tablet&quot;,&quot;mobile&quot;]}\">\n\t\t\t\t\t\t<div class=\"elementor-container elementor-column-gap-default\">\n\t\t\t\t\t<div class=\"elementor-column elementor-col-100 elementor-top-column elementor-element elementor-element-56737a2\" data-id=\"56737a2\" data-element_type=\"column\">\n\t\t\t<div class=\"elementor-widget-wrap elementor-element-populated\">\n\t\t\t\t\t\t<div class=\"elementor-element elementor-element-379be4b elementor-widget elementor-widget-heading\" data-id=\"379be4b\" data-element_type=\"widget\" data-widget_type=\"heading.default\">\n\t\t\t\t<div class=\"elementor-widget-container\">\n\t\t\t<h2 class=\"elementor-heading-title elementor-size-default\">Su historia como propietario comienza aqu\u00ed<\/h2>\t\t<\/div>\n\t\t\t\t<\/div>\n\t\t\t\t\t<\/div>\n\t\t<\/div>\n\t\t\t\t\t<\/div>\n\t\t<\/section>\n\t\t\t\t<section class=\"elementor-section elementor-top-section elementor-element elementor-element-dae4f38 elementor-section-boxed elementor-section-height-default elementor-section-height-default\" data-id=\"dae4f38\" data-element_type=\"section\" data-settings=\"{&quot;background_background&quot;:&quot;classic&quot;,&quot;background_motion_fx_motion_fx_scrolling&quot;:&quot;yes&quot;,&quot;background_motion_fx_translateY_effect&quot;:&quot;yes&quot;,&quot;background_motion_fx_motion_fx_mouse&quot;:&quot;yes&quot;,&quot;background_motion_fx_translateY_speed&quot;:{&quot;unit&quot;:&quot;px&quot;,&quot;size&quot;:4,&quot;sizes&quot;:[]},&quot;background_motion_fx_translateY_affectedRange&quot;:{&quot;unit&quot;:&quot;%&quot;,&quot;size&quot;:&quot;&quot;,&quot;sizes&quot;:{&quot;start&quot;:0,&quot;end&quot;:100}},&quot;background_motion_fx_devices&quot;:[&quot;desktop&quot;,&quot;tablet&quot;,&quot;mobile&quot;]}\">\n\t\t\t\t\t\t<div class=\"elementor-container elementor-column-gap-default\">\n\t\t\t\t\t<div class=\"elementor-column elementor-col-33 elementor-top-column elementor-element elementor-element-a50d97f\" data-id=\"a50d97f\" data-element_type=\"column\">\n\t\t\t<div class=\"elementor-widget-wrap elementor-element-populated\">\n\t\t\t\t\t\t<div class=\"elementor-element elementor-element-24e99ab elementor-position-top elementor-widget elementor-widget-image-box\" data-id=\"24e99ab\" data-element_type=\"widget\" data-widget_type=\"image-box.default\">\n\t\t\t\t<div class=\"elementor-widget-container\">\n\t\t\t<div class=\"elementor-image-box-wrapper\"><figure class=\"elementor-image-box-img\"><img loading=\"lazy\" decoding=\"async\" width=\"934\" height=\"918\" src=\"https:\/\/buyhouseez.com\/es\/wp-content\/uploads\/sites\/2\/2023\/11\/GET-APPROVED-1.png\" class=\"attachment-full size-full wp-image-2131\" alt=\"\" srcset=\"https:\/\/buyhouseez.com\/es\/wp-content\/uploads\/sites\/2\/2023\/11\/GET-APPROVED-1.png 934w, https:\/\/buyhouseez.com\/es\/wp-content\/uploads\/sites\/2\/2023\/11\/GET-APPROVED-1-300x295.png 300w, https:\/\/buyhouseez.com\/es\/wp-content\/uploads\/sites\/2\/2023\/11\/GET-APPROVED-1-80x80.png 80w, https:\/\/buyhouseez.com\/es\/wp-content\/uploads\/sites\/2\/2023\/11\/GET-APPROVED-1-768x755.png 768w, https:\/\/buyhouseez.com\/es\/wp-content\/uploads\/sites\/2\/2023\/11\/GET-APPROVED-1-150x147.png 150w\" sizes=\"(max-width: 934px) 100vw, 934px\" \/><\/figure><div class=\"elementor-image-box-content\"><h3 class=\"elementor-image-box-title\">Aprueba<\/h3><p class=\"elementor-image-box-description\">No lidieamos en 'quiz\u00e1s'; una vez que calificas, es hora de comenzar tu viaje de compra de vivienda con tu presupuesto aprobado.<\/p><\/div><\/div>\t\t<\/div>\n\t\t\t\t<\/div>\n\t\t\t\t\t<\/div>\n\t\t<\/div>\n\t\t\t\t<div class=\"elementor-column elementor-col-33 elementor-top-column elementor-element elementor-element-fa0dcaf\" data-id=\"fa0dcaf\" data-element_type=\"column\">\n\t\t\t<div class=\"elementor-widget-wrap elementor-element-populated\">\n\t\t\t\t\t\t<div class=\"elementor-element elementor-element-7713435 elementor-position-top elementor-widget elementor-widget-image-box\" data-id=\"7713435\" data-element_type=\"widget\" data-widget_type=\"image-box.default\">\n\t\t\t\t<div class=\"elementor-widget-container\">\n\t\t\t<div class=\"elementor-image-box-wrapper\"><figure class=\"elementor-image-box-img\"><img loading=\"lazy\" decoding=\"async\" width=\"973\" height=\"800\" src=\"https:\/\/buyhouseez.com\/es\/wp-content\/uploads\/sites\/2\/2023\/11\/FIND-YOUR-HOME-1.png\" class=\"attachment-full size-full wp-image-2132\" alt=\"\" srcset=\"https:\/\/buyhouseez.com\/es\/wp-content\/uploads\/sites\/2\/2023\/11\/FIND-YOUR-HOME-1.png 973w, https:\/\/buyhouseez.com\/es\/wp-content\/uploads\/sites\/2\/2023\/11\/FIND-YOUR-HOME-1-300x247.png 300w, https:\/\/buyhouseez.com\/es\/wp-content\/uploads\/sites\/2\/2023\/11\/FIND-YOUR-HOME-1-768x631.png 768w, https:\/\/buyhouseez.com\/es\/wp-content\/uploads\/sites\/2\/2023\/11\/FIND-YOUR-HOME-1-150x123.png 150w\" sizes=\"(max-width: 973px) 100vw, 973px\" \/><\/figure><div class=\"elementor-image-box-content\"><h3 class=\"elementor-image-box-title\">Encuentra tu hogar<\/h3><p class=\"elementor-image-box-description\">Comiensa a buscar una casa con el presupuesto aprobado. BuyHouseEZ compra la propiedad \npor ti, en una transacci\u00f3n completa en \nefectivo y tu obtiene las llaves de \ntu nuevo hogar.<\/p><\/div><\/div>\t\t<\/div>\n\t\t\t\t<\/div>\n\t\t\t\t\t<\/div>\n\t\t<\/div>\n\t\t\t\t<div class=\"elementor-column elementor-col-33 elementor-top-column elementor-element elementor-element-7c0bd1e\" data-id=\"7c0bd1e\" data-element_type=\"column\">\n\t\t\t<div class=\"elementor-widget-wrap elementor-element-populated\">\n\t\t\t\t\t\t<div class=\"elementor-element elementor-element-90c2c73 elementor-position-top elementor-widget elementor-widget-image-box\" data-id=\"90c2c73\" data-element_type=\"widget\" data-widget_type=\"image-box.default\">\n\t\t\t\t<div class=\"elementor-widget-container\">\n\t\t\t<div class=\"elementor-image-box-wrapper\"><figure class=\"elementor-image-box-img\"><img loading=\"lazy\" decoding=\"async\" width=\"951\" height=\"842\" src=\"https:\/\/buyhouseez.com\/es\/wp-content\/uploads\/sites\/2\/2023\/11\/MOVE-IN-AND-START-OWNING-YOUR-HOME-1.png\" class=\"attachment-full size-full wp-image-2133\" alt=\"\" srcset=\"https:\/\/buyhouseez.com\/es\/wp-content\/uploads\/sites\/2\/2023\/11\/MOVE-IN-AND-START-OWNING-YOUR-HOME-1.png 951w, https:\/\/buyhouseez.com\/es\/wp-content\/uploads\/sites\/2\/2023\/11\/MOVE-IN-AND-START-OWNING-YOUR-HOME-1-300x266.png 300w, https:\/\/buyhouseez.com\/es\/wp-content\/uploads\/sites\/2\/2023\/11\/MOVE-IN-AND-START-OWNING-YOUR-HOME-1-768x680.png 768w, https:\/\/buyhouseez.com\/es\/wp-content\/uploads\/sites\/2\/2023\/11\/MOVE-IN-AND-START-OWNING-YOUR-HOME-1-150x133.png 150w\" sizes=\"(max-width: 951px) 100vw, 951px\" \/><\/figure><div class=\"elementor-image-box-content\"><h3 class=\"elementor-image-box-title\">M\u00fadate y comienza a ser due\u00f1o de tu casa<\/h3><p class=\"elementor-image-box-description\">BuyHouseEZ te establece en un pr\u00e9stamo y \ncomienzas a construir estabilidad. No se trata de alquilar, se trata de ser propietario.<\/p><\/div><\/div>\t\t<\/div>\n\t\t\t\t<\/div>\n\t\t\t\t\t<\/div>\n\t\t<\/div>\n\t\t\t\t\t<\/div>\n\t\t<\/section>\n\t\t<div class=\"elementor-element elementor-element-03e51b0 e-flex e-con-boxed e-con e-parent\" data-id=\"03e51b0\" data-element_type=\"container\" data-settings=\"{&quot;background_background&quot;:&quot;classic&quot;}\">\n\t\t\t\t\t<div class=\"e-con-inner\">\n\t\t\t\t<div class=\"elementor-element elementor-element-d74ab7a elementor-align-center elementor-widget elementor-widget-button\" data-id=\"d74ab7a\" data-element_type=\"widget\" data-widget_type=\"button.default\">\n\t\t\t\t<div class=\"elementor-widget-container\">\n\t\t\t\t\t<div class=\"elementor-button-wrapper\">\n\t\t\t<a class=\"elementor-button elementor-button-link elementor-size-sm\" href=\"https:\/\/buyhouseez.com\/es\/how-it-works\/\" target=\"_blank\">\n\t\t\t\t\t\t<span class=\"elementor-button-content-wrapper\">\n\t\t\t\t\t\t\t\t\t<span class=\"elementor-button-text\">C\u00f3mo funciona<\/span>\n\t\t\t\t\t<\/span>\n\t\t\t\t\t<\/a>\n\t\t<\/div>\n\t\t\t\t<\/div>\n\t\t\t\t<\/div>\n\t\t\t\t\t<\/div>\n\t\t\t\t<\/div>\n\t\t\t\t<\/div>\n\t\t","protected":false},"excerpt":{"rendered":"<p>Financiamiento de casas sin verificaci\u00f3n de cr\u00e9dito para individuos con ITIN en Indiana En BuyHouseEZ, capacitamos a personas trabajadoras para lograr la comprar su casa, sin verificar el puntaje crediticio. Personalizamos la experiencia para que se ajuste a tu estilo de vida \u00fanico, todo dentro del contexto de la vibrante diversidad cultural de Indiana. \u00a1Aprueba [&hellip;]<\/p>\n","protected":false},"author":15,"featured_media":0,"parent":0,"menu_order":0,"comment_status":"closed","ping_status":"closed","template":"","meta":{"footnotes":""},"class_list":["post-2788","page","type-page","status-publish","hentry"],"_links":{"self":[{"href":"https:\/\/buyhouseez.com\/es\/wp-json\/wp\/v2\/pages\/2788","targetHints":{"allow":["GET"]}}],"collection":[{"href":"https:\/\/buyhouseez.com\/es\/wp-json\/wp\/v2\/pages"}],"about":[{"href":"https:\/\/buyhouseez.com\/es\/wp-json\/wp\/v2\/types\/page"}],"author":[{"embeddable":true,"href":"https:\/\/buyhouseez.com\/es\/wp-json\/wp\/v2\/users\/15"}],"replies":[{"embeddable":true,"href":"https:\/\/buyhouseez.com\/es\/wp-json\/wp\/v2\/comments?post=2788"}],"version-history":[{"count":59,"href":"https:\/\/buyhouseez.com\/es\/wp-json\/wp\/v2\/pages\/2788\/revisions"}],"predecessor-version":[{"id":4558,"href":"https:\/\/buyhouseez.com\/es\/wp-json\/wp\/v2\/pages\/2788\/revisions\/4558"}],"wp:attachment":[{"href":"https:\/\/buyhouseez.com\/es\/wp-json\/wp\/v2\/media?parent=2788"}],"curies":[{"name":"wp","href":"https:\/\/api.w.org\/{rel}","templated":true}]}}