{"id":2532,"date":"2023-12-06T07:52:18","date_gmt":"2023-12-06T11:52:18","guid":{"rendered":"https:\/\/buyhouseez.com\/es\/?page_id=2532"},"modified":"2024-06-19T10:17:06","modified_gmt":"2024-06-19T14:17:06","slug":"blog","status":"publish","type":"page","link":"https:\/\/buyhouseez.com\/es\/blog\/","title":{"rendered":"Blogs"},"content":{"rendered":"\t\t<div data-elementor-type=\"wp-page\" data-elementor-id=\"2532\" class=\"elementor elementor-2532\" data-elementor-post-type=\"page\">\n\t\t\t\t<div class=\"elementor-element elementor-element-816be56 e-flex e-con-boxed e-con e-parent\" data-id=\"816be56\" data-element_type=\"container\">\n\t\t\t\t\t<div class=\"e-con-inner\">\n\t\t\t\t<div class=\"elementor-element elementor-element-519203ed elementor-widget__width-initial elementor-search-form--skin-minimal elementor-widget elementor-widget-search-form\" data-id=\"519203ed\" data-element_type=\"widget\" data-settings=\"{&quot;skin&quot;:&quot;minimal&quot;}\" data-widget_type=\"search-form.default\">\n\t\t\t\t<div class=\"elementor-widget-container\">\n\t\t\t\t\t<search role=\"search\">\n\t\t\t<form class=\"elementor-search-form\" action=\"https:\/\/buyhouseez.com\/es\" method=\"get\">\n\t\t\t\t\t\t\t\t\t\t\t\t<div class=\"elementor-search-form__container\">\n\t\t\t\t\t<label class=\"elementor-screen-only\" for=\"elementor-search-form-519203ed\">Search<\/label>\n\n\t\t\t\t\t\t\t\t\t\t\t<div class=\"elementor-search-form__icon\">\n\t\t\t\t\t\t\t<i aria-hidden=\"true\" class=\"fas fa-search\"><\/i>\t\t\t\t\t\t\t<span class=\"elementor-screen-only\">Search<\/span>\n\t\t\t\t\t\t<\/div>\n\t\t\t\t\t\n\t\t\t\t\t<input id=\"elementor-search-form-519203ed\" placeholder=\"Search...\" class=\"elementor-search-form__input\" type=\"search\" name=\"s\" value=\"\">\n\t\t\t\t\t\n\t\t\t\t\t\n\t\t\t\t\t\t\t\t\t<\/div>\n\t\t\t<\/form>\n\t\t<\/search>\n\t\t\t\t<\/div>\n\t\t\t\t<\/div>\n\t\t\t\t<div class=\"elementor-element elementor-element-1153dda3 elementor-grid-1 elementor-posts--thumbnail-left elementor-hidden-desktop elementor-hidden-tablet elementor-hidden-mobile elementor-grid-tablet-2 elementor-grid-mobile-1 elementor-widget elementor-widget-posts\" data-id=\"1153dda3\" data-element_type=\"widget\" data-settings=\"{&quot;classic_columns&quot;:&quot;1&quot;,&quot;classic_columns_tablet&quot;:&quot;2&quot;,&quot;classic_columns_mobile&quot;:&quot;1&quot;,&quot;classic_row_gap&quot;:{&quot;unit&quot;:&quot;px&quot;,&quot;size&quot;:35,&quot;sizes&quot;:[]},&quot;classic_row_gap_tablet&quot;:{&quot;unit&quot;:&quot;px&quot;,&quot;size&quot;:&quot;&quot;,&quot;sizes&quot;:[]},&quot;classic_row_gap_mobile&quot;:{&quot;unit&quot;:&quot;px&quot;,&quot;size&quot;:&quot;&quot;,&quot;sizes&quot;:[]}}\" data-widget_type=\"posts.classic\">\n\t\t\t\t<div class=\"elementor-widget-container\">\n\t\t\t\t\t<div class=\"elementor-posts-container elementor-posts elementor-posts--skin-classic elementor-grid\">\n\t\t\t\t<article class=\"elementor-post elementor-grid-item post-1463 post type-post status-publish format-standard has-post-thumbnail hentry category-buying-a-home\">\n\t\t\t\t<a class=\"elementor-post__thumbnail__link\" href=\"https:\/\/buyhouseez.com\/es\/programas-para-comprar-casa-por-primera-vez\/\" tabindex=\"-1\" >\n\t\t\t<div class=\"elementor-post__thumbnail\"><img fetchpriority=\"high\" decoding=\"async\" width=\"300\" height=\"200\" src=\"https:\/\/buyhouseez.com\/es\/wp-content\/uploads\/sites\/2\/2022\/05\/10-reasons-to-buy-300x200.jpg\" class=\"attachment-medium size-medium wp-image-1182\" alt=\"programas para comprar casa por primera vez\" srcset=\"https:\/\/buyhouseez.com\/es\/wp-content\/uploads\/sites\/2\/2022\/05\/10-reasons-to-buy-300x200.jpg 300w, https:\/\/buyhouseez.com\/es\/wp-content\/uploads\/sites\/2\/2022\/05\/10-reasons-to-buy-768x512.jpg 768w, https:\/\/buyhouseez.com\/es\/wp-content\/uploads\/sites\/2\/2022\/05\/10-reasons-to-buy.jpg 960w\" sizes=\"(max-width: 300px) 100vw, 300px\" \/><\/div>\n\t\t<\/a>\n\t\t\t\t<div class=\"elementor-post__text\">\n\t\t\t\t<h3 class=\"elementor-post__title\">\n\t\t\t<a href=\"https:\/\/buyhouseez.com\/es\/programas-para-comprar-casa-por-primera-vez\/\" >\n\t\t\t\t\u00bfQu\u00e9 Programas para Comprar Casa por Primera Vez Hay en 2025?\t\t\t<\/a>\n\t\t<\/h3>\n\t\t\t\t<div class=\"elementor-post__meta-data\">\n\t\t\t\t\t<span class=\"elementor-post-date\">\n\t\t\tJune 22, 2025\t\t<\/span>\n\t\t\t\t<span class=\"elementor-post-avatar\">\n\t\t\tNo Comments\t\t<\/span>\n\t\t\t\t<\/div>\n\t\t\t\t<div class=\"elementor-post__excerpt\">\n\t\t\t<p>Programas para Comprar Casa por Primera Vez en 2025 Comprar una casa es uno de los logros financieros m\u00e1s significativos en la vida, y para<\/p>\n\t\t<\/div>\n\t\t\t\t<\/div>\n\t\t\t\t<\/article>\n\t\t\t\t<\/div>\n\t\t\n\t\t\t\t<\/div>\n\t\t\t\t<\/div>\n\t\t\t\t\t<\/div>\n\t\t\t\t<\/div>\n\t\t<div class=\"elementor-element elementor-element-f1348bc e-flex e-con-boxed e-con e-parent\" data-id=\"f1348bc\" data-element_type=\"container\">\n\t\t\t\t\t<div class=\"e-con-inner\">\n\t\t\t\t<div class=\"elementor-element elementor-element-558e73e elementor-grid-3 elementor-grid-tablet-2 elementor-grid-mobile-1 elementor-posts--thumbnail-top elementor-widget elementor-widget-posts\" data-id=\"558e73e\" data-element_type=\"widget\" data-settings=\"{&quot;classic_row_gap&quot;:{&quot;unit&quot;:&quot;px&quot;,&quot;size&quot;:50,&quot;sizes&quot;:[]},&quot;classic_columns&quot;:&quot;3&quot;,&quot;classic_columns_tablet&quot;:&quot;2&quot;,&quot;classic_columns_mobile&quot;:&quot;1&quot;,&quot;classic_row_gap_tablet&quot;:{&quot;unit&quot;:&quot;px&quot;,&quot;size&quot;:&quot;&quot;,&quot;sizes&quot;:[]},&quot;classic_row_gap_mobile&quot;:{&quot;unit&quot;:&quot;px&quot;,&quot;size&quot;:&quot;&quot;,&quot;sizes&quot;:[]}}\" data-widget_type=\"posts.classic\">\n\t\t\t\t<div class=\"elementor-widget-container\">\n\t\t\t\t\t<div class=\"elementor-posts-container elementor-posts elementor-posts--skin-classic elementor-grid\">\n\t\t\t\t<article class=\"elementor-post elementor-grid-item post-1463 post type-post status-publish format-standard has-post-thumbnail hentry category-buying-a-home\">\n\t\t\t\t<a class=\"elementor-post__thumbnail__link\" href=\"https:\/\/buyhouseez.com\/es\/programas-para-comprar-casa-por-primera-vez\/\" tabindex=\"-1\" >\n\t\t\t<div class=\"elementor-post__thumbnail\"><img fetchpriority=\"high\" decoding=\"async\" width=\"300\" height=\"200\" src=\"https:\/\/buyhouseez.com\/es\/wp-content\/uploads\/sites\/2\/2022\/05\/10-reasons-to-buy-300x200.jpg\" class=\"attachment-medium size-medium wp-image-1182\" alt=\"programas para comprar casa por primera vez\" srcset=\"https:\/\/buyhouseez.com\/es\/wp-content\/uploads\/sites\/2\/2022\/05\/10-reasons-to-buy-300x200.jpg 300w, https:\/\/buyhouseez.com\/es\/wp-content\/uploads\/sites\/2\/2022\/05\/10-reasons-to-buy-768x512.jpg 768w, https:\/\/buyhouseez.com\/es\/wp-content\/uploads\/sites\/2\/2022\/05\/10-reasons-to-buy.jpg 960w\" sizes=\"(max-width: 300px) 100vw, 300px\" \/><\/div>\n\t\t<\/a>\n\t\t\t\t<div class=\"elementor-post__text\">\n\t\t\t\t<h3 class=\"elementor-post__title\">\n\t\t\t<a href=\"https:\/\/buyhouseez.com\/es\/programas-para-comprar-casa-por-primera-vez\/\" >\n\t\t\t\t\u00bfQu\u00e9 Programas para Comprar Casa por Primera Vez Hay en 2025?\t\t\t<\/a>\n\t\t<\/h3>\n\t\t\t\t<div class=\"elementor-post__excerpt\">\n\t\t\t<p>Programas para Comprar Casa por Primera Vez en 2025 Comprar una casa es uno de los logros financieros m\u00e1s significativos en la vida, y para muchos, el camino hacia la propiedad de vivienda comienza con programas dise\u00f1ados espec\u00edficamente para quienes buscan adquirir una vivienda propia por primera vez. Si bien<\/p>\n\t\t<\/div>\n\t\t\t\t<\/div>\n\t\t\t\t<\/article>\n\t\t\t\t<article class=\"elementor-post elementor-grid-item post-4029 post type-post status-publish format-standard has-post-thumbnail hentry category-uncategorized\">\n\t\t\t\t<a class=\"elementor-post__thumbnail__link\" href=\"https:\/\/buyhouseez.com\/es\/cuales-son-los-mitos-mas-comunes-sobre-comprar-casa-sin-credito\/\" tabindex=\"-1\" >\n\t\t\t<div class=\"elementor-post__thumbnail\"><img decoding=\"async\" width=\"300\" height=\"181\" src=\"https:\/\/buyhouseez.com\/es\/wp-content\/uploads\/sites\/2\/2025\/01\/210870193-hechos-o-mitos-simbolo-concepto-palabra-hechos-o-mitos-en-bloques-de-madera-empresario-mano-hermoso-300x181.jpg\" class=\"attachment-medium size-medium wp-image-4030\" alt=\"\" srcset=\"https:\/\/buyhouseez.com\/es\/wp-content\/uploads\/sites\/2\/2025\/01\/210870193-hechos-o-mitos-simbolo-concepto-palabra-hechos-o-mitos-en-bloques-de-madera-empresario-mano-hermoso-300x181.jpg 300w, https:\/\/buyhouseez.com\/es\/wp-content\/uploads\/sites\/2\/2025\/01\/210870193-hechos-o-mitos-simbolo-concepto-palabra-hechos-o-mitos-en-bloques-de-madera-empresario-mano-hermoso-150x91.jpg 150w, https:\/\/buyhouseez.com\/es\/wp-content\/uploads\/sites\/2\/2025\/01\/210870193-hechos-o-mitos-simbolo-concepto-palabra-hechos-o-mitos-en-bloques-de-madera-empresario-mano-hermoso.jpg 450w\" sizes=\"(max-width: 300px) 100vw, 300px\" \/><\/div>\n\t\t<\/a>\n\t\t\t\t<div class=\"elementor-post__text\">\n\t\t\t\t<h3 class=\"elementor-post__title\">\n\t\t\t<a href=\"https:\/\/buyhouseez.com\/es\/cuales-son-los-mitos-mas-comunes-sobre-comprar-casa-sin-credito\/\" >\n\t\t\t\t\u00bfCu\u00e1les Son los Mitos M\u00e1s Comunes Sobre Comprar Casa sin Cr\u00e9dito?\t\t\t<\/a>\n\t\t<\/h3>\n\t\t\t\t<div class=\"elementor-post__excerpt\">\n\t\t\t<p>Para muchas personas, la idea de comprar casa sin un puntaje crediticio parece imposible. Este mito ha limitado a innumerables familias, especialmente en la comunidad latina, que buscan cumplir el sue\u00f1o de tener su propia vivienda. Sin embargo, con soluciones como las que ofrece BuyHouseEZ, es totalmente posible adquirir una<\/p>\n\t\t<\/div>\n\t\t\t\t<\/div>\n\t\t\t\t<\/article>\n\t\t\t\t<article class=\"elementor-post elementor-grid-item post-4022 post type-post status-publish format-standard has-post-thumbnail hentry category-uncategorized\">\n\t\t\t\t<a class=\"elementor-post__thumbnail__link\" href=\"https:\/\/buyhouseez.com\/es\/condiciones-del-mercado-inmobiliario-para-ano-nuevo-debo-comprar-una-casa-al-empezar-2025\/\" tabindex=\"-1\" >\n\t\t\t<div class=\"elementor-post__thumbnail\"><img decoding=\"async\" width=\"259\" height=\"194\" src=\"https:\/\/buyhouseez.com\/es\/wp-content\/uploads\/sites\/2\/2024\/12\/Condiciones-del-Mercado-Inmobiliario-para.jpeg\" class=\"attachment-medium size-medium wp-image-4023\" alt=\"\" srcset=\"https:\/\/buyhouseez.com\/es\/wp-content\/uploads\/sites\/2\/2024\/12\/Condiciones-del-Mercado-Inmobiliario-para.jpeg 259w, https:\/\/buyhouseez.com\/es\/wp-content\/uploads\/sites\/2\/2024\/12\/Condiciones-del-Mercado-Inmobiliario-para-150x112.jpeg 150w\" sizes=\"(max-width: 259px) 100vw, 259px\" \/><\/div>\n\t\t<\/a>\n\t\t\t\t<div class=\"elementor-post__text\">\n\t\t\t\t<h3 class=\"elementor-post__title\">\n\t\t\t<a href=\"https:\/\/buyhouseez.com\/es\/condiciones-del-mercado-inmobiliario-para-ano-nuevo-debo-comprar-una-casa-al-empezar-2025\/\" >\n\t\t\t\tCondiciones del Mercado Inmobiliario para A\u00f1o Nuevo: \u00bfDebo Comprar una Casa al Empezar 2025?\t\t\t<\/a>\n\t\t<\/h3>\n\t\t\t\t<div class=\"elementor-post__excerpt\">\n\t\t\t<p>El inicio de un nuevo a\u00f1o no solo trae metas y prop\u00f3sitos, sino tambi\u00e9n oportunidades especiales para quienes buscan comprar casa. Para la comunidad latina en Estados Unidos, este es un momento clave para evaluar opciones de hipoteca o pr\u00e9stamos privados, ya que los primeros meses del a\u00f1o suelen marcar<\/p>\n\t\t<\/div>\n\t\t\t\t<\/div>\n\t\t\t\t<\/article>\n\t\t\t\t<article class=\"elementor-post elementor-grid-item post-4019 post type-post status-publish format-standard has-post-thumbnail hentry category-uncategorized\">\n\t\t\t\t<a class=\"elementor-post__thumbnail__link\" href=\"https:\/\/buyhouseez.com\/es\/los-mejores-estados-para-comprar-casa-si-no-tienes-historial-crediticio\/\" tabindex=\"-1\" >\n\t\t\t<div class=\"elementor-post__thumbnail\"><img loading=\"lazy\" decoding=\"async\" width=\"300\" height=\"200\" src=\"https:\/\/buyhouseez.com\/es\/wp-content\/uploads\/sites\/2\/2024\/12\/Los-Mejores-Estados-para-Comprar-Casa-si-No-Tienes-Historial-Crediticio-300x200.jpg\" class=\"attachment-medium size-medium wp-image-4020\" alt=\"\" srcset=\"https:\/\/buyhouseez.com\/es\/wp-content\/uploads\/sites\/2\/2024\/12\/Los-Mejores-Estados-para-Comprar-Casa-si-No-Tienes-Historial-Crediticio-300x200.jpg 300w, https:\/\/buyhouseez.com\/es\/wp-content\/uploads\/sites\/2\/2024\/12\/Los-Mejores-Estados-para-Comprar-Casa-si-No-Tienes-Historial-Crediticio-768x512.jpg 768w, https:\/\/buyhouseez.com\/es\/wp-content\/uploads\/sites\/2\/2024\/12\/Los-Mejores-Estados-para-Comprar-Casa-si-No-Tienes-Historial-Crediticio-150x100.jpg 150w, https:\/\/buyhouseez.com\/es\/wp-content\/uploads\/sites\/2\/2024\/12\/Los-Mejores-Estados-para-Comprar-Casa-si-No-Tienes-Historial-Crediticio.jpg 800w\" sizes=\"(max-width: 300px) 100vw, 300px\" \/><\/div>\n\t\t<\/a>\n\t\t\t\t<div class=\"elementor-post__text\">\n\t\t\t\t<h3 class=\"elementor-post__title\">\n\t\t\t<a href=\"https:\/\/buyhouseez.com\/es\/los-mejores-estados-para-comprar-casa-si-no-tienes-historial-crediticio\/\" >\n\t\t\t\tLos Mejores Estados para Comprar Casa si No Tienes Historial Crediticio\t\t\t<\/a>\n\t\t<\/h3>\n\t\t\t\t<div class=\"elementor-post__excerpt\">\n\t\t\t<p>Comprar casa en Estados Unidos puede ser un desaf\u00edo, especialmente para quienes no tienen un puntaje de cr\u00e9dito o acceso a financiamiento tradicional. Sin embargo, elegir el estado adecuado puede hacer una gran diferencia en este proceso. Algunos estados ofrecen pol\u00edticas m\u00e1s amigables y comunidades accesibles que facilitan la compra<\/p>\n\t\t<\/div>\n\t\t\t\t<\/div>\n\t\t\t\t<\/article>\n\t\t\t\t<article class=\"elementor-post elementor-grid-item post-4016 post type-post status-publish format-standard has-post-thumbnail hentry category-uncategorized\">\n\t\t\t\t<a class=\"elementor-post__thumbnail__link\" href=\"https:\/\/buyhouseez.com\/es\/como-manejar-los-gastos-adicionales-de-comprar-una-casa-sin-historial-crediticio\/\" tabindex=\"-1\" >\n\t\t\t<div class=\"elementor-post__thumbnail\"><img loading=\"lazy\" decoding=\"async\" width=\"300\" height=\"200\" src=\"https:\/\/buyhouseez.com\/es\/wp-content\/uploads\/sites\/2\/2024\/12\/Como-Manejar-los-Gastos-Adicionales-de-Comprar-una-Casa-sin-Historial-Crediticio-300x200.jpg\" class=\"attachment-medium size-medium wp-image-4017\" alt=\"\" srcset=\"https:\/\/buyhouseez.com\/es\/wp-content\/uploads\/sites\/2\/2024\/12\/Como-Manejar-los-Gastos-Adicionales-de-Comprar-una-Casa-sin-Historial-Crediticio-300x200.jpg 300w, https:\/\/buyhouseez.com\/es\/wp-content\/uploads\/sites\/2\/2024\/12\/Como-Manejar-los-Gastos-Adicionales-de-Comprar-una-Casa-sin-Historial-Crediticio-768x512.jpg 768w, https:\/\/buyhouseez.com\/es\/wp-content\/uploads\/sites\/2\/2024\/12\/Como-Manejar-los-Gastos-Adicionales-de-Comprar-una-Casa-sin-Historial-Crediticio-150x100.jpg 150w, https:\/\/buyhouseez.com\/es\/wp-content\/uploads\/sites\/2\/2024\/12\/Como-Manejar-los-Gastos-Adicionales-de-Comprar-una-Casa-sin-Historial-Crediticio.jpg 960w\" sizes=\"(max-width: 300px) 100vw, 300px\" \/><\/div>\n\t\t<\/a>\n\t\t\t\t<div class=\"elementor-post__text\">\n\t\t\t\t<h3 class=\"elementor-post__title\">\n\t\t\t<a href=\"https:\/\/buyhouseez.com\/es\/como-manejar-los-gastos-adicionales-de-comprar-una-casa-sin-historial-crediticio\/\" >\n\t\t\t\tC\u00f3mo Manejar los Gastos Adicionales de Comprar una Casa sin Historial Crediticio\t\t\t<\/a>\n\t\t<\/h3>\n\t\t\t\t<div class=\"elementor-post__excerpt\">\n\t\t\t<p>Comprar casa en Estados Unidos es un objetivo clave para muchas familias inmigrantes que buscan estabilidad y un hogar propio. Sin embargo, el camino hacia la propiedad de vivienda puede ser complicado. Adem\u00e1s del costo de la hipoteca, existen gastos adicionales importantes como impuestos sobre la propiedad, seguros, mantenimiento y<\/p>\n\t\t<\/div>\n\t\t\t\t<\/div>\n\t\t\t\t<\/article>\n\t\t\t\t<article class=\"elementor-post elementor-grid-item post-4014 post type-post status-publish format-standard has-post-thumbnail hentry category-uncategorized\">\n\t\t\t\t<a class=\"elementor-post__thumbnail__link\" href=\"https:\/\/buyhouseez.com\/es\/como-comprar-una-casa-en-estados-unidos-si-eres-nuevo-en-el-pais\/\" tabindex=\"-1\" >\n\t\t\t<div class=\"elementor-post__thumbnail\"><img loading=\"lazy\" decoding=\"async\" width=\"300\" height=\"204\" src=\"https:\/\/buyhouseez.com\/es\/wp-content\/uploads\/sites\/2\/2024\/12\/Como-Comprar-una-Casa-en-Estados-Unidos-Si-Eres-Nuevo-en-el-Pais-300x204.jpg\" class=\"attachment-medium size-medium wp-image-4012\" alt=\"\" srcset=\"https:\/\/buyhouseez.com\/es\/wp-content\/uploads\/sites\/2\/2024\/12\/Como-Comprar-una-Casa-en-Estados-Unidos-Si-Eres-Nuevo-en-el-Pais-300x204.jpg 300w, https:\/\/buyhouseez.com\/es\/wp-content\/uploads\/sites\/2\/2024\/12\/Como-Comprar-una-Casa-en-Estados-Unidos-Si-Eres-Nuevo-en-el-Pais-768x523.jpg 768w, https:\/\/buyhouseez.com\/es\/wp-content\/uploads\/sites\/2\/2024\/12\/Como-Comprar-una-Casa-en-Estados-Unidos-Si-Eres-Nuevo-en-el-Pais-150x102.jpg 150w, https:\/\/buyhouseez.com\/es\/wp-content\/uploads\/sites\/2\/2024\/12\/Como-Comprar-una-Casa-en-Estados-Unidos-Si-Eres-Nuevo-en-el-Pais.jpg 800w\" sizes=\"(max-width: 300px) 100vw, 300px\" \/><\/div>\n\t\t<\/a>\n\t\t\t\t<div class=\"elementor-post__text\">\n\t\t\t\t<h3 class=\"elementor-post__title\">\n\t\t\t<a href=\"https:\/\/buyhouseez.com\/es\/como-comprar-una-casa-en-estados-unidos-si-eres-nuevo-en-el-pais\/\" >\n\t\t\t\tC\u00f3mo Comprar una Casa en Estados Unidos Si Eres Nuevo en el Pa\u00eds\t\t\t<\/a>\n\t\t<\/h3>\n\t\t\t\t<div class=\"elementor-post__excerpt\">\n\t\t\t<p>Establecerse en un nuevo pa\u00eds como Estados Unidos puede ser un desaf\u00edo, especialmente para los inmigrantes latinos que buscan construir un futuro estable. Comprar casa es un paso esencial en el proceso de arraigo, ya que proporciona seguridad y patrimonio para sus familias. Sin embargo, las barreras financieras y burocr\u00e1ticas<\/p>\n\t\t<\/div>\n\t\t\t\t<\/div>\n\t\t\t\t<\/article>\n\t\t\t\t<\/div>\n\t\t\n\t\t\t\t<div class=\"e-load-more-anchor\" data-page=\"1\" data-max-page=\"17\" data-next-page=\"https:\/\/buyhouseez.com\/es\/wp-json\/wp\/v2\/pages\/2532\/page\/2\/\"><\/div>\n\t\t\t\t<nav class=\"elementor-pagination\" aria-label=\"Pagination\">\n\t\t\t<span aria-current=\"page\" class=\"page-numbers current\"><span class=\"elementor-screen-only\">Page<\/span>1<\/span>\n<a class=\"page-numbers\" href=\"https:\/\/buyhouseez.com\/es\/wp-json\/wp\/v2\/pages\/2532\/page\/2\/\"><span class=\"elementor-screen-only\">Page<\/span>2<\/a>\n<a class=\"page-numbers\" href=\"https:\/\/buyhouseez.com\/es\/wp-json\/wp\/v2\/pages\/2532\/page\/3\/\"><span class=\"elementor-screen-only\">Page<\/span>3<\/a>\n<a class=\"page-numbers\" href=\"https:\/\/buyhouseez.com\/es\/wp-json\/wp\/v2\/pages\/2532\/page\/4\/\"><span class=\"elementor-screen-only\">Page<\/span>4<\/a>\n<a class=\"page-numbers\" href=\"https:\/\/buyhouseez.com\/es\/wp-json\/wp\/v2\/pages\/2532\/page\/5\/\"><span class=\"elementor-screen-only\">Page<\/span>5<\/a>\n<a class=\"page-numbers\" href=\"https:\/\/buyhouseez.com\/es\/wp-json\/wp\/v2\/pages\/2532\/page\/6\/\"><span class=\"elementor-screen-only\">Page<\/span>6<\/a>\t\t<\/nav>\n\t\t\t\t<\/div>\n\t\t\t\t<\/div>\n\t\t\t\t\t<\/div>\n\t\t\t\t<\/div>\n\t\t\t\t<\/div>\n\t\t","protected":false},"excerpt":{"rendered":"","protected":false},"author":15,"featured_media":0,"parent":0,"menu_order":0,"comment_status":"closed","ping_status":"closed","template":"","meta":{"footnotes":""},"class_list":["post-2532","page","type-page","status-publish","hentry"],"_links":{"self":[{"href":"https:\/\/buyhouseez.com\/es\/wp-json\/wp\/v2\/pages\/2532","targetHints":{"allow":["GET"]}}],"collection":[{"href":"https:\/\/buyhouseez.com\/es\/wp-json\/wp\/v2\/pages"}],"about":[{"href":"https:\/\/buyhouseez.com\/es\/wp-json\/wp\/v2\/types\/page"}],"author":[{"embeddable":true,"href":"https:\/\/buyhouseez.com\/es\/wp-json\/wp\/v2\/users\/15"}],"replies":[{"embeddable":true,"href":"https:\/\/buyhouseez.com\/es\/wp-json\/wp\/v2\/comments?post=2532"}],"version-history":[{"count":38,"href":"https:\/\/buyhouseez.com\/es\/wp-json\/wp\/v2\/pages\/2532\/revisions"}],"predecessor-version":[{"id":3607,"href":"https:\/\/buyhouseez.com\/es\/wp-json\/wp\/v2\/pages\/2532\/revisions\/3607"}],"wp:attachment":[{"href":"https:\/\/buyhouseez.com\/es\/wp-json\/wp\/v2\/media?parent=2532"}],"curies":[{"name":"wp","href":"https:\/\/api.w.org\/{rel}","templated":true}]}}