{"id":2422,"date":"2023-11-22T14:58:45","date_gmt":"2023-11-22T18:58:45","guid":{"rendered":"https:\/\/buyhouseez.com\/es\/?page_id=2422"},"modified":"2024-05-21T14:18:44","modified_gmt":"2024-05-21T18:18:44","slug":"new-thank-you","status":"publish","type":"page","link":"https:\/\/buyhouseez.com\/es\/new-thank-you\/","title":{"rendered":"New Thank You"},"content":{"rendered":"\t\t<div data-elementor-type=\"wp-page\" data-elementor-id=\"2422\" class=\"elementor elementor-2422\" data-elementor-post-type=\"page\">\n\t\t\t\t<div class=\"elementor-element elementor-element-603526c e-flex e-con-boxed e-con e-parent\" data-id=\"603526c\" data-element_type=\"container\">\n\t\t\t\t\t<div class=\"e-con-inner\">\n\t\t\t\t\t<\/div>\n\t\t\t\t<\/div>\n\t\t<div class=\"elementor-element elementor-element-45ef46ba e-flex e-con-boxed e-con e-parent\" data-id=\"45ef46ba\" data-element_type=\"container\" data-settings=\"{&quot;background_background&quot;:&quot;classic&quot;}\">\n\t\t\t\t\t<div class=\"e-con-inner\">\n\t\t<div class=\"elementor-element elementor-element-4eae5ea6 e-flex e-con-boxed e-con e-child\" data-id=\"4eae5ea6\" data-element_type=\"container\">\n\t\t\t\t\t<div class=\"e-con-inner\">\n\t\t<div class=\"elementor-element elementor-element-358d4d9b e-con-full e-flex e-con e-child\" data-id=\"358d4d9b\" data-element_type=\"container\">\n\t\t\t\t<div class=\"elementor-element elementor-element-374738cf animated-slow elementor-invisible elementor-widget elementor-widget-heading\" data-id=\"374738cf\" data-element_type=\"widget\" data-settings=\"{&quot;_animation&quot;:&quot;slideInUp&quot;}\" data-widget_type=\"heading.default\">\n\t\t\t\t<div class=\"elementor-widget-container\">\n\t\t\t<h2 class=\"elementor-heading-title elementor-size-default\">\u00a1GRACIAS!<\/h2>\t\t<\/div>\n\t\t\t\t<\/div>\n\t\t\t\t<div class=\"elementor-element elementor-element-1e6d0018 elementor-widget elementor-widget-text-editor\" data-id=\"1e6d0018\" data-element_type=\"widget\" data-widget_type=\"text-editor.default\">\n\t\t\t\t<div class=\"elementor-widget-container\">\n\t\t\t\t\t\t\t<p>Su respuesta ha sido enviada..<\/p>\t\t\t\t\t\t<\/div>\n\t\t\t\t<\/div>\n\t\t\t\t<\/div>\n\t\t\t\t\t<\/div>\n\t\t\t\t<\/div>\n\t\t\t\t\t<\/div>\n\t\t\t\t<\/div>\n\t\t\t\t<\/div>\n\t\t","protected":false},"excerpt":{"rendered":"<p>\u00a1GRACIAS! Su respuesta ha sido enviada..<\/p>\n","protected":false},"author":15,"featured_media":0,"parent":0,"menu_order":0,"comment_status":"closed","ping_status":"closed","template":"","meta":{"footnotes":""},"class_list":["post-2422","page","type-page","status-publish","hentry"],"yoast_head":"<!-- This site is optimized with the Yoast SEO plugin v25.8 - https:\/\/yoast.com\/wordpress\/plugins\/seo\/ -->\n<title>New Thank You - BuyhouseEZ - financiaci\u00f3n con ITIN.<\/title>\n<meta name=\"description\" content=\"Gracias for choosing BuyHouseEZ Espa\u00f1ol! Your new home journey begins now. Welcome to effortless homeownership and endless possibilities!\" \/>\n<meta name=\"robots\" content=\"index, follow, max-snippet:-1, max-image-preview:large, max-video-preview:-1\" \/>\n<link rel=\"canonical\" href=\"https:\/\/buyhouseez.com\/es\/new-thank-you\/\" \/>\n<meta property=\"og:locale\" content=\"en_US\" \/>\n<meta property=\"og:type\" content=\"article\" \/>\n<meta property=\"og:title\" content=\"New Thank You - BuyhouseEZ - financiaci\u00f3n con ITIN.\" \/>\n<meta property=\"og:description\" content=\"Gracias for choosing BuyHouseEZ Espa\u00f1ol! Your new home journey begins now. Welcome to effortless homeownership and endless possibilities!\" \/>\n<meta property=\"og:url\" content=\"https:\/\/buyhouseez.com\/es\/new-thank-you\/\" \/>\n<meta property=\"og:site_name\" content=\"BuyhouseEZ - financiaci\u00f3n con ITIN.\" \/>\n<meta property=\"article:modified_time\" content=\"2024-05-21T18:18:44+00:00\" \/>\n<meta name=\"twitter:card\" content=\"summary_large_image\" \/>\n<meta name=\"twitter:label1\" content=\"Est. reading time\" \/>\n\t<meta name=\"twitter:data1\" content=\"1 minute\" \/>\n<script type=\"application\/ld+json\" class=\"yoast-schema-graph\">{\"@context\":\"https:\/\/schema.org\",\"@graph\":[{\"@type\":\"WebPage\",\"@id\":\"https:\/\/buyhouseez.com\/es\/new-thank-you\/\",\"url\":\"https:\/\/buyhouseez.com\/es\/new-thank-you\/\",\"name\":\"New Thank You - BuyhouseEZ - financiaci\u00f3n con ITIN.\",\"isPartOf\":{\"@id\":\"https:\/\/buyhouseez.com\/es\/#website\"},\"datePublished\":\"2023-11-22T18:58:45+00:00\",\"dateModified\":\"2024-05-21T18:18:44+00:00\",\"description\":\"Gracias for choosing BuyHouseEZ Espa\u00f1ol! Your new home journey begins now. Welcome to effortless homeownership and endless possibilities!\",\"breadcrumb\":{\"@id\":\"https:\/\/buyhouseez.com\/es\/new-thank-you\/#breadcrumb\"},\"inLanguage\":\"en-US\",\"potentialAction\":[{\"@type\":\"ReadAction\",\"target\":[\"https:\/\/buyhouseez.com\/es\/new-thank-you\/\"]}]},{\"@type\":\"BreadcrumbList\",\"@id\":\"https:\/\/buyhouseez.com\/es\/new-thank-you\/#breadcrumb\",\"itemListElement\":[{\"@type\":\"ListItem\",\"position\":1,\"name\":\"Home\",\"item\":\"https:\/\/buyhouseez.com\/es\/\"},{\"@type\":\"ListItem\",\"position\":2,\"name\":\"New Thank You\"}]},{\"@type\":\"WebSite\",\"@id\":\"https:\/\/buyhouseez.com\/es\/#website\",\"url\":\"https:\/\/buyhouseez.com\/es\/\",\"name\":\"BuyhouseEZ - financiaci\u00f3n con ITIN.\",\"description\":\"Obt\u00e9n pr\u00e9stamos para comprar casa. Ayudamos a personas que est\u00e1n financieramente listas para comprar una vivienda pero no pueden obtener un pr\u00e9stamo tradicional.\",\"publisher\":{\"@id\":\"https:\/\/buyhouseez.com\/es\/#organization\"},\"potentialAction\":[{\"@type\":\"SearchAction\",\"target\":{\"@type\":\"EntryPoint\",\"urlTemplate\":\"https:\/\/buyhouseez.com\/es\/?s={search_term_string}\"},\"query-input\":{\"@type\":\"PropertyValueSpecification\",\"valueRequired\":true,\"valueName\":\"search_term_string\"}}],\"inLanguage\":\"en-US\"},{\"@type\":\"Organization\",\"@id\":\"https:\/\/buyhouseez.com\/es\/#organization\",\"name\":\"BuyhouseEZ - financiaci\u00f3n con ITIN.\",\"url\":\"https:\/\/buyhouseez.com\/es\/\",\"logo\":{\"@type\":\"ImageObject\",\"inLanguage\":\"en-US\",\"@id\":\"https:\/\/buyhouseez.com\/es\/#\/schema\/logo\/image\/\",\"url\":\"https:\/\/buyhouseez.com\/es\/wp-content\/uploads\/sites\/2\/2020\/09\/New-official-BuyHouseEZ-Logo_BHZ-EZ-1.png\",\"contentUrl\":\"https:\/\/buyhouseez.com\/es\/wp-content\/uploads\/sites\/2\/2020\/09\/New-official-BuyHouseEZ-Logo_BHZ-EZ-1.png\",\"width\":2801,\"height\":1095,\"caption\":\"BuyhouseEZ - financiaci\u00f3n con ITIN.\"},\"image\":{\"@id\":\"https:\/\/buyhouseez.com\/es\/#\/schema\/logo\/image\/\"}}]}<\/script>\n<!-- \/ Yoast SEO plugin. -->","yoast_head_json":{"title":"New Thank You - BuyhouseEZ - financiaci\u00f3n con ITIN.","description":"Gracias for choosing BuyHouseEZ Espa\u00f1ol! Your new home journey begins now. Welcome to effortless homeownership and endless possibilities!","robots":{"index":"index","follow":"follow","max-snippet":"max-snippet:-1","max-image-preview":"max-image-preview:large","max-video-preview":"max-video-preview:-1"},"canonical":"https:\/\/buyhouseez.com\/es\/new-thank-you\/","og_locale":"en_US","og_type":"article","og_title":"New Thank You - BuyhouseEZ - financiaci\u00f3n con ITIN.","og_description":"Gracias for choosing BuyHouseEZ Espa\u00f1ol! Your new home journey begins now. Welcome to effortless homeownership and endless possibilities!","og_url":"https:\/\/buyhouseez.com\/es\/new-thank-you\/","og_site_name":"BuyhouseEZ - financiaci\u00f3n con ITIN.","article_modified_time":"2024-05-21T18:18:44+00:00","twitter_card":"summary_large_image","twitter_misc":{"Est. reading time":"1 minute"},"schema":{"@context":"https:\/\/schema.org","@graph":[{"@type":"WebPage","@id":"https:\/\/buyhouseez.com\/es\/new-thank-you\/","url":"https:\/\/buyhouseez.com\/es\/new-thank-you\/","name":"New Thank You - BuyhouseEZ - financiaci\u00f3n con ITIN.","isPartOf":{"@id":"https:\/\/buyhouseez.com\/es\/#website"},"datePublished":"2023-11-22T18:58:45+00:00","dateModified":"2024-05-21T18:18:44+00:00","description":"Gracias for choosing BuyHouseEZ Espa\u00f1ol! Your new home journey begins now. Welcome to effortless homeownership and endless possibilities!","breadcrumb":{"@id":"https:\/\/buyhouseez.com\/es\/new-thank-you\/#breadcrumb"},"inLanguage":"en-US","potentialAction":[{"@type":"ReadAction","target":["https:\/\/buyhouseez.com\/es\/new-thank-you\/"]}]},{"@type":"BreadcrumbList","@id":"https:\/\/buyhouseez.com\/es\/new-thank-you\/#breadcrumb","itemListElement":[{"@type":"ListItem","position":1,"name":"Home","item":"https:\/\/buyhouseez.com\/es\/"},{"@type":"ListItem","position":2,"name":"New Thank You"}]},{"@type":"WebSite","@id":"https:\/\/buyhouseez.com\/es\/#website","url":"https:\/\/buyhouseez.com\/es\/","name":"BuyhouseEZ - financiaci\u00f3n con ITIN.","description":"Obt\u00e9n pr\u00e9stamos para comprar casa. Ayudamos a personas que est\u00e1n financieramente listas para comprar una vivienda pero no pueden obtener un pr\u00e9stamo tradicional.","publisher":{"@id":"https:\/\/buyhouseez.com\/es\/#organization"},"potentialAction":[{"@type":"SearchAction","target":{"@type":"EntryPoint","urlTemplate":"https:\/\/buyhouseez.com\/es\/?s={search_term_string}"},"query-input":{"@type":"PropertyValueSpecification","valueRequired":true,"valueName":"search_term_string"}}],"inLanguage":"en-US"},{"@type":"Organization","@id":"https:\/\/buyhouseez.com\/es\/#organization","name":"BuyhouseEZ - financiaci\u00f3n con ITIN.","url":"https:\/\/buyhouseez.com\/es\/","logo":{"@type":"ImageObject","inLanguage":"en-US","@id":"https:\/\/buyhouseez.com\/es\/#\/schema\/logo\/image\/","url":"https:\/\/buyhouseez.com\/es\/wp-content\/uploads\/sites\/2\/2020\/09\/New-official-BuyHouseEZ-Logo_BHZ-EZ-1.png","contentUrl":"https:\/\/buyhouseez.com\/es\/wp-content\/uploads\/sites\/2\/2020\/09\/New-official-BuyHouseEZ-Logo_BHZ-EZ-1.png","width":2801,"height":1095,"caption":"BuyhouseEZ - financiaci\u00f3n con ITIN."},"image":{"@id":"https:\/\/buyhouseez.com\/es\/#\/schema\/logo\/image\/"}}]}},"_links":{"self":[{"href":"https:\/\/buyhouseez.com\/es\/wp-json\/wp\/v2\/pages\/2422","targetHints":{"allow":["GET"]}}],"collection":[{"href":"https:\/\/buyhouseez.com\/es\/wp-json\/wp\/v2\/pages"}],"about":[{"href":"https:\/\/buyhouseez.com\/es\/wp-json\/wp\/v2\/types\/page"}],"author":[{"embeddable":true,"href":"https:\/\/buyhouseez.com\/es\/wp-json\/wp\/v2\/users\/15"}],"replies":[{"embeddable":true,"href":"https:\/\/buyhouseez.com\/es\/wp-json\/wp\/v2\/comments?post=2422"}],"version-history":[{"count":8,"href":"https:\/\/buyhouseez.com\/es\/wp-json\/wp\/v2\/pages\/2422\/revisions"}],"predecessor-version":[{"id":3538,"href":"https:\/\/buyhouseez.com\/es\/wp-json\/wp\/v2\/pages\/2422\/revisions\/3538"}],"wp:attachment":[{"href":"https:\/\/buyhouseez.com\/es\/wp-json\/wp\/v2\/media?parent=2422"}],"curies":[{"name":"wp","href":"https:\/\/api.w.org\/{rel}","templated":true}]}}