{"id":2128,"date":"2023-11-09T01:02:54","date_gmt":"2023-11-09T05:02:54","guid":{"rendered":"https:\/\/buyhouseez.com\/es\/?page_id=2128"},"modified":"2026-01-09T10:38:42","modified_gmt":"2026-01-09T14:38:42","slug":"new-landing-page","status":"publish","type":"page","link":"https:\/\/buyhouseez.com\/es\/","title":{"rendered":"New Landing Page"},"content":{"rendered":"\t\t<div data-elementor-type=\"wp-page\" data-elementor-id=\"2128\" class=\"elementor elementor-2128\" data-elementor-post-type=\"page\">\n\t\t\t\t\t\t<section class=\"elementor-section elementor-top-section elementor-element elementor-element-47b5815b elementor-section-boxed elementor-section-height-default elementor-section-height-default\" data-id=\"47b5815b\" data-element_type=\"section\" data-settings=\"{&quot;background_background&quot;:&quot;classic&quot;}\">\n\t\t\t\t\t\t<div class=\"elementor-container elementor-column-gap-wide\">\n\t\t\t\t\t<div class=\"elementor-column elementor-col-66 elementor-top-column elementor-element elementor-element-31234a72\" data-id=\"31234a72\" data-element_type=\"column\" data-settings=\"{&quot;background_background&quot;:&quot;classic&quot;}\">\n\t\t\t<div class=\"elementor-widget-wrap elementor-element-populated\">\n\t\t\t\t\t\t<div class=\"elementor-element elementor-element-250cf68 elementor-widget elementor-widget-heading\" data-id=\"250cf68\" data-element_type=\"widget\" data-widget_type=\"heading.default\">\n\t\t\t\t<div class=\"elementor-widget-container\">\n\t\t\t<h2 class=\"elementor-heading-title elementor-size-default\"> Financiamiento Alternativo para Viviendas<\/h2>\t\t<\/div>\n\t\t\t\t<\/div>\n\t\t\t\t<div class=\"elementor-element elementor-element-35b6c182 elementor-widget__width-initial elementor-widget elementor-widget-text-editor\" data-id=\"35b6c182\" data-element_type=\"widget\" data-widget_type=\"text-editor.default\">\n\t\t\t\t<div class=\"elementor-widget-container\">\n\t\t\t\t\t\t\t<p>Ayudamos a trabajadores independientes, personas con ITIN y personas sin historial de cr\u00e9dito a obtener hipotecas a trav\u00e9s de soluciones de financiamiento no tradicionales.<\/p>\t\t\t\t\t\t<\/div>\n\t\t\t\t<\/div>\n\t\t\t\t\t<\/div>\n\t\t<\/div>\n\t\t\t\t<div class=\"elementor-column elementor-col-33 elementor-top-column elementor-element elementor-element-4e4ad256\" data-id=\"4e4ad256\" data-element_type=\"column\">\n\t\t\t<div class=\"elementor-widget-wrap elementor-element-populated\">\n\t\t\t\t\t\t<div class=\"elementor-element elementor-element-260b369 elementor-widget elementor-widget-html\" data-id=\"260b369\" data-element_type=\"widget\" data-widget_type=\"html.default\">\n\t\t\t\t<div class=\"elementor-widget-container\">\n\t\t\t<iframe aria-label='Dejar de alquilar, comenzar a ser due\u00f1o de tu hogar.' frameborder=\"0\" style=\"height:830px;width:99%;border:none;\" src='https:\/\/forms.buyhouseez.com\/zohodocs1852\/form\/Paraderentacomienzaaserdueo\/formperma\/AMWd2mR6V75yoylmh7aw-M9xAQqQeEWdQ0JqQ0w4J6U'><\/iframe>\t\t<\/div>\n\t\t\t\t<\/div>\n\t\t\t\t<div class=\"elementor-element elementor-element-27b86c3e elementor-align-justify elementor-widget elementor-widget-button\" data-id=\"27b86c3e\" data-element_type=\"widget\" data-widget_type=\"button.default\">\n\t\t\t\t<div class=\"elementor-widget-container\">\n\t\t\t\t\t<div class=\"elementor-button-wrapper\">\n\t\t\t<a class=\"elementor-button elementor-button-link elementor-size-sm\" href=\"tel:888-556-9639\">\n\t\t\t\t\t\t<span class=\"elementor-button-content-wrapper\">\n\t\t\t\t\t\t\t\t\t<span class=\"elementor-button-text\">Ll\u00e1manos ahora<\/span>\n\t\t\t\t\t<\/span>\n\t\t\t\t\t<\/a>\n\t\t<\/div>\n\t\t\t\t<\/div>\n\t\t\t\t<\/div>\n\t\t\t\t\t<\/div>\n\t\t<\/div>\n\t\t\t\t\t<\/div>\n\t\t<\/section>\n\t\t<div class=\"elementor-element elementor-element-a869f8b e-flex e-con-boxed e-con e-parent\" data-id=\"a869f8b\" data-element_type=\"container\">\n\t\t\t\t\t<div class=\"e-con-inner\">\n\t\t\t\t<div class=\"elementor-element elementor-element-3cc6bcf elementor-widget elementor-widget-heading\" data-id=\"3cc6bcf\" data-element_type=\"widget\" data-widget_type=\"heading.default\">\n\t\t\t\t<div class=\"elementor-widget-container\">\n\t\t\t<h2 class=\"elementor-heading-title elementor-size-default\">\u00bfDificultades para obtener una hipoteca de los bancos?<\/h2>\t\t<\/div>\n\t\t\t\t<\/div>\n\t\t\t\t\t<\/div>\n\t\t\t\t<\/div>\n\t\t<div class=\"elementor-element elementor-element-208a78d e-grid e-con-boxed e-con e-parent\" data-id=\"208a78d\" data-element_type=\"container\">\n\t\t\t\t\t<div class=\"e-con-inner\">\n\t\t\t\t<div class=\"elementor-element elementor-element-9693f5b elementor-position-top elementor-widget elementor-widget-image-box\" data-id=\"9693f5b\" data-element_type=\"widget\" data-widget_type=\"image-box.default\">\n\t\t\t\t<div class=\"elementor-widget-container\">\n\t\t\t<div class=\"elementor-image-box-wrapper\"><figure class=\"elementor-image-box-img\"><img fetchpriority=\"high\" decoding=\"async\" width=\"836\" height=\"896\" src=\"https:\/\/buyhouseez.com\/es\/wp-content\/uploads\/sites\/2\/2023\/11\/ID-ISSUED-BY-THE-GOVERNMENT.png\" class=\"attachment-full size-full wp-image-2116\" alt=\"ITIN Holders\" srcset=\"https:\/\/buyhouseez.com\/es\/wp-content\/uploads\/sites\/2\/2023\/11\/ID-ISSUED-BY-THE-GOVERNMENT.png 836w, https:\/\/buyhouseez.com\/es\/wp-content\/uploads\/sites\/2\/2023\/11\/ID-ISSUED-BY-THE-GOVERNMENT-280x300.png 280w, https:\/\/buyhouseez.com\/es\/wp-content\/uploads\/sites\/2\/2023\/11\/ID-ISSUED-BY-THE-GOVERNMENT-768x823.png 768w, https:\/\/buyhouseez.com\/es\/wp-content\/uploads\/sites\/2\/2023\/11\/ID-ISSUED-BY-THE-GOVERNMENT-150x161.png 150w\" sizes=\"(max-width: 836px) 100vw, 836px\" \/><\/figure><div class=\"elementor-image-box-content\"><h3 class=\"elementor-image-box-title\">Personas con N\u00fameros ITIN<\/h3><p class=\"elementor-image-box-description\">Trabajadores con ITIN enfrentan desaf\u00edos al \nacceder a financiamiento para vivienda \ndebido a la ausencia de un N\u00famero de \nSeguro Social.<\/p><\/div><\/div>\t\t<\/div>\n\t\t\t\t<\/div>\n\t\t\t\t<div class=\"elementor-element elementor-element-e2f1c4c elementor-position-top elementor-widget elementor-widget-image-box\" data-id=\"e2f1c4c\" data-element_type=\"widget\" data-widget_type=\"image-box.default\">\n\t\t\t\t<div class=\"elementor-widget-container\">\n\t\t\t<div class=\"elementor-image-box-wrapper\"><figure class=\"elementor-image-box-img\"><img decoding=\"async\" width=\"872\" height=\"870\" src=\"https:\/\/buyhouseez.com\/es\/wp-content\/uploads\/sites\/2\/2023\/11\/INCREASE-YOUR-CLOSINGS.png\" class=\"attachment-full size-full wp-image-2101\" alt=\"Chronic Renters\" srcset=\"https:\/\/buyhouseez.com\/es\/wp-content\/uploads\/sites\/2\/2023\/11\/INCREASE-YOUR-CLOSINGS.png 872w, https:\/\/buyhouseez.com\/es\/wp-content\/uploads\/sites\/2\/2023\/11\/INCREASE-YOUR-CLOSINGS-300x300.png 300w, https:\/\/buyhouseez.com\/es\/wp-content\/uploads\/sites\/2\/2023\/11\/INCREASE-YOUR-CLOSINGS-80x80.png 80w, https:\/\/buyhouseez.com\/es\/wp-content\/uploads\/sites\/2\/2023\/11\/INCREASE-YOUR-CLOSINGS-768x766.png 768w, https:\/\/buyhouseez.com\/es\/wp-content\/uploads\/sites\/2\/2023\/11\/INCREASE-YOUR-CLOSINGS-96x96.png 96w, https:\/\/buyhouseez.com\/es\/wp-content\/uploads\/sites\/2\/2023\/11\/INCREASE-YOUR-CLOSINGS-150x150.png 150w\" sizes=\"(max-width: 872px) 100vw, 872px\" \/><\/figure><div class=\"elementor-image-box-content\"><h3 class=\"elementor-image-box-title\">Trabajadores Independientes<\/h3><p class=\"elementor-image-box-description\">Los prestamos tradicionales suelen dificultar que las personas que trabajan por cuenta propia califiquen para una hipoteca debido a la inconsistencia en la documentaci\u00f3n de ingresos.<\/p><\/div><\/div>\t\t<\/div>\n\t\t\t\t<\/div>\n\t\t\t\t<div class=\"elementor-element elementor-element-f8cccc3 elementor-position-top elementor-widget elementor-widget-image-box\" data-id=\"f8cccc3\" data-element_type=\"widget\" data-widget_type=\"image-box.default\">\n\t\t\t\t<div class=\"elementor-widget-container\">\n\t\t\t<div class=\"elementor-image-box-wrapper\"><figure class=\"elementor-image-box-img\"><img decoding=\"async\" width=\"916\" height=\"846\" src=\"https:\/\/buyhouseez.com\/es\/wp-content\/uploads\/sites\/2\/2023\/11\/TAX-RETURNS.png\" class=\"attachment-full size-full wp-image-2117\" alt=\"Limited Credit History\" srcset=\"https:\/\/buyhouseez.com\/es\/wp-content\/uploads\/sites\/2\/2023\/11\/TAX-RETURNS.png 916w, https:\/\/buyhouseez.com\/es\/wp-content\/uploads\/sites\/2\/2023\/11\/TAX-RETURNS-300x277.png 300w, https:\/\/buyhouseez.com\/es\/wp-content\/uploads\/sites\/2\/2023\/11\/TAX-RETURNS-768x709.png 768w, https:\/\/buyhouseez.com\/es\/wp-content\/uploads\/sites\/2\/2023\/11\/TAX-RETURNS-150x139.png 150w\" sizes=\"(max-width: 916px) 100vw, 916px\" \/><\/figure><div class=\"elementor-image-box-content\"><h3 class=\"elementor-image-box-title\">sin historial de cr\u00e9dito<\/h3><p class=\"elementor-image-box-description\">Los prestamistas tradicionales \nsuelen requerir un historial \ncrediticio bueno para la \naprobaci\u00f3n del pr\u00e9stamo.<\/p><\/div><\/div>\t\t<\/div>\n\t\t\t\t<\/div>\n\t\t\t\t\t<\/div>\n\t\t\t\t<\/div>\n\t\t\t\t<section class=\"elementor-section elementor-top-section elementor-element elementor-element-15ae1542 elementor-section-boxed elementor-section-height-default elementor-section-height-default\" data-id=\"15ae1542\" data-element_type=\"section\" data-settings=\"{&quot;background_background&quot;:&quot;classic&quot;,&quot;background_motion_fx_motion_fx_scrolling&quot;:&quot;yes&quot;,&quot;background_motion_fx_motion_fx_mouse&quot;:&quot;yes&quot;,&quot;background_motion_fx_devices&quot;:[&quot;desktop&quot;,&quot;tablet&quot;,&quot;mobile&quot;]}\">\n\t\t\t\t\t\t<div class=\"elementor-container elementor-column-gap-default\">\n\t\t\t\t\t<div class=\"elementor-column elementor-col-100 elementor-top-column elementor-element elementor-element-1a992a3f\" data-id=\"1a992a3f\" data-element_type=\"column\">\n\t\t\t<div class=\"elementor-widget-wrap elementor-element-populated\">\n\t\t\t\t\t\t<div class=\"elementor-element elementor-element-7c0d22c3 elementor-widget elementor-widget-heading\" data-id=\"7c0d22c3\" data-element_type=\"widget\" data-widget_type=\"heading.default\">\n\t\t\t\t<div class=\"elementor-widget-container\">\n\t\t\t<h2 class=\"elementor-heading-title elementor-size-default\">Su historia como propietario comienza aqu\u00ed<\/h2>\t\t<\/div>\n\t\t\t\t<\/div>\n\t\t\t\t\t<\/div>\n\t\t<\/div>\n\t\t\t\t\t<\/div>\n\t\t<\/section>\n\t\t\t\t<section class=\"elementor-section elementor-top-section elementor-element elementor-element-549667e0 elementor-section-boxed elementor-section-height-default elementor-section-height-default\" data-id=\"549667e0\" data-element_type=\"section\" data-settings=\"{&quot;background_background&quot;:&quot;classic&quot;,&quot;background_motion_fx_motion_fx_scrolling&quot;:&quot;yes&quot;,&quot;background_motion_fx_translateY_effect&quot;:&quot;yes&quot;,&quot;background_motion_fx_motion_fx_mouse&quot;:&quot;yes&quot;,&quot;background_motion_fx_translateY_speed&quot;:{&quot;unit&quot;:&quot;px&quot;,&quot;size&quot;:4,&quot;sizes&quot;:[]},&quot;background_motion_fx_translateY_affectedRange&quot;:{&quot;unit&quot;:&quot;%&quot;,&quot;size&quot;:&quot;&quot;,&quot;sizes&quot;:{&quot;start&quot;:0,&quot;end&quot;:100}},&quot;background_motion_fx_devices&quot;:[&quot;desktop&quot;,&quot;tablet&quot;,&quot;mobile&quot;]}\">\n\t\t\t\t\t\t<div class=\"elementor-container elementor-column-gap-default\">\n\t\t\t\t\t<div class=\"elementor-column elementor-col-33 elementor-top-column elementor-element elementor-element-2bda39e6\" data-id=\"2bda39e6\" data-element_type=\"column\">\n\t\t\t<div class=\"elementor-widget-wrap elementor-element-populated\">\n\t\t\t\t\t\t<div class=\"elementor-element elementor-element-4daf7a53 elementor-position-top elementor-widget elementor-widget-image-box\" data-id=\"4daf7a53\" data-element_type=\"widget\" data-widget_type=\"image-box.default\">\n\t\t\t\t<div class=\"elementor-widget-container\">\n\t\t\t<div class=\"elementor-image-box-wrapper\"><figure class=\"elementor-image-box-img\"><img loading=\"lazy\" decoding=\"async\" width=\"934\" height=\"918\" src=\"https:\/\/buyhouseez.com\/es\/wp-content\/uploads\/sites\/2\/2023\/11\/GET-APPROVED-1.png\" class=\"attachment-full size-full wp-image-2131\" alt=\"\" srcset=\"https:\/\/buyhouseez.com\/es\/wp-content\/uploads\/sites\/2\/2023\/11\/GET-APPROVED-1.png 934w, https:\/\/buyhouseez.com\/es\/wp-content\/uploads\/sites\/2\/2023\/11\/GET-APPROVED-1-300x295.png 300w, https:\/\/buyhouseez.com\/es\/wp-content\/uploads\/sites\/2\/2023\/11\/GET-APPROVED-1-80x80.png 80w, https:\/\/buyhouseez.com\/es\/wp-content\/uploads\/sites\/2\/2023\/11\/GET-APPROVED-1-768x755.png 768w, https:\/\/buyhouseez.com\/es\/wp-content\/uploads\/sites\/2\/2023\/11\/GET-APPROVED-1-150x147.png 150w\" sizes=\"(max-width: 934px) 100vw, 934px\" \/><\/figure><div class=\"elementor-image-box-content\"><h3 class=\"elementor-image-box-title\">Aprueba<\/h3><p class=\"elementor-image-box-description\">No lidieamos en 'quiz\u00e1s'; una vez que calificas, es hora de comenzar tu viaje de compra de vivienda con tu presupuesto aprobado.<\/p><\/div><\/div>\t\t<\/div>\n\t\t\t\t<\/div>\n\t\t\t\t\t<\/div>\n\t\t<\/div>\n\t\t\t\t<div class=\"elementor-column elementor-col-33 elementor-top-column elementor-element elementor-element-5859333\" data-id=\"5859333\" data-element_type=\"column\">\n\t\t\t<div class=\"elementor-widget-wrap elementor-element-populated\">\n\t\t\t\t\t\t<div class=\"elementor-element elementor-element-34e4bb8a elementor-position-top elementor-widget elementor-widget-image-box\" data-id=\"34e4bb8a\" data-element_type=\"widget\" data-widget_type=\"image-box.default\">\n\t\t\t\t<div class=\"elementor-widget-container\">\n\t\t\t<div class=\"elementor-image-box-wrapper\"><figure class=\"elementor-image-box-img\"><img loading=\"lazy\" decoding=\"async\" width=\"973\" height=\"800\" src=\"https:\/\/buyhouseez.com\/es\/wp-content\/uploads\/sites\/2\/2023\/11\/FIND-YOUR-HOME-1.png\" class=\"attachment-full size-full wp-image-2132\" alt=\"\" srcset=\"https:\/\/buyhouseez.com\/es\/wp-content\/uploads\/sites\/2\/2023\/11\/FIND-YOUR-HOME-1.png 973w, https:\/\/buyhouseez.com\/es\/wp-content\/uploads\/sites\/2\/2023\/11\/FIND-YOUR-HOME-1-300x247.png 300w, https:\/\/buyhouseez.com\/es\/wp-content\/uploads\/sites\/2\/2023\/11\/FIND-YOUR-HOME-1-768x631.png 768w, https:\/\/buyhouseez.com\/es\/wp-content\/uploads\/sites\/2\/2023\/11\/FIND-YOUR-HOME-1-150x123.png 150w\" sizes=\"(max-width: 973px) 100vw, 973px\" \/><\/figure><div class=\"elementor-image-box-content\"><h3 class=\"elementor-image-box-title\">Encuentra tu hogar<\/h3><p class=\"elementor-image-box-description\">Comiensa a buscar una casa con el presupuesto\u00a0aprobado.<\/p><\/div><\/div>\t\t<\/div>\n\t\t\t\t<\/div>\n\t\t\t\t\t<\/div>\n\t\t<\/div>\n\t\t\t\t<div class=\"elementor-column elementor-col-33 elementor-top-column elementor-element elementor-element-12b1e181\" data-id=\"12b1e181\" data-element_type=\"column\">\n\t\t\t<div class=\"elementor-widget-wrap elementor-element-populated\">\n\t\t\t\t\t\t<div class=\"elementor-element elementor-element-6362f73e elementor-position-top elementor-widget elementor-widget-image-box\" data-id=\"6362f73e\" data-element_type=\"widget\" data-widget_type=\"image-box.default\">\n\t\t\t\t<div class=\"elementor-widget-container\">\n\t\t\t<div class=\"elementor-image-box-wrapper\"><figure class=\"elementor-image-box-img\"><img loading=\"lazy\" decoding=\"async\" width=\"951\" height=\"842\" src=\"https:\/\/buyhouseez.com\/es\/wp-content\/uploads\/sites\/2\/2023\/11\/MOVE-IN-AND-START-OWNING-YOUR-HOME-1.png\" class=\"attachment-full size-full wp-image-2133\" alt=\"\" srcset=\"https:\/\/buyhouseez.com\/es\/wp-content\/uploads\/sites\/2\/2023\/11\/MOVE-IN-AND-START-OWNING-YOUR-HOME-1.png 951w, https:\/\/buyhouseez.com\/es\/wp-content\/uploads\/sites\/2\/2023\/11\/MOVE-IN-AND-START-OWNING-YOUR-HOME-1-300x266.png 300w, https:\/\/buyhouseez.com\/es\/wp-content\/uploads\/sites\/2\/2023\/11\/MOVE-IN-AND-START-OWNING-YOUR-HOME-1-768x680.png 768w, https:\/\/buyhouseez.com\/es\/wp-content\/uploads\/sites\/2\/2023\/11\/MOVE-IN-AND-START-OWNING-YOUR-HOME-1-150x133.png 150w\" sizes=\"(max-width: 951px) 100vw, 951px\" \/><\/figure><div class=\"elementor-image-box-content\"><h3 class=\"elementor-image-box-title\">M\u00fadate y comienza a ser due\u00f1o de tu casa<\/h3><p class=\"elementor-image-box-description\">BuyHouseEZ te establece en un pr\u00e9stamo y \ncomienzas a construir estabilidad. No se trata de alquilar, se trata de ser propietario.<\/p><\/div><\/div>\t\t<\/div>\n\t\t\t\t<\/div>\n\t\t\t\t\t<\/div>\n\t\t<\/div>\n\t\t\t\t\t<\/div>\n\t\t<\/section>\n\t\t<div class=\"elementor-element elementor-element-53991ce e-flex e-con-boxed e-con e-parent\" data-id=\"53991ce\" data-element_type=\"container\" data-settings=\"{&quot;background_background&quot;:&quot;classic&quot;}\">\n\t\t\t\t\t<div class=\"e-con-inner\">\n\t\t\t\t<div class=\"elementor-element elementor-element-0b2ca33 elementor-align-center elementor-widget elementor-widget-button\" data-id=\"0b2ca33\" data-element_type=\"widget\" data-widget_type=\"button.default\">\n\t\t\t\t<div class=\"elementor-widget-container\">\n\t\t\t\t\t<div class=\"elementor-button-wrapper\">\n\t\t\t<a class=\"elementor-button elementor-button-link elementor-size-sm\" href=\"https:\/\/buyhouseez.com\/es\/como-funciona\/\">\n\t\t\t\t\t\t<span class=\"elementor-button-content-wrapper\">\n\t\t\t\t\t\t\t\t\t<span class=\"elementor-button-text\">C\u00f3mo funciona<\/span>\n\t\t\t\t\t<\/span>\n\t\t\t\t\t<\/a>\n\t\t<\/div>\n\t\t\t\t<\/div>\n\t\t\t\t<\/div>\n\t\t\t\t\t<\/div>\n\t\t\t\t<\/div>\n\t\t<div class=\"elementor-element elementor-element-0d1243c e-flex e-con-boxed e-con e-parent\" data-id=\"0d1243c\" data-element_type=\"container\">\n\t\t\t\t\t<div class=\"e-con-inner\">\n\t\t\t\t<div class=\"elementor-element elementor-element-b532e67 elementor-widget elementor-widget-spacer\" data-id=\"b532e67\" data-element_type=\"widget\" data-widget_type=\"spacer.default\">\n\t\t\t\t<div class=\"elementor-widget-container\">\n\t\t\t\t\t<div class=\"elementor-spacer\">\n\t\t\t<div class=\"elementor-spacer-inner\"><\/div>\n\t\t<\/div>\n\t\t\t\t<\/div>\n\t\t\t\t<\/div>\n\t\t\t\t<div class=\"elementor-element elementor-element-56dc21a elementor-widget elementor-widget-heading\" data-id=\"56dc21a\" data-element_type=\"widget\" data-widget_type=\"heading.default\">\n\t\t\t\t<div class=\"elementor-widget-container\">\n\t\t\t<h2 class=\"elementor-heading-title elementor-size-default\">Lo que dicen nuestros clientes<\/h2>\t\t<\/div>\n\t\t\t\t<\/div>\n\t\t\t\t\t<\/div>\n\t\t\t\t<\/div>\n\t\t<div class=\"elementor-element elementor-element-459904e3 e-flex e-con-boxed e-con e-parent\" data-id=\"459904e3\" data-element_type=\"container\">\n\t\t\t\t\t<div class=\"e-con-inner\">\n\t\t<div class=\"elementor-element elementor-element-50701da4 e-con-full e-flex e-con e-child\" data-id=\"50701da4\" data-element_type=\"container\">\n\t\t\t\t<div class=\"elementor-element elementor-element-751c9906 elementor-widget elementor-widget-text-editor\" data-id=\"751c9906\" data-element_type=\"widget\" data-widget_type=\"text-editor.default\">\n\t\t\t\t<div class=\"elementor-widget-container\">\n\t\t\t\t\t\t\t<p style=\"text-align: left;\" data-start=\"0\" data-end=\"395\"><span style=\"color: #223140;\">Me acerqu\u00e9 a <strong data-start=\"13\" data-end=\"27\">BuyHouseEZ<\/strong> como cliente en un momento en el que las opciones de hipoteca tradicionales estaban fuera de mi alcance. El proceso fue incre\u00edblemente sencillo, desde la presentaci\u00f3n de documentos hasta la aprobaci\u00f3n. El momento en que <strong data-start=\"248\" data-end=\"262\">BuyHouseEZ<\/strong> dice que est\u00e1s aprobado, realmente lo est\u00e1s, lo que elimina cualquier incertidumbre sobre la adquisici\u00f3n de la casa de tus sue\u00f1os.<\/span><\/p>\n<p style=\"text-align: left;\" data-start=\"397\" data-end=\"740\"><span style=\" color: #223140;\">El equipo de <strong data-start=\"410\" data-end=\"424\">BuyHouseEZ<\/strong> es incre\u00edblemente comunicativo y eficiente, haciendo que el proceso de solicitud sea fluido y sin estr\u00e9s. Su apoyo no termin\u00f3 solo con la obtenci\u00f3n del pr\u00e9stamo; estuvieron all\u00ed para responder cada pregunta que tuve, incluso en la mesa de cierre, lo que realmente los distingue en t\u00e9rminos de servicio al cliente. <strong>Renae Warren, Due\u00f1a de una casa con<\/strong> <strong>BuyhouseEZ<\/strong><\/span><\/p>\t\t\t\t\t\t<\/div>\n\t\t\t\t<\/div>\n\t\t\t\t<\/div>\n\t\t<div class=\"elementor-element elementor-element-58bea856 e-con-full e-flex e-con e-child\" data-id=\"58bea856\" data-element_type=\"container\">\n\t\t<div class=\"elementor-element elementor-element-901b133 elementor-hidden-mobile e-flex e-con-boxed e-con e-child\" data-id=\"901b133\" data-element_type=\"container\">\n\t\t\t\t\t<div class=\"e-con-inner\">\n\t\t\t\t<div class=\"elementor-element elementor-element-56835c7 elementor-widget elementor-widget-image\" data-id=\"56835c7\" data-element_type=\"widget\" data-widget_type=\"image.default\">\n\t\t\t\t<div class=\"elementor-widget-container\">\n\t\t\t\t\t\t\t\t\t\t\t\t\t<img loading=\"lazy\" decoding=\"async\" width=\"400\" height=\"400\" src=\"https:\/\/buyhouseez.com\/es\/wp-content\/uploads\/sites\/2\/2025\/03\/Round-Renae.png\" class=\"attachment-medium_large size-medium_large wp-image-4276\" alt=\"\" srcset=\"https:\/\/buyhouseez.com\/es\/wp-content\/uploads\/sites\/2\/2025\/03\/Round-Renae.png 400w, https:\/\/buyhouseez.com\/es\/wp-content\/uploads\/sites\/2\/2025\/03\/Round-Renae-300x300.png 300w, https:\/\/buyhouseez.com\/es\/wp-content\/uploads\/sites\/2\/2025\/03\/Round-Renae-80x80.png 80w, https:\/\/buyhouseez.com\/es\/wp-content\/uploads\/sites\/2\/2025\/03\/Round-Renae-96x96.png 96w, https:\/\/buyhouseez.com\/es\/wp-content\/uploads\/sites\/2\/2025\/03\/Round-Renae-150x150.png 150w\" sizes=\"(max-width: 400px) 100vw, 400px\" \/>\t\t\t\t\t\t\t\t\t\t\t\t\t<\/div>\n\t\t\t\t<\/div>\n\t\t\t\t\t<\/div>\n\t\t\t\t<\/div>\n\t\t\t\t<\/div>\n\t\t\t\t\t<\/div>\n\t\t\t\t<\/div>\n\t\t<div class=\"elementor-element elementor-element-975c8b8 e-con-full e-flex e-con e-parent\" data-id=\"975c8b8\" data-element_type=\"container\" data-settings=\"{&quot;background_background&quot;:&quot;classic&quot;}\">\n\t\t<div class=\"elementor-element elementor-element-c47dc96 e-flex e-con-boxed e-con e-child\" data-id=\"c47dc96\" data-element_type=\"container\" data-settings=\"{&quot;background_background&quot;:&quot;classic&quot;}\">\n\t\t\t\t\t<div class=\"e-con-inner\">\n\t\t\t\t<div class=\"elementor-element elementor-element-e7c6d8d elementor-widget elementor-widget-heading\" data-id=\"e7c6d8d\" data-element_type=\"widget\" data-widget_type=\"heading.default\">\n\t\t\t\t<div class=\"elementor-widget-container\">\n\t\t\t<h2 class=\"elementor-heading-title elementor-size-default\">Real Stories, Real Results<\/h2>\t\t<\/div>\n\t\t\t\t<\/div>\n\t\t\t\t<div class=\"elementor-element elementor-element-b5fec32 elementor-widget elementor-widget-shortcode\" data-id=\"b5fec32\" data-element_type=\"widget\" data-widget_type=\"shortcode.default\">\n\t\t\t\t<div class=\"elementor-widget-container\">\n\t\t\t\t\t<div class=\"elementor-shortcode\"><div data-src=\"https:\/\/cdn.trustindex.io\/loader.js?d8f4e03489090028b656dcc79dd\"><\/div><\/div>\n\t\t\t\t<\/div>\n\t\t\t\t<\/div>\n\t\t\t\t\t<\/div>\n\t\t\t\t<\/div>\n\t\t\t\t<\/div>\n\t\t\t\t<\/div>\n\t\t","protected":false},"excerpt":{"rendered":"<p>Financiamiento Alternativo para Viviendas Ayudamos a trabajadores independientes, personas con ITIN y personas sin historial de cr\u00e9dito a obtener hipotecas a trav\u00e9s de soluciones de financiamiento no tradicionales. Ll\u00e1manos ahora \u00bfDificultades para obtener una hipoteca de los bancos? Personas con N\u00fameros ITIN Trabajadores con ITIN enfrentan desaf\u00edos al acceder a financiamiento para vivienda debido a [&hellip;]<\/p>\n","protected":false},"author":17,"featured_media":0,"parent":0,"menu_order":0,"comment_status":"closed","ping_status":"closed","template":"","meta":{"footnotes":""},"class_list":["post-2128","page","type-page","status-publish","hentry"],"_links":{"self":[{"href":"https:\/\/buyhouseez.com\/es\/wp-json\/wp\/v2\/pages\/2128","targetHints":{"allow":["GET"]}}],"collection":[{"href":"https:\/\/buyhouseez.com\/es\/wp-json\/wp\/v2\/pages"}],"about":[{"href":"https:\/\/buyhouseez.com\/es\/wp-json\/wp\/v2\/types\/page"}],"author":[{"embeddable":true,"href":"https:\/\/buyhouseez.com\/es\/wp-json\/wp\/v2\/users\/17"}],"replies":[{"embeddable":true,"href":"https:\/\/buyhouseez.com\/es\/wp-json\/wp\/v2\/comments?post=2128"}],"version-history":[{"count":328,"href":"https:\/\/buyhouseez.com\/es\/wp-json\/wp\/v2\/pages\/2128\/revisions"}],"predecessor-version":[{"id":4653,"href":"https:\/\/buyhouseez.com\/es\/wp-json\/wp\/v2\/pages\/2128\/revisions\/4653"}],"wp:attachment":[{"href":"https:\/\/buyhouseez.com\/es\/wp-json\/wp\/v2\/media?parent=2128"}],"curies":[{"name":"wp","href":"https:\/\/api.w.org\/{rel}","templated":true}]}}