{"id":2111,"date":"2023-11-09T00:54:56","date_gmt":"2023-11-09T04:54:56","guid":{"rendered":"https:\/\/buyhouseez.com\/es\/?page_id=2111"},"modified":"2025-03-28T11:58:08","modified_gmt":"2025-03-28T15:58:08","slug":"como-funciona","status":"publish","type":"page","link":"https:\/\/buyhouseez.com\/es\/como-funciona\/","title":{"rendered":"How it works"},"content":{"rendered":"\t\t<div data-elementor-type=\"wp-page\" data-elementor-id=\"2111\" class=\"elementor elementor-2111\" data-elementor-post-type=\"page\">\n\t\t\t\t\t\t<section class=\"elementor-section elementor-top-section elementor-element elementor-element-480b3d6c elementor-section-boxed elementor-section-height-default elementor-section-height-default\" data-id=\"480b3d6c\" data-element_type=\"section\">\n\t\t\t\t\t\t<div class=\"elementor-container elementor-column-gap-default\">\n\t\t\t\t\t<div class=\"elementor-column elementor-col-50 elementor-top-column elementor-element elementor-element-14038f1f\" data-id=\"14038f1f\" data-element_type=\"column\">\n\t\t\t<div class=\"elementor-widget-wrap elementor-element-populated\">\n\t\t\t\t\t\t<div class=\"elementor-element elementor-element-19064585 elementor-widget elementor-widget-image\" data-id=\"19064585\" data-element_type=\"widget\" data-widget_type=\"image.default\">\n\t\t\t\t<div class=\"elementor-widget-container\">\n\t\t\t\t\t\t\t\t\t\t\t\t\t<img fetchpriority=\"high\" decoding=\"async\" width=\"800\" height=\"534\" src=\"https:\/\/buyhouseez.com\/es\/wp-content\/uploads\/sites\/2\/2024\/01\/house-isolated-field-1030x687.jpg\" class=\"attachment-large size-large wp-image-2749\" alt=\"find your dream house with buyhouseez\" srcset=\"https:\/\/buyhouseez.com\/es\/wp-content\/uploads\/sites\/2\/2024\/01\/house-isolated-field-1030x687.jpg 1030w, https:\/\/buyhouseez.com\/es\/wp-content\/uploads\/sites\/2\/2024\/01\/house-isolated-field-300x200.jpg 300w, https:\/\/buyhouseez.com\/es\/wp-content\/uploads\/sites\/2\/2024\/01\/house-isolated-field-768x512.jpg 768w, https:\/\/buyhouseez.com\/es\/wp-content\/uploads\/sites\/2\/2024\/01\/house-isolated-field-1536x1024.jpg 1536w, https:\/\/buyhouseez.com\/es\/wp-content\/uploads\/sites\/2\/2024\/01\/house-isolated-field-2048x1365.jpg 2048w, https:\/\/buyhouseez.com\/es\/wp-content\/uploads\/sites\/2\/2024\/01\/house-isolated-field-150x100.jpg 150w\" sizes=\"(max-width: 800px) 100vw, 800px\" \/>\t\t\t\t\t\t\t\t\t\t\t\t\t<\/div>\n\t\t\t\t<\/div>\n\t\t\t\t\t<\/div>\n\t\t<\/div>\n\t\t\t\t<div class=\"elementor-column elementor-col-50 elementor-top-column elementor-element elementor-element-31e9c853\" data-id=\"31e9c853\" data-element_type=\"column\">\n\t\t\t<div class=\"elementor-widget-wrap elementor-element-populated\">\n\t\t\t\t\t\t<div class=\"elementor-element elementor-element-3d53a732 elementor-headline--style-highlight elementor-widget elementor-widget-animated-headline\" data-id=\"3d53a732\" data-element_type=\"widget\" data-settings=\"{&quot;marker&quot;:&quot;curly&quot;,&quot;headline_style&quot;:&quot;highlight&quot;,&quot;loop&quot;:&quot;yes&quot;,&quot;highlight_animation_duration&quot;:1200,&quot;highlight_iteration_delay&quot;:8000}\" data-widget_type=\"animated-headline.default\">\n\t\t\t\t<div class=\"elementor-widget-container\">\n\t\t\t\t\t<h3 class=\"elementor-headline\">\n\t\t\t\t\t<span class=\"elementor-headline-plain-text elementor-headline-text-wrapper\">Un programa para gente trabajadora como t\u00fa<\/span>\n\t\t\t\t<span class=\"elementor-headline-dynamic-wrapper elementor-headline-text-wrapper\">\n\t\t\t\t<\/span>\n\t\t\t\t<\/h3>\n\t\t\t\t<\/div>\n\t\t\t\t<\/div>\n\t\t\t\t<div class=\"elementor-element elementor-element-4150f071 elementor-widget elementor-widget-text-editor\" data-id=\"4150f071\" data-element_type=\"widget\" data-widget_type=\"text-editor.default\">\n\t\t\t\t<div class=\"elementor-widget-container\">\n\t\t\t\t\t\t\t<p>En BuyHouseEZ, comprendemos que eres una persona con ITIN que trabaja arduamente y aspira a ser propietaria de una casa. Sin embargo, para lograrlo, necesitas un pr\u00e9stamo hipotecario. El dilema surge cuando los bancos exigen un buen historial crediticio, haciendo que sientas que el alquiler es tu \u00fanica opci\u00f3n. Creemos firmemente que todos merecen un lugar al que llamar hogar, y entendemos que construir un historial crediticio no es tarea f\u00e1cil. Por esta raz\u00f3n, en BuyHouseEZ, puede ayudarte si no tienes un historial crediticio tradicional.<\/p><p>As\u00ed es c\u00f3mo funciona: primero, aplicas con nosotros para ser aprobado para un pr\u00e9stamo. Segundo, encuentra la casa que te gusta. Y, finalmente, te establecemos en un pr\u00e9stamo para que puedas dejar de alquilar y comenzar a ser due\u00f1o de tu hogar.<\/p>\t\t\t\t\t\t<\/div>\n\t\t\t\t<\/div>\n\t\t\t\t\t<\/div>\n\t\t<\/div>\n\t\t\t\t\t<\/div>\n\t\t<\/section>\n\t\t\t\t<section class=\"elementor-section elementor-top-section elementor-element elementor-element-7ed6f098 elementor-section-content-middle elementor-section-boxed elementor-section-height-default elementor-section-height-default\" data-id=\"7ed6f098\" data-element_type=\"section\" data-settings=\"{&quot;background_background&quot;:&quot;classic&quot;}\">\n\t\t\t\t\t\t<div class=\"elementor-container elementor-column-gap-default\">\n\t\t\t\t\t<div class=\"elementor-column elementor-col-100 elementor-top-column elementor-element elementor-element-28ab81\" data-id=\"28ab81\" data-element_type=\"column\">\n\t\t\t<div class=\"elementor-widget-wrap elementor-element-populated\">\n\t\t\t\t\t\t<div class=\"elementor-element elementor-element-2c685ea6 elementor-widget elementor-widget-heading\" data-id=\"2c685ea6\" data-element_type=\"widget\" data-widget_type=\"heading.default\">\n\t\t\t\t<div class=\"elementor-widget-container\">\n\t\t\t<h2 class=\"elementor-heading-title elementor-size-default\">Documentos imprescindibles para tu\naventura de comprar una casa<\/h2>\t\t<\/div>\n\t\t\t\t<\/div>\n\t\t\t\t\t<\/div>\n\t\t<\/div>\n\t\t\t\t\t<\/div>\n\t\t<\/section>\n\t\t\t\t<section class=\"elementor-section elementor-top-section elementor-element elementor-element-259b71ce elementor-section-boxed elementor-section-height-default elementor-section-height-default\" data-id=\"259b71ce\" data-element_type=\"section\" data-settings=\"{&quot;background_background&quot;:&quot;classic&quot;}\">\n\t\t\t\t\t\t<div class=\"elementor-container elementor-column-gap-default\">\n\t\t\t\t\t<div class=\"elementor-column elementor-col-100 elementor-top-column elementor-element elementor-element-1d54aec3\" data-id=\"1d54aec3\" data-element_type=\"column\" data-settings=\"{&quot;background_background&quot;:&quot;classic&quot;}\">\n\t\t\t<div class=\"elementor-widget-wrap elementor-element-populated\">\n\t\t\t\t\t\t<div class=\"elementor-element elementor-element-57b5f34d elementor-position-left elementor-vertical-align-middle elementor-widget elementor-widget-image-box\" data-id=\"57b5f34d\" data-element_type=\"widget\" data-widget_type=\"image-box.default\">\n\t\t\t\t<div class=\"elementor-widget-container\">\n\t\t\t<div class=\"elementor-image-box-wrapper\"><figure class=\"elementor-image-box-img\"><img decoding=\"async\" width=\"806\" height=\"802\" src=\"https:\/\/buyhouseez.com\/es\/wp-content\/uploads\/sites\/2\/2023\/11\/WORK-HISTORY.png\" class=\"attachment-full size-full wp-image-2114\" alt=\"\" srcset=\"https:\/\/buyhouseez.com\/es\/wp-content\/uploads\/sites\/2\/2023\/11\/WORK-HISTORY.png 806w, https:\/\/buyhouseez.com\/es\/wp-content\/uploads\/sites\/2\/2023\/11\/WORK-HISTORY-300x300.png 300w, https:\/\/buyhouseez.com\/es\/wp-content\/uploads\/sites\/2\/2023\/11\/WORK-HISTORY-80x80.png 80w, https:\/\/buyhouseez.com\/es\/wp-content\/uploads\/sites\/2\/2023\/11\/WORK-HISTORY-768x764.png 768w, https:\/\/buyhouseez.com\/es\/wp-content\/uploads\/sites\/2\/2023\/11\/WORK-HISTORY-96x96.png 96w, https:\/\/buyhouseez.com\/es\/wp-content\/uploads\/sites\/2\/2023\/11\/WORK-HISTORY-150x149.png 150w\" sizes=\"(max-width: 806px) 100vw, 806px\" \/><\/figure><div class=\"elementor-image-box-content\"><h3 class=\"elementor-image-box-title\">Historial laboral<\/h3><p class=\"elementor-image-box-description\">Comprobante de ingresos de los \u00faltimos 2 a\u00f1os, ya sea para trabajadores independientes o W2<\/p><\/div><\/div>\t\t<\/div>\n\t\t\t\t<\/div>\n\t\t\t\t<div class=\"elementor-element elementor-element-2b15542b elementor-position-right elementor-vertical-align-middle elementor-widget elementor-widget-image-box\" data-id=\"2b15542b\" data-element_type=\"widget\" data-widget_type=\"image-box.default\">\n\t\t\t\t<div class=\"elementor-widget-container\">\n\t\t\t<div class=\"elementor-image-box-wrapper\"><figure class=\"elementor-image-box-img\"><img decoding=\"async\" width=\"826\" height=\"885\" src=\"https:\/\/buyhouseez.com\/es\/wp-content\/uploads\/sites\/2\/2023\/11\/RENT-HISTORY.png\" class=\"attachment-full size-full wp-image-2115\" alt=\"\" srcset=\"https:\/\/buyhouseez.com\/es\/wp-content\/uploads\/sites\/2\/2023\/11\/RENT-HISTORY.png 826w, https:\/\/buyhouseez.com\/es\/wp-content\/uploads\/sites\/2\/2023\/11\/RENT-HISTORY-280x300.png 280w, https:\/\/buyhouseez.com\/es\/wp-content\/uploads\/sites\/2\/2023\/11\/RENT-HISTORY-768x823.png 768w, https:\/\/buyhouseez.com\/es\/wp-content\/uploads\/sites\/2\/2023\/11\/RENT-HISTORY-150x161.png 150w\" sizes=\"(max-width: 826px) 100vw, 826px\" \/><\/figure><div class=\"elementor-image-box-content\"><h3 class=\"elementor-image-box-title\">Historial de alquiler<\/h3><p class=\"elementor-image-box-description\">Comprobante de alquiler de los \u00faltimos 2 a\u00f1os.<\/p><\/div><\/div>\t\t<\/div>\n\t\t\t\t<\/div>\n\t\t\t\t<div class=\"elementor-element elementor-element-33455631 elementor-position-left elementor-vertical-align-middle elementor-widget elementor-widget-image-box\" data-id=\"33455631\" data-element_type=\"widget\" data-widget_type=\"image-box.default\">\n\t\t\t\t<div class=\"elementor-widget-container\">\n\t\t\t<div class=\"elementor-image-box-wrapper\"><figure class=\"elementor-image-box-img\"><img loading=\"lazy\" decoding=\"async\" width=\"836\" height=\"896\" src=\"https:\/\/buyhouseez.com\/es\/wp-content\/uploads\/sites\/2\/2023\/11\/ID-ISSUED-BY-THE-GOVERNMENT.png\" class=\"attachment-full size-full wp-image-2116\" alt=\"ITIN Holders\" srcset=\"https:\/\/buyhouseez.com\/es\/wp-content\/uploads\/sites\/2\/2023\/11\/ID-ISSUED-BY-THE-GOVERNMENT.png 836w, https:\/\/buyhouseez.com\/es\/wp-content\/uploads\/sites\/2\/2023\/11\/ID-ISSUED-BY-THE-GOVERNMENT-280x300.png 280w, https:\/\/buyhouseez.com\/es\/wp-content\/uploads\/sites\/2\/2023\/11\/ID-ISSUED-BY-THE-GOVERNMENT-768x823.png 768w, https:\/\/buyhouseez.com\/es\/wp-content\/uploads\/sites\/2\/2023\/11\/ID-ISSUED-BY-THE-GOVERNMENT-150x161.png 150w\" sizes=\"(max-width: 836px) 100vw, 836px\" \/><\/figure><div class=\"elementor-image-box-content\"><h3 class=\"elementor-image-box-title\">Documento de identidad emitido por el gobierno<\/h3><p class=\"elementor-image-box-description\">Cualquier identificaci\u00f3n emitida por el gobierno. Las identificaciones internacionales tambi\u00e9n califican.<\/p><\/div><\/div>\t\t<\/div>\n\t\t\t\t<\/div>\n\t\t\t\t<div class=\"elementor-element elementor-element-153adb2f elementor-position-right elementor-vertical-align-middle elementor-widget elementor-widget-image-box\" data-id=\"153adb2f\" data-element_type=\"widget\" data-widget_type=\"image-box.default\">\n\t\t\t\t<div class=\"elementor-widget-container\">\n\t\t\t<div class=\"elementor-image-box-wrapper\"><figure class=\"elementor-image-box-img\"><img loading=\"lazy\" decoding=\"async\" width=\"916\" height=\"846\" src=\"https:\/\/buyhouseez.com\/es\/wp-content\/uploads\/sites\/2\/2023\/11\/TAX-RETURNS.png\" class=\"attachment-full size-full wp-image-2117\" alt=\"Limited Credit History\" srcset=\"https:\/\/buyhouseez.com\/es\/wp-content\/uploads\/sites\/2\/2023\/11\/TAX-RETURNS.png 916w, https:\/\/buyhouseez.com\/es\/wp-content\/uploads\/sites\/2\/2023\/11\/TAX-RETURNS-300x277.png 300w, https:\/\/buyhouseez.com\/es\/wp-content\/uploads\/sites\/2\/2023\/11\/TAX-RETURNS-768x709.png 768w, https:\/\/buyhouseez.com\/es\/wp-content\/uploads\/sites\/2\/2023\/11\/TAX-RETURNS-150x139.png 150w\" sizes=\"(max-width: 916px) 100vw, 916px\" \/><\/figure><div class=\"elementor-image-box-content\"><h3 class=\"elementor-image-box-title\">Declaraciones de impuestos.<\/h3><p class=\"elementor-image-box-description\">Haber presentado declaraciones de impuestos federales durante los \u00faltimos 2 a\u00f1os.<\/p><\/div><\/div>\t\t<\/div>\n\t\t\t\t<\/div>\n\t\t\t\t<div class=\"elementor-element elementor-element-693cc2f9 elementor-position-left elementor-vertical-align-middle elementor-widget elementor-widget-image-box\" data-id=\"693cc2f9\" data-element_type=\"widget\" data-widget_type=\"image-box.default\">\n\t\t\t\t<div class=\"elementor-widget-container\">\n\t\t\t<div class=\"elementor-image-box-wrapper\"><figure class=\"elementor-image-box-img\"><img loading=\"lazy\" decoding=\"async\" width=\"945\" height=\"864\" src=\"https:\/\/buyhouseez.com\/es\/wp-content\/uploads\/sites\/2\/2023\/11\/ITIN-OR-SSN.png\" class=\"attachment-full size-full wp-image-2118\" alt=\"\" srcset=\"https:\/\/buyhouseez.com\/es\/wp-content\/uploads\/sites\/2\/2023\/11\/ITIN-OR-SSN.png 945w, https:\/\/buyhouseez.com\/es\/wp-content\/uploads\/sites\/2\/2023\/11\/ITIN-OR-SSN-300x274.png 300w, https:\/\/buyhouseez.com\/es\/wp-content\/uploads\/sites\/2\/2023\/11\/ITIN-OR-SSN-768x702.png 768w, https:\/\/buyhouseez.com\/es\/wp-content\/uploads\/sites\/2\/2023\/11\/ITIN-OR-SSN-150x137.png 150w\" sizes=\"(max-width: 945px) 100vw, 945px\" \/><\/figure><div class=\"elementor-image-box-content\"><h3 class=\"elementor-image-box-title\">ITIN o n\u00famero de Seguro Social<\/h3><p class=\"elementor-image-box-description\">\u00bfNo tienes un SSN? \u00a1Te tenemos cubierto! Tambi\u00e9n puede obtener la aprobaci\u00f3n con solo un ITIN.<\/p><\/div><\/div>\t\t<\/div>\n\t\t\t\t<\/div>\n\t\t\t\t<div class=\"elementor-element elementor-element-36be460d elementor-position-right elementor-vertical-align-middle elementor-widget elementor-widget-image-box\" data-id=\"36be460d\" data-element_type=\"widget\" data-widget_type=\"image-box.default\">\n\t\t\t\t<div class=\"elementor-widget-container\">\n\t\t\t<div class=\"elementor-image-box-wrapper\"><figure class=\"elementor-image-box-img\"><img loading=\"lazy\" decoding=\"async\" width=\"867\" height=\"881\" src=\"https:\/\/buyhouseez.com\/es\/wp-content\/uploads\/sites\/2\/2023\/11\/10-DOWN-PAYMENT.png\" class=\"attachment-full size-full wp-image-2119\" alt=\"\" srcset=\"https:\/\/buyhouseez.com\/es\/wp-content\/uploads\/sites\/2\/2023\/11\/10-DOWN-PAYMENT.png 867w, https:\/\/buyhouseez.com\/es\/wp-content\/uploads\/sites\/2\/2023\/11\/10-DOWN-PAYMENT-295x300.png 295w, https:\/\/buyhouseez.com\/es\/wp-content\/uploads\/sites\/2\/2023\/11\/10-DOWN-PAYMENT-80x80.png 80w, https:\/\/buyhouseez.com\/es\/wp-content\/uploads\/sites\/2\/2023\/11\/10-DOWN-PAYMENT-768x780.png 768w, https:\/\/buyhouseez.com\/es\/wp-content\/uploads\/sites\/2\/2023\/11\/10-DOWN-PAYMENT-150x152.png 150w\" sizes=\"(max-width: 867px) 100vw, 867px\" \/><\/figure><div class=\"elementor-image-box-content\"><h3 class=\"elementor-image-box-title\">10% Down payment<\/h3><p class=\"elementor-image-box-description\">\u00bfHas ahorrado para tu casa? Con un pago inicial del 10%, Est\u00e1s un paso m\u00e1s cerca de tu nuevo hogar.<\/p><\/div><\/div>\t\t<\/div>\n\t\t\t\t<\/div>\n\t\t\t\t<div class=\"elementor-element elementor-element-7b23c2b elementor-align-center elementor-widget elementor-widget-button\" data-id=\"7b23c2b\" data-element_type=\"widget\" data-widget_type=\"button.default\">\n\t\t\t\t<div class=\"elementor-widget-container\">\n\t\t\t\t\t<div class=\"elementor-button-wrapper\">\n\t\t\t<a class=\"elementor-button elementor-button-link elementor-size-sm\" href=\"#elementor-action%3Aaction%3Dpopup%3Aopen%26settings%3DeyJpZCI6IjI1NjAiLCJ0b2dnbGUiOmZhbHNlfQ%3D%3D\" id=\"main-cta-es-body\">\n\t\t\t\t\t\t<span class=\"elementor-button-content-wrapper\">\n\t\t\t\t\t\t\t\t\t<span class=\"elementor-button-text\">\u00a1Aplicar ahora!<\/span>\n\t\t\t\t\t<\/span>\n\t\t\t\t\t<\/a>\n\t\t<\/div>\n\t\t\t\t<\/div>\n\t\t\t\t<\/div>\n\t\t\t\t\t<\/div>\n\t\t<\/div>\n\t\t\t\t\t<\/div>\n\t\t<\/section>\n\t\t\t\t<\/div>\n\t\t","protected":false},"excerpt":{"rendered":"<p>Un programa para gente trabajadora como t\u00fa En BuyHouseEZ, comprendemos que eres una persona con ITIN que trabaja arduamente y aspira a ser propietaria de una casa. Sin embargo, para lograrlo, necesitas un pr\u00e9stamo hipotecario. El dilema surge cuando los bancos exigen un buen historial crediticio, haciendo que sientas que el alquiler es tu \u00fanica [&hellip;]<\/p>\n","protected":false},"author":15,"featured_media":0,"parent":0,"menu_order":0,"comment_status":"closed","ping_status":"closed","template":"","meta":{"footnotes":""},"class_list":["post-2111","page","type-page","status-publish","hentry"],"_links":{"self":[{"href":"https:\/\/buyhouseez.com\/es\/wp-json\/wp\/v2\/pages\/2111","targetHints":{"allow":["GET"]}}],"collection":[{"href":"https:\/\/buyhouseez.com\/es\/wp-json\/wp\/v2\/pages"}],"about":[{"href":"https:\/\/buyhouseez.com\/es\/wp-json\/wp\/v2\/types\/page"}],"author":[{"embeddable":true,"href":"https:\/\/buyhouseez.com\/es\/wp-json\/wp\/v2\/users\/15"}],"replies":[{"embeddable":true,"href":"https:\/\/buyhouseez.com\/es\/wp-json\/wp\/v2\/comments?post=2111"}],"version-history":[{"count":59,"href":"https:\/\/buyhouseez.com\/es\/wp-json\/wp\/v2\/pages\/2111\/revisions"}],"predecessor-version":[{"id":4407,"href":"https:\/\/buyhouseez.com\/es\/wp-json\/wp\/v2\/pages\/2111\/revisions\/4407"}],"wp:attachment":[{"href":"https:\/\/buyhouseez.com\/es\/wp-json\/wp\/v2\/media?parent=2111"}],"curies":[{"name":"wp","href":"https:\/\/api.w.org\/{rel}","templated":true}]}}