{"id":2085,"date":"2023-11-08T23:20:39","date_gmt":"2023-11-09T03:20:39","guid":{"rendered":"https:\/\/buyhouseez.com\/es\/?page_id=2085"},"modified":"2025-02-28T10:12:08","modified_gmt":"2025-02-28T14:12:08","slug":"about-us","status":"publish","type":"page","link":"https:\/\/buyhouseez.com\/es\/about-us\/","title":{"rendered":"About Us"},"content":{"rendered":"\t\t<div data-elementor-type=\"wp-page\" data-elementor-id=\"2085\" class=\"elementor elementor-2085\" data-elementor-post-type=\"page\">\n\t\t\t\t\t\t<section class=\"elementor-section elementor-top-section elementor-element elementor-element-5ac77ee0 elementor-section-boxed elementor-section-height-default elementor-section-height-default\" data-id=\"5ac77ee0\" data-element_type=\"section\">\n\t\t\t\t\t\t<div class=\"elementor-container elementor-column-gap-default\">\n\t\t\t\t\t<div class=\"elementor-column elementor-col-50 elementor-top-column elementor-element elementor-element-24e83e24\" data-id=\"24e83e24\" data-element_type=\"column\">\n\t\t\t<div class=\"elementor-widget-wrap elementor-element-populated\">\n\t\t\t\t\t\t<div class=\"elementor-element elementor-element-7f0be0aa elementor-widget elementor-widget-image\" data-id=\"7f0be0aa\" data-element_type=\"widget\" data-widget_type=\"image.default\">\n\t\t\t\t<div class=\"elementor-widget-container\">\n\t\t\t\t\t\t\t\t\t\t\t\t\t<img fetchpriority=\"high\" decoding=\"async\" width=\"800\" height=\"534\" src=\"https:\/\/buyhouseez.com\/es\/wp-content\/uploads\/sites\/2\/2023\/11\/high-angle-people-putting-hands-together-scaled-1-1030x687.jpg\" class=\"attachment-large size-large wp-image-2087\" alt=\"\" srcset=\"https:\/\/buyhouseez.com\/es\/wp-content\/uploads\/sites\/2\/2023\/11\/high-angle-people-putting-hands-together-scaled-1-1030x687.jpg 1030w, https:\/\/buyhouseez.com\/es\/wp-content\/uploads\/sites\/2\/2023\/11\/high-angle-people-putting-hands-together-scaled-1-300x200.jpg 300w, https:\/\/buyhouseez.com\/es\/wp-content\/uploads\/sites\/2\/2023\/11\/high-angle-people-putting-hands-together-scaled-1-768x512.jpg 768w, https:\/\/buyhouseez.com\/es\/wp-content\/uploads\/sites\/2\/2023\/11\/high-angle-people-putting-hands-together-scaled-1-1536x1024.jpg 1536w, https:\/\/buyhouseez.com\/es\/wp-content\/uploads\/sites\/2\/2023\/11\/high-angle-people-putting-hands-together-scaled-1-2048x1366.jpg 2048w, https:\/\/buyhouseez.com\/es\/wp-content\/uploads\/sites\/2\/2023\/11\/high-angle-people-putting-hands-together-scaled-1-150x100.jpg 150w\" sizes=\"(max-width: 800px) 100vw, 800px\" \/>\t\t\t\t\t\t\t\t\t\t\t\t\t<\/div>\n\t\t\t\t<\/div>\n\t\t\t\t\t<\/div>\n\t\t<\/div>\n\t\t\t\t<div class=\"elementor-column elementor-col-50 elementor-top-column elementor-element elementor-element-5ac96cf1\" data-id=\"5ac96cf1\" data-element_type=\"column\">\n\t\t\t<div class=\"elementor-widget-wrap elementor-element-populated\">\n\t\t\t\t\t\t<div class=\"elementor-element elementor-element-6b60d043 elementor-widget elementor-widget-heading\" data-id=\"6b60d043\" data-element_type=\"widget\" data-widget_type=\"heading.default\">\n\t\t\t\t<div class=\"elementor-widget-container\">\n\t\t\t<h2 class=\"elementor-heading-title elementor-size-default\">Un hogar para todos, independientemente de los obst\u00e1culos<\/h2>\t\t<\/div>\n\t\t\t\t<\/div>\n\t\t\t\t<div class=\"elementor-element elementor-element-a4a6e3e elementor-widget elementor-widget-text-editor\" data-id=\"a4a6e3e\" data-element_type=\"widget\" data-widget_type=\"text-editor.default\">\n\t\t\t\t<div class=\"elementor-widget-container\">\n\t\t\t\t\t\t\t<p>En BuyHouseEZ, creemos que ser due\u00f1o de una casa debe ser alcanzable para todos, independientemente de su historial crediticio.<\/p><p>Nuestra misi\u00f3n es empoderar a personas trabajadoras con soluciones de financiamiento flexibles y accesibles, utilizando tecnolog\u00eda inmobiliaria para hacer realidad sus sue\u00f1os.<\/p>\t\t\t\t\t\t<\/div>\n\t\t\t\t<\/div>\n\t\t\t\t<div class=\"elementor-element elementor-element-7eaa9b33 elementor-widget elementor-widget-heading\" data-id=\"7eaa9b33\" data-element_type=\"widget\" data-widget_type=\"heading.default\">\n\t\t\t\t<div class=\"elementor-widget-container\">\n\t\t\t<h2 class=\"elementor-heading-title elementor-size-default\">\u00bfQui\u00e9nes somos?<\/h2>\t\t<\/div>\n\t\t\t\t<\/div>\n\t\t\t\t<div class=\"elementor-element elementor-element-604b31c7 elementor-widget elementor-widget-text-editor\" data-id=\"604b31c7\" data-element_type=\"widget\" data-widget_type=\"text-editor.default\">\n\t\t\t\t<div class=\"elementor-widget-container\">\n\t\t\t\t\t\t\t<p>BuyHouseEZ es un programa de prestamistas privados con licencia que ofrece financiamiento para la compra de viviendas, especializado en ayudar a personas sin un historial crediticio tradicional, incluidos aquellos con ITIN, quienes a menudo enfrentan desaf\u00edos para asegurar hipotecas tradicionales.<\/p><p>Entendemos que el camino de cada persona hacia la propia casa es \u00fanico, y estamos aqu\u00ed para brindar el apoyo y las soluciones necesarias para superar los obst\u00e1culos.<\/p>\t\t\t\t\t\t<\/div>\n\t\t\t\t<\/div>\n\t\t\t\t\t<\/div>\n\t\t<\/div>\n\t\t\t\t\t<\/div>\n\t\t<\/section>\n\t\t\t\t<\/div>\n\t\t","protected":false},"excerpt":{"rendered":"<p>Un hogar para todos, independientemente de los obst\u00e1culos En BuyHouseEZ, creemos que ser due\u00f1o de una casa debe ser alcanzable para todos, independientemente de su historial crediticio. Nuestra misi\u00f3n es empoderar a personas trabajadoras con soluciones de financiamiento flexibles y accesibles, utilizando tecnolog\u00eda inmobiliaria para hacer realidad sus sue\u00f1os. \u00bfQui\u00e9nes somos? BuyHouseEZ es un programa [&hellip;]<\/p>\n","protected":false},"author":15,"featured_media":0,"parent":0,"menu_order":0,"comment_status":"closed","ping_status":"closed","template":"","meta":{"footnotes":""},"class_list":["post-2085","page","type-page","status-publish","hentry"],"_links":{"self":[{"href":"https:\/\/buyhouseez.com\/es\/wp-json\/wp\/v2\/pages\/2085","targetHints":{"allow":["GET"]}}],"collection":[{"href":"https:\/\/buyhouseez.com\/es\/wp-json\/wp\/v2\/pages"}],"about":[{"href":"https:\/\/buyhouseez.com\/es\/wp-json\/wp\/v2\/types\/page"}],"author":[{"embeddable":true,"href":"https:\/\/buyhouseez.com\/es\/wp-json\/wp\/v2\/users\/15"}],"replies":[{"embeddable":true,"href":"https:\/\/buyhouseez.com\/es\/wp-json\/wp\/v2\/comments?post=2085"}],"version-history":[{"count":31,"href":"https:\/\/buyhouseez.com\/es\/wp-json\/wp\/v2\/pages\/2085\/revisions"}],"predecessor-version":[{"id":4261,"href":"https:\/\/buyhouseez.com\/es\/wp-json\/wp\/v2\/pages\/2085\/revisions\/4261"}],"wp:attachment":[{"href":"https:\/\/buyhouseez.com\/es\/wp-json\/wp\/v2\/media?parent=2085"}],"curies":[{"name":"wp","href":"https:\/\/api.w.org\/{rel}","templated":true}]}}