{"id":2025,"date":"2023-11-02T07:58:08","date_gmt":"2023-11-02T11:58:08","guid":{"rendered":"https:\/\/buyhouseez.com\/es\/?page_id=2025"},"modified":"2024-01-16T01:48:13","modified_gmt":"2024-01-16T05:48:13","slug":"new-lead-gen","status":"publish","type":"page","link":"https:\/\/buyhouseez.com\/es\/new-lead-gen\/","title":{"rendered":"New Lead Gen Google Ads"},"content":{"rendered":"\t\t<div data-elementor-type=\"wp-page\" data-elementor-id=\"2025\" class=\"elementor elementor-2025\" data-elementor-post-type=\"page\">\n\t\t\t\t<div class=\"elementor-element elementor-element-3f83fc9 e-con-full e-flex e-con e-parent\" data-id=\"3f83fc9\" data-element_type=\"container\">\n\t\t<div class=\"elementor-element elementor-element-b08eddb e-con-full e-flex e-con e-child\" data-id=\"b08eddb\" data-element_type=\"container\">\n\t\t\t\t<div class=\"elementor-element elementor-element-c855e0d elementor-position-right elementor-vertical-align-middle elementor-widget elementor-widget-image-box\" data-id=\"c855e0d\" data-element_type=\"widget\" data-widget_type=\"image-box.default\">\n\t\t\t\t<div class=\"elementor-widget-container\">\n\t\t\t<div class=\"elementor-image-box-wrapper\"><figure class=\"elementor-image-box-img\"><img fetchpriority=\"high\" decoding=\"async\" width=\"934\" height=\"918\" src=\"https:\/\/buyhouseez.com\/es\/wp-content\/uploads\/sites\/2\/2023\/11\/GET-APPROVED.png\" class=\"attachment-full size-full wp-image-2030\" alt=\"\" srcset=\"https:\/\/buyhouseez.com\/es\/wp-content\/uploads\/sites\/2\/2023\/11\/GET-APPROVED.png 934w, https:\/\/buyhouseez.com\/es\/wp-content\/uploads\/sites\/2\/2023\/11\/GET-APPROVED-300x295.png 300w, https:\/\/buyhouseez.com\/es\/wp-content\/uploads\/sites\/2\/2023\/11\/GET-APPROVED-80x80.png 80w, https:\/\/buyhouseez.com\/es\/wp-content\/uploads\/sites\/2\/2023\/11\/GET-APPROVED-768x755.png 768w, https:\/\/buyhouseez.com\/es\/wp-content\/uploads\/sites\/2\/2023\/11\/GET-APPROVED-150x147.png 150w\" sizes=\"(max-width: 934px) 100vw, 934px\" \/><\/figure><div class=\"elementor-image-box-content\"><h3 class=\"elementor-image-box-title\">Aprueba.<\/h3><\/div><\/div>\t\t<\/div>\n\t\t\t\t<\/div>\n\t\t\t\t<div class=\"elementor-element elementor-element-e0f829a elementor-position-right elementor-vertical-align-middle elementor-widget elementor-widget-image-box\" data-id=\"e0f829a\" data-element_type=\"widget\" data-widget_type=\"image-box.default\">\n\t\t\t\t<div class=\"elementor-widget-container\">\n\t\t\t<div class=\"elementor-image-box-wrapper\"><figure class=\"elementor-image-box-img\"><img decoding=\"async\" width=\"973\" height=\"800\" src=\"https:\/\/buyhouseez.com\/es\/wp-content\/uploads\/sites\/2\/2023\/11\/FIND-YOUR-HOME.png\" class=\"attachment-full size-full wp-image-2031\" alt=\"\" srcset=\"https:\/\/buyhouseez.com\/es\/wp-content\/uploads\/sites\/2\/2023\/11\/FIND-YOUR-HOME.png 973w, https:\/\/buyhouseez.com\/es\/wp-content\/uploads\/sites\/2\/2023\/11\/FIND-YOUR-HOME-300x247.png 300w, https:\/\/buyhouseez.com\/es\/wp-content\/uploads\/sites\/2\/2023\/11\/FIND-YOUR-HOME-768x631.png 768w, https:\/\/buyhouseez.com\/es\/wp-content\/uploads\/sites\/2\/2023\/11\/FIND-YOUR-HOME-150x123.png 150w\" sizes=\"(max-width: 973px) 100vw, 973px\" \/><\/figure><div class=\"elementor-image-box-content\"><h3 class=\"elementor-image-box-title\">Encuentra tu hogar.<\/h3><\/div><\/div>\t\t<\/div>\n\t\t\t\t<\/div>\n\t\t\t\t<div class=\"elementor-element elementor-element-e7f755a elementor-position-right elementor-vertical-align-middle elementor-widget elementor-widget-image-box\" data-id=\"e7f755a\" data-element_type=\"widget\" data-widget_type=\"image-box.default\">\n\t\t\t\t<div class=\"elementor-widget-container\">\n\t\t\t<div class=\"elementor-image-box-wrapper\"><figure class=\"elementor-image-box-img\"><img decoding=\"async\" width=\"951\" height=\"842\" src=\"https:\/\/buyhouseez.com\/es\/wp-content\/uploads\/sites\/2\/2023\/11\/MOVE-IN-AND-START-OWNING-YOUR-HOME.png\" class=\"attachment-full size-full wp-image-2032\" alt=\"\" srcset=\"https:\/\/buyhouseez.com\/es\/wp-content\/uploads\/sites\/2\/2023\/11\/MOVE-IN-AND-START-OWNING-YOUR-HOME.png 951w, https:\/\/buyhouseez.com\/es\/wp-content\/uploads\/sites\/2\/2023\/11\/MOVE-IN-AND-START-OWNING-YOUR-HOME-300x266.png 300w, https:\/\/buyhouseez.com\/es\/wp-content\/uploads\/sites\/2\/2023\/11\/MOVE-IN-AND-START-OWNING-YOUR-HOME-768x680.png 768w, https:\/\/buyhouseez.com\/es\/wp-content\/uploads\/sites\/2\/2023\/11\/MOVE-IN-AND-START-OWNING-YOUR-HOME-150x133.png 150w\" sizes=\"(max-width: 951px) 100vw, 951px\" \/><\/figure><div class=\"elementor-image-box-content\"><h3 class=\"elementor-image-box-title\">Mudate y comienza a ser dueno de tu casa.<\/h3><\/div><\/div>\t\t<\/div>\n\t\t\t\t<\/div>\n\t\t\t\t<\/div>\n\t\t<div class=\"elementor-element elementor-element-1b25d72 e-con-full e-flex e-con e-child\" data-id=\"1b25d72\" data-element_type=\"container\">\n\t\t\t\t<div class=\"elementor-element elementor-element-c6a5490 elementor-widget elementor-widget-heading\" data-id=\"c6a5490\" data-element_type=\"widget\" data-widget_type=\"heading.default\">\n\t\t\t\t<div class=\"elementor-widget-container\">\n\t\t\t<h2 class=\"elementor-heading-title elementor-size-default\">Deja de alquilar, empieza a ser propietario<\/h2>\t\t<\/div>\n\t\t\t\t<\/div>\n\t\t\t\t<div class=\"elementor-element elementor-element-d6c5b88 elementor-widget elementor-widget-heading\" data-id=\"d6c5b88\" data-element_type=\"widget\" data-widget_type=\"heading.default\">\n\t\t\t\t<div class=\"elementor-widget-container\">\n\t\t\t<h2 class=\"elementor-heading-title elementor-size-default\">Convirtiendo desafios en propietarios exitosos.<\/h2>\t\t<\/div>\n\t\t\t\t<\/div>\n\t\t\t\t<div class=\"elementor-element elementor-element-1b4f4ad elementor-widget elementor-widget-html\" data-id=\"1b4f4ad\" data-element_type=\"widget\" data-widget_type=\"html.default\">\n\t\t\t\t<div class=\"elementor-widget-container\">\n\t\t\t<iframe aria-label='New Lead Gen Google Ads Landing Page' frameborder=\"0\" style=\"height:800px;width:99%;border:none;\" src='https:\/\/forms.zohopublic.com\/zohodocs1852\/form\/NewLeadGen\/formperma\/ZWsbNM7ZUY9gs3xLP9RvXuWxyDzMdTJAFfhzOT8IJ90'><\/iframe>\t\t<\/div>\n\t\t\t\t<\/div>\n\t\t\t\t<\/div>\n\t\t\t\t<\/div>\n\t\t\t\t<\/div>\n\t\t","protected":false},"excerpt":{"rendered":"<p>Aprueba. Encuentra tu hogar. Mudate y comienza a ser dueno de tu casa. Deja de alquilar, empieza a ser propietario Convirtiendo desafios en propietarios exitosos.<\/p>\n","protected":false},"author":15,"featured_media":0,"parent":0,"menu_order":0,"comment_status":"closed","ping_status":"closed","template":"","meta":{"footnotes":""},"class_list":["post-2025","page","type-page","status-publish","hentry"],"yoast_head":"<!-- This site is optimized with the Yoast SEO plugin v27.3 - https:\/\/yoast.com\/product\/yoast-seo-wordpress\/ -->\n<title>New Lead Gen Google Ads - BuyhouseEZ - financiaci\u00f3n con ITIN.<\/title>\n<meta name=\"description\" content=\"Unlock your dream home with BuyHouseEZ Espa\u00f1ol! Discover seamless and stress-free home buying through tailored solutions. Start now!\" \/>\n<meta name=\"robots\" content=\"index, follow, max-snippet:-1, max-image-preview:large, max-video-preview:-1\" \/>\n<link rel=\"canonical\" href=\"https:\/\/buyhouseez.com\/es\/new-lead-gen\/\" \/>\n<meta property=\"og:locale\" content=\"en_US\" \/>\n<meta property=\"og:type\" content=\"article\" \/>\n<meta property=\"og:title\" content=\"New Lead Gen Google Ads - BuyhouseEZ - financiaci\u00f3n con ITIN.\" \/>\n<meta property=\"og:description\" content=\"Unlock your dream home with BuyHouseEZ Espa\u00f1ol! Discover seamless and stress-free home buying through tailored solutions. Start now!\" \/>\n<meta property=\"og:url\" content=\"https:\/\/buyhouseez.com\/es\/new-lead-gen\/\" \/>\n<meta property=\"og:site_name\" content=\"BuyhouseEZ - financiaci\u00f3n con ITIN.\" \/>\n<meta property=\"article:modified_time\" content=\"2024-01-16T05:48:13+00:00\" \/>\n<meta property=\"og:image\" content=\"https:\/\/buyhouseez.com\/es\/wp-content\/uploads\/sites\/2\/2023\/11\/GET-APPROVED.png\" \/>\n<meta name=\"twitter:card\" content=\"summary_large_image\" \/>\n<meta name=\"twitter:label1\" content=\"Est. reading time\" \/>\n\t<meta name=\"twitter:data1\" content=\"1 minute\" \/>\n<script type=\"application\/ld+json\" class=\"yoast-schema-graph\">{\"@context\":\"https:\\\/\\\/schema.org\",\"@graph\":[{\"@type\":\"WebPage\",\"@id\":\"https:\\\/\\\/buyhouseez.com\\\/es\\\/new-lead-gen\\\/\",\"url\":\"https:\\\/\\\/buyhouseez.com\\\/es\\\/new-lead-gen\\\/\",\"name\":\"New Lead Gen Google Ads - BuyhouseEZ - financiaci\u00f3n con ITIN.\",\"isPartOf\":{\"@id\":\"https:\\\/\\\/buyhouseez.com\\\/es\\\/#website\"},\"primaryImageOfPage\":{\"@id\":\"https:\\\/\\\/buyhouseez.com\\\/es\\\/new-lead-gen\\\/#primaryimage\"},\"image\":{\"@id\":\"https:\\\/\\\/buyhouseez.com\\\/es\\\/new-lead-gen\\\/#primaryimage\"},\"thumbnailUrl\":\"https:\\\/\\\/buyhouseez.com\\\/es\\\/wp-content\\\/uploads\\\/sites\\\/2\\\/2023\\\/11\\\/GET-APPROVED.png\",\"datePublished\":\"2023-11-02T11:58:08+00:00\",\"dateModified\":\"2024-01-16T05:48:13+00:00\",\"description\":\"Unlock your dream home with BuyHouseEZ Espa\u00f1ol! Discover seamless and stress-free home buying through tailored solutions. Start now!\",\"breadcrumb\":{\"@id\":\"https:\\\/\\\/buyhouseez.com\\\/es\\\/new-lead-gen\\\/#breadcrumb\"},\"inLanguage\":\"en-US\",\"potentialAction\":[{\"@type\":\"ReadAction\",\"target\":[\"https:\\\/\\\/buyhouseez.com\\\/es\\\/new-lead-gen\\\/\"]}]},{\"@type\":\"ImageObject\",\"inLanguage\":\"en-US\",\"@id\":\"https:\\\/\\\/buyhouseez.com\\\/es\\\/new-lead-gen\\\/#primaryimage\",\"url\":\"https:\\\/\\\/buyhouseez.com\\\/es\\\/wp-content\\\/uploads\\\/sites\\\/2\\\/2023\\\/11\\\/GET-APPROVED.png\",\"contentUrl\":\"https:\\\/\\\/buyhouseez.com\\\/es\\\/wp-content\\\/uploads\\\/sites\\\/2\\\/2023\\\/11\\\/GET-APPROVED.png\",\"width\":934,\"height\":918},{\"@type\":\"BreadcrumbList\",\"@id\":\"https:\\\/\\\/buyhouseez.com\\\/es\\\/new-lead-gen\\\/#breadcrumb\",\"itemListElement\":[{\"@type\":\"ListItem\",\"position\":1,\"name\":\"Home\",\"item\":\"https:\\\/\\\/buyhouseez.com\\\/es\\\/\"},{\"@type\":\"ListItem\",\"position\":2,\"name\":\"New Lead Gen Google Ads\"}]},{\"@type\":\"WebSite\",\"@id\":\"https:\\\/\\\/buyhouseez.com\\\/es\\\/#website\",\"url\":\"https:\\\/\\\/buyhouseez.com\\\/es\\\/\",\"name\":\"BuyhouseEZ - financiaci\u00f3n con ITIN.\",\"description\":\"Obt\u00e9n pr\u00e9stamos para comprar casa. Ayudamos a personas que est\u00e1n financieramente listas para comprar una vivienda pero no pueden obtener un pr\u00e9stamo tradicional.\",\"publisher\":{\"@id\":\"https:\\\/\\\/buyhouseez.com\\\/es\\\/#organization\"},\"potentialAction\":[{\"@type\":\"SearchAction\",\"target\":{\"@type\":\"EntryPoint\",\"urlTemplate\":\"https:\\\/\\\/buyhouseez.com\\\/es\\\/?s={search_term_string}\"},\"query-input\":{\"@type\":\"PropertyValueSpecification\",\"valueRequired\":true,\"valueName\":\"search_term_string\"}}],\"inLanguage\":\"en-US\"},{\"@type\":\"Organization\",\"@id\":\"https:\\\/\\\/buyhouseez.com\\\/es\\\/#organization\",\"name\":\"BuyhouseEZ - financiaci\u00f3n con ITIN.\",\"url\":\"https:\\\/\\\/buyhouseez.com\\\/es\\\/\",\"logo\":{\"@type\":\"ImageObject\",\"inLanguage\":\"en-US\",\"@id\":\"https:\\\/\\\/buyhouseez.com\\\/es\\\/#\\\/schema\\\/logo\\\/image\\\/\",\"url\":\"https:\\\/\\\/buyhouseez.com\\\/es\\\/wp-content\\\/uploads\\\/sites\\\/2\\\/2020\\\/09\\\/New-official-BuyHouseEZ-Logo_BHZ-EZ-1.png\",\"contentUrl\":\"https:\\\/\\\/buyhouseez.com\\\/es\\\/wp-content\\\/uploads\\\/sites\\\/2\\\/2020\\\/09\\\/New-official-BuyHouseEZ-Logo_BHZ-EZ-1.png\",\"width\":2801,\"height\":1095,\"caption\":\"BuyhouseEZ - financiaci\u00f3n con ITIN.\"},\"image\":{\"@id\":\"https:\\\/\\\/buyhouseez.com\\\/es\\\/#\\\/schema\\\/logo\\\/image\\\/\"}}]}<\/script>\n<!-- \/ Yoast SEO plugin. -->","yoast_head_json":{"title":"New Lead Gen Google Ads - BuyhouseEZ - financiaci\u00f3n con ITIN.","description":"Unlock your dream home with BuyHouseEZ Espa\u00f1ol! Discover seamless and stress-free home buying through tailored solutions. Start now!","robots":{"index":"index","follow":"follow","max-snippet":"max-snippet:-1","max-image-preview":"max-image-preview:large","max-video-preview":"max-video-preview:-1"},"canonical":"https:\/\/buyhouseez.com\/es\/new-lead-gen\/","og_locale":"en_US","og_type":"article","og_title":"New Lead Gen Google Ads - BuyhouseEZ - financiaci\u00f3n con ITIN.","og_description":"Unlock your dream home with BuyHouseEZ Espa\u00f1ol! Discover seamless and stress-free home buying through tailored solutions. Start now!","og_url":"https:\/\/buyhouseez.com\/es\/new-lead-gen\/","og_site_name":"BuyhouseEZ - financiaci\u00f3n con ITIN.","article_modified_time":"2024-01-16T05:48:13+00:00","og_image":[{"url":"https:\/\/buyhouseez.com\/es\/wp-content\/uploads\/sites\/2\/2023\/11\/GET-APPROVED.png","type":"","width":"","height":""}],"twitter_card":"summary_large_image","twitter_misc":{"Est. reading time":"1 minute"},"schema":{"@context":"https:\/\/schema.org","@graph":[{"@type":"WebPage","@id":"https:\/\/buyhouseez.com\/es\/new-lead-gen\/","url":"https:\/\/buyhouseez.com\/es\/new-lead-gen\/","name":"New Lead Gen Google Ads - BuyhouseEZ - financiaci\u00f3n con ITIN.","isPartOf":{"@id":"https:\/\/buyhouseez.com\/es\/#website"},"primaryImageOfPage":{"@id":"https:\/\/buyhouseez.com\/es\/new-lead-gen\/#primaryimage"},"image":{"@id":"https:\/\/buyhouseez.com\/es\/new-lead-gen\/#primaryimage"},"thumbnailUrl":"https:\/\/buyhouseez.com\/es\/wp-content\/uploads\/sites\/2\/2023\/11\/GET-APPROVED.png","datePublished":"2023-11-02T11:58:08+00:00","dateModified":"2024-01-16T05:48:13+00:00","description":"Unlock your dream home with BuyHouseEZ Espa\u00f1ol! Discover seamless and stress-free home buying through tailored solutions. Start now!","breadcrumb":{"@id":"https:\/\/buyhouseez.com\/es\/new-lead-gen\/#breadcrumb"},"inLanguage":"en-US","potentialAction":[{"@type":"ReadAction","target":["https:\/\/buyhouseez.com\/es\/new-lead-gen\/"]}]},{"@type":"ImageObject","inLanguage":"en-US","@id":"https:\/\/buyhouseez.com\/es\/new-lead-gen\/#primaryimage","url":"https:\/\/buyhouseez.com\/es\/wp-content\/uploads\/sites\/2\/2023\/11\/GET-APPROVED.png","contentUrl":"https:\/\/buyhouseez.com\/es\/wp-content\/uploads\/sites\/2\/2023\/11\/GET-APPROVED.png","width":934,"height":918},{"@type":"BreadcrumbList","@id":"https:\/\/buyhouseez.com\/es\/new-lead-gen\/#breadcrumb","itemListElement":[{"@type":"ListItem","position":1,"name":"Home","item":"https:\/\/buyhouseez.com\/es\/"},{"@type":"ListItem","position":2,"name":"New Lead Gen Google Ads"}]},{"@type":"WebSite","@id":"https:\/\/buyhouseez.com\/es\/#website","url":"https:\/\/buyhouseez.com\/es\/","name":"BuyhouseEZ - financiaci\u00f3n con ITIN.","description":"Obt\u00e9n pr\u00e9stamos para comprar casa. Ayudamos a personas que est\u00e1n financieramente listas para comprar una vivienda pero no pueden obtener un pr\u00e9stamo tradicional.","publisher":{"@id":"https:\/\/buyhouseez.com\/es\/#organization"},"potentialAction":[{"@type":"SearchAction","target":{"@type":"EntryPoint","urlTemplate":"https:\/\/buyhouseez.com\/es\/?s={search_term_string}"},"query-input":{"@type":"PropertyValueSpecification","valueRequired":true,"valueName":"search_term_string"}}],"inLanguage":"en-US"},{"@type":"Organization","@id":"https:\/\/buyhouseez.com\/es\/#organization","name":"BuyhouseEZ - financiaci\u00f3n con ITIN.","url":"https:\/\/buyhouseez.com\/es\/","logo":{"@type":"ImageObject","inLanguage":"en-US","@id":"https:\/\/buyhouseez.com\/es\/#\/schema\/logo\/image\/","url":"https:\/\/buyhouseez.com\/es\/wp-content\/uploads\/sites\/2\/2020\/09\/New-official-BuyHouseEZ-Logo_BHZ-EZ-1.png","contentUrl":"https:\/\/buyhouseez.com\/es\/wp-content\/uploads\/sites\/2\/2020\/09\/New-official-BuyHouseEZ-Logo_BHZ-EZ-1.png","width":2801,"height":1095,"caption":"BuyhouseEZ - financiaci\u00f3n con ITIN."},"image":{"@id":"https:\/\/buyhouseez.com\/es\/#\/schema\/logo\/image\/"}}]}},"_links":{"self":[{"href":"https:\/\/buyhouseez.com\/es\/wp-json\/wp\/v2\/pages\/2025","targetHints":{"allow":["GET"]}}],"collection":[{"href":"https:\/\/buyhouseez.com\/es\/wp-json\/wp\/v2\/pages"}],"about":[{"href":"https:\/\/buyhouseez.com\/es\/wp-json\/wp\/v2\/types\/page"}],"author":[{"embeddable":true,"href":"https:\/\/buyhouseez.com\/es\/wp-json\/wp\/v2\/users\/15"}],"replies":[{"embeddable":true,"href":"https:\/\/buyhouseez.com\/es\/wp-json\/wp\/v2\/comments?post=2025"}],"version-history":[{"count":63,"href":"https:\/\/buyhouseez.com\/es\/wp-json\/wp\/v2\/pages\/2025\/revisions"}],"predecessor-version":[{"id":2760,"href":"https:\/\/buyhouseez.com\/es\/wp-json\/wp\/v2\/pages\/2025\/revisions\/2760"}],"wp:attachment":[{"href":"https:\/\/buyhouseez.com\/es\/wp-json\/wp\/v2\/media?parent=2025"}],"curies":[{"name":"wp","href":"https:\/\/api.w.org\/{rel}","templated":true}]}}